{"id":6468,"date":"2025-09-24T15:27:10","date_gmt":"2025-09-24T13:27:10","guid":{"rendered":"https:\/\/nabss.org\/contacto\/"},"modified":"2025-11-11T16:40:03","modified_gmt":"2025-11-11T15:40:03","slug":"contacto","status":"publish","type":"page","link":"https:\/\/nabss.org\/es\/contacto\/","title":{"rendered":"Contacto"},"content":{"rendered":"\t\t<div data-elementor-type=\"wp-page\" data-elementor-id=\"6468\" class=\"elementor elementor-6468 elementor-2944\" data-elementor-post-type=\"page\">\n\t\t\t\t<div class=\"elementor-element elementor-element-3d493af7 e-flex e-con-boxed e-con e-parent\" data-id=\"3d493af7\" data-element_type=\"container\" data-e-type=\"container\">\n\t\t\t\t\t<div class=\"e-con-inner\">\n\t\t\t\t<div class=\"elementor-element elementor-element-7a856267 elementor-widget elementor-widget-spacer\" data-id=\"7a856267\" data-element_type=\"widget\" data-e-type=\"widget\" data-widget_type=\"spacer.default\">\n\t\t\t\t\t\t\t<div class=\"elementor-spacer\">\n\t\t\t<div class=\"elementor-spacer-inner\"><\/div>\n\t\t<\/div>\n\t\t\t\t\t\t<\/div>\n\t\t\t\t\t<\/div>\n\t\t\t\t<\/div>\n\t\t<div class=\"elementor-element elementor-element-3931050b fondo-gradiante e-flex e-con-boxed e-con e-parent\" data-id=\"3931050b\" data-element_type=\"container\" data-e-type=\"container\" data-settings=\"{&quot;background_background&quot;:&quot;classic&quot;}\">\n\t\t\t\t\t<div class=\"e-con-inner\">\n\t\t\t\t<div class=\"elementor-element elementor-element-416fead9 elementor-widget__width-initial elementor-widget elementor-widget-heading\" data-id=\"416fead9\" data-element_type=\"widget\" data-e-type=\"widget\" data-widget_type=\"heading.default\">\n\t\t\t\t\t<h1 class=\"elementor-heading-title elementor-size-default\">CONTACTA CON NOSOTROS<\/h1>\t\t\t\t<\/div>\n\t\t\t\t\t<\/div>\n\t\t\t\t<\/div>\n\t\t<div class=\"elementor-element elementor-element-73fa947 e-flex e-con-boxed e-con e-parent\" data-id=\"73fa947\" data-element_type=\"container\" data-e-type=\"container\" data-settings=\"{&quot;background_background&quot;:&quot;classic&quot;}\">\n\t\t\t\t\t<div class=\"e-con-inner\">\n\t\t<div class=\"elementor-element elementor-element-28b52a7 e-flex e-con-boxed e-con e-child\" data-id=\"28b52a7\" data-element_type=\"container\" data-e-type=\"container\">\n\t\t\t\t\t<div class=\"e-con-inner\">\n\t\t\t\t<div class=\"elementor-element elementor-element-ee98ccf elementor-widget elementor-widget-text-editor\" data-id=\"ee98ccf\" data-element_type=\"widget\" data-e-type=\"widget\" data-widget_type=\"text-editor.default\">\n\t\t\t\t\t\t\t\t\t<p style=\"font-weight: 400;\">Informaci\u00f3n sobre el tratamiento de sus datos personales de conformidad con el Reglamento (UE) 2016\/679 del Parlamento Europeo y del Consejo, de 27 de abril de 2016<\/p><p style=\"font-weight: 400;\"><strong>Responsable del tratamiento:<\/strong> ASSOCIATION OF BRITISH SCHOOLS IN SPAIN (NABSS)<br><strong>Finalidad:<\/strong> Mantenerle informado sobre los servicios prestados por la Asociaci\u00f3n.<br><strong>Base jur\u00eddica:<\/strong> Consentimiento del interesado o inter\u00e9s leg\u00edtimo.<br><strong>Destinatarios:<\/strong> Sus datos no se comunicar\u00e1n a terceros salvo que exista una obligaci\u00f3n legal para ello.<br><strong>Sus derechos:<\/strong> Tiene derecho a acceder, rectificar, suprimir y limitar el tratamiento de sus datos, as\u00ed como otros derechos en virtud de la legislaci\u00f3n aplicable en materia de protecci\u00f3n de datos. Puede ejercer estos derechos poni\u00e9ndose en contacto con nuestro Delegado de Protecci\u00f3n de Datos en: <a href=\"mailto:dpo.nabss@acade.es\">dpo.nabss@acade.es<\/a> <br><strong>M\u00e1s informaci\u00f3n:<\/strong> Puede encontrar informaci\u00f3n adicional y m\u00e1s detallada en nuestra pol\u00edtica de privacidad: <a href=\"https:\/\/nabss.org\/es\/\" data-saferedirecturl=\"https:\/\/www.google.com\/url?q=https:\/\/nabss.org\/es\/&amp;source=gmail&amp;ust=1762961653845000&amp;usg=AOvVaw3_Xb5_6Qpg8wwWkHSLCV-P\">https:\/\/nabss.org\/<\/a><\/p>\t\t\t\t\t\t\t\t<\/div>\n\t\t\t\t\t<\/div>\n\t\t\t\t<\/div>\n\t\t<div class=\"elementor-element elementor-element-e381f1a e-flex e-con-boxed e-con e-child\" data-id=\"e381f1a\" data-element_type=\"container\" data-e-type=\"container\">\n\t\t\t\t\t<div class=\"e-con-inner\">\n\t\t\t\t<div class=\"elementor-element elementor-element-54b6297 fondo-gradiante elementor-widget elementor-widget-heading\" data-id=\"54b6297\" data-element_type=\"widget\" data-e-type=\"widget\" data-widget_type=\"heading.default\">\n\t\t\t\t\t<h2 class=\"elementor-heading-title elementor-size-default\">CONTACTO<\/h2>\t\t\t\t<\/div>\n\t\t\t\t<div class=\"elementor-element elementor-element-7ec378b elementor-icon-list--layout-traditional elementor-list-item-link-full_width elementor-widget elementor-widget-icon-list\" data-id=\"7ec378b\" data-element_type=\"widget\" data-e-type=\"widget\" data-widget_type=\"icon-list.default\">\n\t\t\t\t\t\t\t<ul class=\"elementor-icon-list-items\">\n\t\t\t\t\t\t\t<li class=\"elementor-icon-list-item\">\n\t\t\t\t\t\t\t\t\t\t\t<span class=\"elementor-icon-list-icon\">\n\t\t\t\t\t\t\t<svg aria-hidden=\"true\" class=\"e-font-icon-svg e-fas-envelope\" viewBox=\"0 0 512 512\" xmlns=\"http:\/\/www.w3.org\/2000\/svg\"><path d=\"M502.3 190.8c3.9-3.1 9.7-.2 9.7 4.7V400c0 26.5-21.5 48-48 48H48c-26.5 0-48-21.5-48-48V195.6c0-5 5.7-7.8 9.7-4.7 22.4 17.4 52.1 39.5 154.1 113.6 21.1 15.4 56.7 47.8 92.2 47.6 35.7.3 72-32.8 92.3-47.6 102-74.1 131.6-96.3 154-113.7zM256 320c23.2.4 56.6-29.2 73.4-41.4 132.7-96.3 142.8-104.7 173.4-128.7 5.8-4.5 9.2-11.5 9.2-18.9v-19c0-26.5-21.5-48-48-48H48C21.5 64 0 85.5 0 112v19c0 7.4 3.4 14.3 9.2 18.9 30.6 23.9 40.7 32.4 173.4 128.7 16.8 12.2 50.2 41.8 73.4 41.4z\"><\/path><\/svg>\t\t\t\t\t\t<\/span>\n\t\t\t\t\t\t\t\t\t\t<span class=\"elementor-icon-list-text\">nabss@acade.es<\/span>\n\t\t\t\t\t\t\t\t\t<\/li>\n\t\t\t\t\t\t\t\t<li class=\"elementor-icon-list-item\">\n\t\t\t\t\t\t\t\t\t\t\t<span class=\"elementor-icon-list-icon\">\n\t\t\t\t\t\t\t<svg aria-hidden=\"true\" class=\"e-font-icon-svg e-fas-phone-alt\" viewBox=\"0 0 512 512\" xmlns=\"http:\/\/www.w3.org\/2000\/svg\"><path d=\"M497.39 361.8l-112-48a24 24 0 0 0-28 6.9l-49.6 60.6A370.66 370.66 0 0 1 130.6 204.11l60.6-49.6a23.94 23.94 0 0 0 6.9-28l-48-112A24.16 24.16 0 0 0 122.6.61l-104 24A24 24 0 0 0 0 48c0 256.5 207.9 464 464 464a24 24 0 0 0 23.4-18.6l24-104a24.29 24.29 0 0 0-14.01-27.6z\"><\/path><\/svg>\t\t\t\t\t\t<\/span>\n\t\t\t\t\t\t\t\t\t\t<span class=\"elementor-icon-list-text\">91 550 01 23<\/span>\n\t\t\t\t\t\t\t\t\t<\/li>\n\t\t\t\t\t\t<\/ul>\n\t\t\t\t\t\t<\/div>\n\t\t\t\t<div class=\"elementor-element elementor-element-1c281b0 fondo-gradiante elementor-widget elementor-widget-heading\" data-id=\"1c281b0\" data-element_type=\"widget\" data-e-type=\"widget\" data-widget_type=\"heading.default\">\n\t\t\t\t\t<h2 class=\"elementor-heading-title elementor-size-default\">UBICACI\u00d3N<\/h2>\t\t\t\t<\/div>\n\t\t\t\t<div class=\"elementor-element elementor-element-d3f0038 elementor-icon-list--layout-traditional elementor-list-item-link-full_width elementor-widget elementor-widget-icon-list\" data-id=\"d3f0038\" data-element_type=\"widget\" data-e-type=\"widget\" data-widget_type=\"icon-list.default\">\n\t\t\t\t\t\t\t<ul class=\"elementor-icon-list-items\">\n\t\t\t\t\t\t\t<li class=\"elementor-icon-list-item\">\n\t\t\t\t\t\t\t\t\t\t\t<span class=\"elementor-icon-list-icon\">\n\t\t\t\t\t\t\t<svg aria-hidden=\"true\" class=\"e-font-icon-svg e-fas-map-marker-alt\" viewBox=\"0 0 384 512\" xmlns=\"http:\/\/www.w3.org\/2000\/svg\"><path d=\"M172.268 501.67C26.97 291.031 0 269.413 0 192 0 85.961 85.961 0 192 0s192 85.961 192 192c0 77.413-26.97 99.031-172.268 309.67-9.535 13.774-29.93 13.773-39.464 0zM192 272c44.183 0 80-35.817 80-80s-35.817-80-80-80-80 35.817-80 80 35.817 80 80 80z\"><\/path><\/svg>\t\t\t\t\t\t<\/span>\n\t\t\t\t\t\t\t\t\t\t<span class=\"elementor-icon-list-text\">Calle de Ferraz, 85, 28008 Madrid<\/span>\n\t\t\t\t\t\t\t\t\t<\/li>\n\t\t\t\t\t\t<\/ul>\n\t\t\t\t\t\t<\/div>\n\t\t\t\t<div class=\"elementor-element elementor-element-27ec1e7 elementor-widget elementor-widget-google_maps\" data-id=\"27ec1e7\" data-element_type=\"widget\" data-e-type=\"widget\" data-widget_type=\"google_maps.default\">\n\t\t\t\t\t\t\t<div class=\"elementor-custom-embed\">\n\t\t\t<iframe loading=\"lazy\"\n\t\t\t\t\tsrc=\"https:\/\/maps.google.com\/maps?q=Calle%20de%20Ferraz%2C%2085%2C%2028008%20Madrid&#038;t=m&#038;z=12&#038;output=embed&#038;iwloc=near\"\n\t\t\t\t\ttitle=\"Calle de Ferraz, 85, 28008 Madrid\"\n\t\t\t\t\taria-label=\"Calle de Ferraz, 85, 28008 Madrid\"\n\t\t\t><\/iframe>\n\t\t<\/div>\n\t\t\t\t\t\t<\/div>\n\t\t\t\t\t<\/div>\n\t\t\t\t<\/div>\n\t\t\t\t\t<\/div>\n\t\t\t\t<\/div>\n\t\t\t\t<\/div>\n\t\t","protected":false},"excerpt":{"rendered":"<p>CONTACTA CON NOSOTROS Informaci\u00f3n sobre el tratamiento de sus datos personales de conformidad con el Reglamento (UE) 2016\/679 del Parlamento Europeo y del Consejo, de 27 de abril de 2016 Responsable del tratamiento: ASSOCIATION OF BRITISH SCHOOLS IN SPAIN (NABSS)Finalidad: Mantenerle informado sobre los servicios prestados por la Asociaci\u00f3n.Base jur\u00eddica: Consentimiento del interesado o inter\u00e9s [&hellip;]<\/p>\n","protected":false},"author":1,"featured_media":0,"parent":0,"menu_order":0,"comment_status":"closed","ping_status":"closed","template":"elementor_header_footer","meta":{"footnotes":""},"class_list":["post-6468","page","type-page","status-publish","hentry"],"yoast_head":"<!-- This site is optimized with the Yoast SEO Premium plugin v25.1 (Yoast SEO v27.1.1) - https:\/\/yoast.com\/product\/yoast-seo-premium-wordpress\/ -->\n<title>Contacto - NABSS<\/title>\n<meta name=\"robots\" content=\"index, follow, max-snippet:-1, max-image-preview:large, max-video-preview:-1\" \/>\n<link rel=\"canonical\" href=\"https:\/\/nabss.org\/es\/contacto\/\" \/>\n<meta property=\"og:locale\" content=\"es_ES\" \/>\n<meta property=\"og:type\" content=\"article\" \/>\n<meta property=\"og:title\" content=\"Contacto\" \/>\n<meta property=\"og:description\" content=\"CONTACTA CON NOSOTROS Informaci\u00f3n sobre el tratamiento de sus datos personales de conformidad con el Reglamento (UE) 2016\/679 del Parlamento Europeo y del Consejo, de 27 de abril de 2016 Responsable del tratamiento: ASSOCIATION OF BRITISH SCHOOLS IN SPAIN (NABSS)Finalidad: Mantenerle informado sobre los servicios prestados por la Asociaci\u00f3n.Base jur\u00eddica: Consentimiento del interesado o inter\u00e9s [&hellip;]\" \/>\n<meta property=\"og:url\" content=\"https:\/\/nabss.org\/es\/contacto\/\" \/>\n<meta property=\"og:site_name\" content=\"NABSS\" \/>\n<meta property=\"article:modified_time\" content=\"2025-11-11T15:40:03+00:00\" \/>\n<meta name=\"twitter:card\" content=\"summary_large_image\" \/>\n<meta name=\"twitter:label1\" content=\"Tiempo de lectura\" \/>\n\t<meta name=\"twitter:data1\" content=\"1 minuto\" \/>\n<script type=\"application\/ld+json\" class=\"yoast-schema-graph\">{\"@context\":\"https:\/\/schema.org\",\"@graph\":[{\"@type\":\"WebPage\",\"@id\":\"https:\/\/nabss.org\/es\/contacto\/\",\"url\":\"https:\/\/nabss.org\/es\/contacto\/\",\"name\":\"Contacto - NABSS\",\"isPartOf\":{\"@id\":\"https:\/\/nabss.org\/es\/#website\"},\"datePublished\":\"2025-09-24T13:27:10+00:00\",\"dateModified\":\"2025-11-11T15:40:03+00:00\",\"breadcrumb\":{\"@id\":\"https:\/\/nabss.org\/es\/contacto\/#breadcrumb\"},\"inLanguage\":\"es\",\"potentialAction\":[{\"@type\":\"ReadAction\",\"target\":[\"https:\/\/nabss.org\/es\/contacto\/\"]}]},{\"@type\":\"BreadcrumbList\",\"@id\":\"https:\/\/nabss.org\/es\/contacto\/#breadcrumb\",\"itemListElement\":[{\"@type\":\"ListItem\",\"position\":1,\"name\":\"Portada\",\"item\":\"https:\/\/nabss.org\/es\/\"},{\"@type\":\"ListItem\",\"position\":2,\"name\":\"Contacto\"}]},{\"@type\":\"WebSite\",\"@id\":\"https:\/\/nabss.org\/es\/#website\",\"url\":\"https:\/\/nabss.org\/es\/\",\"name\":\"NABSS\",\"description\":\"Representing the leading British schools in Spain since 1978.\",\"publisher\":{\"@id\":\"https:\/\/nabss.org\/es\/#organization\"},\"potentialAction\":[{\"@type\":\"SearchAction\",\"target\":{\"@type\":\"EntryPoint\",\"urlTemplate\":\"https:\/\/nabss.org\/es\/?s={search_term_string}\"},\"query-input\":{\"@type\":\"PropertyValueSpecification\",\"valueRequired\":true,\"valueName\":\"search_term_string\"}}],\"inLanguage\":\"es\"},{\"@type\":\"Organization\",\"@id\":\"https:\/\/nabss.org\/es\/#organization\",\"name\":\"NABSS\",\"url\":\"https:\/\/nabss.org\/es\/\",\"logo\":{\"@type\":\"ImageObject\",\"inLanguage\":\"es\",\"@id\":\"https:\/\/nabss.org\/es\/#\/schema\/logo\/image\/\",\"url\":\"https:\/\/nabss.org\/wp-content\/uploads\/2025\/08\/logo_NABSS_web-1.png\",\"contentUrl\":\"https:\/\/nabss.org\/wp-content\/uploads\/2025\/08\/logo_NABSS_web-1.png\",\"width\":700,\"height\":296,\"caption\":\"NABSS\"},\"image\":{\"@id\":\"https:\/\/nabss.org\/es\/#\/schema\/logo\/image\/\"}}]}<\/script>\n<!-- \/ Yoast SEO Premium plugin. -->","yoast_head_json":{"title":"Contacto - NABSS","robots":{"index":"index","follow":"follow","max-snippet":"max-snippet:-1","max-image-preview":"max-image-preview:large","max-video-preview":"max-video-preview:-1"},"canonical":"https:\/\/nabss.org\/es\/contacto\/","og_locale":"es_ES","og_type":"article","og_title":"Contacto","og_description":"CONTACTA CON NOSOTROS Informaci\u00f3n sobre el tratamiento de sus datos personales de conformidad con el Reglamento (UE) 2016\/679 del Parlamento Europeo y del Consejo, de 27 de abril de 2016 Responsable del tratamiento: ASSOCIATION OF BRITISH SCHOOLS IN SPAIN (NABSS)Finalidad: Mantenerle informado sobre los servicios prestados por la Asociaci\u00f3n.Base jur\u00eddica: Consentimiento del interesado o inter\u00e9s [&hellip;]","og_url":"https:\/\/nabss.org\/es\/contacto\/","og_site_name":"NABSS","article_modified_time":"2025-11-11T15:40:03+00:00","twitter_card":"summary_large_image","twitter_misc":{"Tiempo de lectura":"1 minuto"},"schema":{"@context":"https:\/\/schema.org","@graph":[{"@type":"WebPage","@id":"https:\/\/nabss.org\/es\/contacto\/","url":"https:\/\/nabss.org\/es\/contacto\/","name":"Contacto - NABSS","isPartOf":{"@id":"https:\/\/nabss.org\/es\/#website"},"datePublished":"2025-09-24T13:27:10+00:00","dateModified":"2025-11-11T15:40:03+00:00","breadcrumb":{"@id":"https:\/\/nabss.org\/es\/contacto\/#breadcrumb"},"inLanguage":"es","potentialAction":[{"@type":"ReadAction","target":["https:\/\/nabss.org\/es\/contacto\/"]}]},{"@type":"BreadcrumbList","@id":"https:\/\/nabss.org\/es\/contacto\/#breadcrumb","itemListElement":[{"@type":"ListItem","position":1,"name":"Portada","item":"https:\/\/nabss.org\/es\/"},{"@type":"ListItem","position":2,"name":"Contacto"}]},{"@type":"WebSite","@id":"https:\/\/nabss.org\/es\/#website","url":"https:\/\/nabss.org\/es\/","name":"NABSS","description":"Representing the leading British schools in Spain since 1978.","publisher":{"@id":"https:\/\/nabss.org\/es\/#organization"},"potentialAction":[{"@type":"SearchAction","target":{"@type":"EntryPoint","urlTemplate":"https:\/\/nabss.org\/es\/?s={search_term_string}"},"query-input":{"@type":"PropertyValueSpecification","valueRequired":true,"valueName":"search_term_string"}}],"inLanguage":"es"},{"@type":"Organization","@id":"https:\/\/nabss.org\/es\/#organization","name":"NABSS","url":"https:\/\/nabss.org\/es\/","logo":{"@type":"ImageObject","inLanguage":"es","@id":"https:\/\/nabss.org\/es\/#\/schema\/logo\/image\/","url":"https:\/\/nabss.org\/wp-content\/uploads\/2025\/08\/logo_NABSS_web-1.png","contentUrl":"https:\/\/nabss.org\/wp-content\/uploads\/2025\/08\/logo_NABSS_web-1.png","width":700,"height":296,"caption":"NABSS"},"image":{"@id":"https:\/\/nabss.org\/es\/#\/schema\/logo\/image\/"}}]}},"_links":{"self":[{"href":"https:\/\/nabss.org\/es\/wp-json\/wp\/v2\/pages\/6468","targetHints":{"allow":["GET"]}}],"collection":[{"href":"https:\/\/nabss.org\/es\/wp-json\/wp\/v2\/pages"}],"about":[{"href":"https:\/\/nabss.org\/es\/wp-json\/wp\/v2\/types\/page"}],"author":[{"embeddable":true,"href":"https:\/\/nabss.org\/es\/wp-json\/wp\/v2\/users\/1"}],"replies":[{"embeddable":true,"href":"https:\/\/nabss.org\/es\/wp-json\/wp\/v2\/comments?post=6468"}],"version-history":[{"count":2,"href":"https:\/\/nabss.org\/es\/wp-json\/wp\/v2\/pages\/6468\/revisions"}],"predecessor-version":[{"id":7682,"href":"https:\/\/nabss.org\/es\/wp-json\/wp\/v2\/pages\/6468\/revisions\/7682"}],"wp:attachment":[{"href":"https:\/\/nabss.org\/es\/wp-json\/wp\/v2\/media?parent=6468"}],"curies":[{"name":"wp","href":"https:\/\/api.w.org\/{rel}","templated":true}]}}