{"id":6521,"date":"2025-11-05T16:43:56","date_gmt":"2025-11-05T15:43:56","guid":{"rendered":"https:\/\/nabss.org\/participacion-estudiantil\/"},"modified":"2026-03-04T13:45:09","modified_gmt":"2026-03-04T12:45:09","slug":"participacion-estudiantil","status":"publish","type":"page","link":"https:\/\/nabss.org\/es\/participacion-estudiantil\/","title":{"rendered":"Participaci\u00f3n estudiantil"},"content":{"rendered":"\t\t<div data-elementor-type=\"wp-page\" data-elementor-id=\"6521\" class=\"elementor elementor-6521 elementor-6391\" data-elementor-post-type=\"page\">\n\t\t\t\t<div class=\"elementor-element elementor-element-e56829c e-con-full e-flex e-con e-child\" data-id=\"e56829c\" data-element_type=\"container\" data-e-type=\"container\" data-settings=\"{&quot;background_background&quot;:&quot;classic&quot;}\">\n\t\t<div class=\"elementor-element elementor-element-22dbebd e-flex e-con-boxed e-con e-child\" data-id=\"22dbebd\" data-element_type=\"container\" data-e-type=\"container\" data-settings=\"{&quot;background_background&quot;:&quot;classic&quot;}\">\n\t\t\t\t\t<div class=\"e-con-inner\">\n\t\t\t\t<div class=\"elementor-element elementor-element-5d38893 elementor-widget__width-initial elementor-widget elementor-widget-heading\" data-id=\"5d38893\" data-element_type=\"widget\" data-e-type=\"widget\" data-widget_type=\"heading.default\">\n\t\t\t\t\t<h1 class=\"elementor-heading-title elementor-size-default\">Estudiante<\/h1>\t\t\t\t<\/div>\n\t\t\t\t<div class=\"elementor-element elementor-element-c17bb14 elementor-widget__width-initial elementor-widget elementor-widget-heading\" data-id=\"c17bb14\" data-element_type=\"widget\" data-e-type=\"widget\" data-widget_type=\"heading.default\">\n\t\t\t\t\t<h1 class=\"elementor-heading-title elementor-size-default\">Participaci\u00f3n<\/h1>\t\t\t\t<\/div>\n\t\t\t\t\t<\/div>\n\t\t\t\t<\/div>\n\t\t\t\t<\/div>\n\t\t<div class=\"elementor-element elementor-element-202b6c1 e-flex e-con-boxed e-con e-parent\" data-id=\"202b6c1\" data-element_type=\"container\" data-e-type=\"container\">\n\t\t\t\t\t<div class=\"e-con-inner\">\n\t\t<div class=\"elementor-element elementor-element-9ae479c e-con-full e-flex e-con e-child\" data-id=\"9ae479c\" data-element_type=\"container\" data-e-type=\"container\">\n\t\t\t\t<div class=\"elementor-element elementor-element-98aa075 elementor-widget elementor-widget-heading\" data-id=\"98aa075\" data-element_type=\"widget\" data-e-type=\"widget\" data-widget_type=\"heading.default\">\n\t\t\t\t\t<h3 class=\"elementor-heading-title elementor-size-default\">NABSS lanza el concurso de oratoria 2025\u20132026: \u201cAprender sin fronteras\u201d<\/h3>\t\t\t\t<\/div>\n\t\t\t\t<div class=\"elementor-element elementor-element-c19eb98 elementor-widget elementor-widget-text-editor\" data-id=\"c19eb98\" data-element_type=\"widget\" data-e-type=\"widget\" data-widget_type=\"text-editor.default\">\n\t\t\t\t\t\t\t\t\t<p>La Asociaci\u00f3n Nacional de Colegios Brit\u00e1nicos en Espa\u00f1a (NABSS) se complace en anunciar el lanzamiento de su Concurso de Oratoria 2025\u20132026, una celebraci\u00f3n de la creatividad y el pensamiento global inspirada en el tema de la conferencia de este a\u00f1o, Aprender sin fronteras.<\/p><p>La comunidad NABSS se une para defender la voz de los estudiantes y celebrar el esp\u00edritu de la educaci\u00f3n brit\u00e1nica en Espa\u00f1a. El tema de este a\u00f1o invita a los estudiantes a reflexionar sobre lo que realmente significa aprender sin l\u00edmites, a pensar m\u00e1s all\u00e1 de las aulas, las culturas y las convenciones, y a compartir su visi\u00f3n del aprendizaje en un mundo interconectado. <\/p><p>Abierto a todos los colegios miembros de NABSS, el concurso admite candidaturas de tres grupos de edad: Upper Key Stage 2, Secundaria y Post-16. Se anima a los colegios a organizar sus propios concursos internos, dando a los estudiantes la oportunidad de mostrar sus ideas y su pasi\u00f3n por el aprendizaje antes de seleccionar a un finalista en cada categor\u00eda.  <\/p><p>Cada finalista preparar\u00e1 un breve discurso, de entre tres y cinco minutos de duraci\u00f3n, en el que expresar\u00e1 su interpretaci\u00f3n personal de \u201cAprender sin fronteras\u201d. Se trata de un concurso individual, dise\u00f1ado para destacar la voz, la originalidad y la confianza de cada estudiante. <\/p><p>Para garantizar la equidad y la coherencia, todos los discursos deber\u00e1n grabarse sobre un fondo blanco o negro liso, sin uniformes escolares ni elementos identificativos visibles. Cada candidatura deber\u00e1 ir acompa\u00f1ada de un formulario de consentimiento de protecci\u00f3n de datos y de imagen firmado. <\/p><p>Los ganadores recibir\u00e1n un reconocimiento especial de NABSS y de sus colegios, junto con prestigiosos premios que celebrar\u00e1n sus logros. Tambi\u00e9n tendr\u00e1n el honor de presentar sus discursos en la Conferencia Anual de NABSS en Sitges el 6 de marzo de 2026, ya sea en persona o virtualmente, una maravillosa oportunidad para compartir sus ideas con educadores de toda Espa\u00f1a. <\/p><p>El Concurso de Oratoria de NABSS sigue siendo un punto culminante del a\u00f1o acad\u00e9mico, ofreciendo a los j\u00f3venes una plataforma para expresar sus ideas, compartir sus perspectivas y desarrollar la confianza necesaria para comunicarse en un escenario global.<\/p><p>Celebremos la creatividad, la curiosidad y el valor de nuestros estudiantes mientras exploran lo que significa aprender verdaderamente sin fronteras.<\/p><p>Para m\u00e1s detalles o consultas, p\u00f3ngase en contacto con la oficina de NABSS.<\/p>\t\t\t\t\t\t\t\t<\/div>\n\t\t\t\t<\/div>\n\t\t\t\t\t<\/div>\n\t\t\t\t<\/div>\n\t\t<div class=\"elementor-element elementor-element-eb306ba e-con-full e-flex e-con e-parent\" data-id=\"eb306ba\" data-element_type=\"container\" data-e-type=\"container\">\n\t\t\t\t<div class=\"elementor-element elementor-element-c7bf0e1 fondo-gradiante elementor-widget-divider--view-line elementor-widget elementor-widget-divider\" data-id=\"c7bf0e1\" data-element_type=\"widget\" data-e-type=\"widget\" data-widget_type=\"divider.default\">\n\t\t\t\t\t\t\t<div class=\"elementor-divider\">\n\t\t\t<span class=\"elementor-divider-separator\">\n\t\t\t\t\t\t<\/span>\n\t\t<\/div>\n\t\t\t\t\t\t<\/div>\n\t\t\t\t<\/div>\n\t\t\t\t<\/div>\n\t\t","protected":false},"excerpt":{"rendered":"<p>Estudiante Participaci\u00f3n NABSS lanza el concurso de oratoria 2025\u20132026: \u201cAprender sin fronteras\u201d La Asociaci\u00f3n Nacional de Colegios Brit\u00e1nicos en Espa\u00f1a (NABSS) se complace en anunciar el lanzamiento de su Concurso de Oratoria 2025\u20132026, una celebraci\u00f3n de la creatividad y el pensamiento global inspirada en el tema de la conferencia de este a\u00f1o, Aprender sin fronteras. [&hellip;]<\/p>\n","protected":false},"author":1,"featured_media":0,"parent":0,"menu_order":0,"comment_status":"closed","ping_status":"closed","template":"elementor_header_footer","meta":{"footnotes":""},"class_list":["post-6521","page","type-page","status-publish","hentry"],"yoast_head":"<!-- This site is optimized with the Yoast SEO Premium plugin v25.1 (Yoast SEO v27.1.1) - https:\/\/yoast.com\/product\/yoast-seo-premium-wordpress\/ -->\n<title>Participaci\u00f3n estudiantil - NABSS<\/title>\n<meta name=\"robots\" content=\"noindex, nofollow\" \/>\n<meta property=\"og:locale\" content=\"es_ES\" \/>\n<meta property=\"og:type\" content=\"article\" \/>\n<meta property=\"og:title\" content=\"Participaci\u00f3n estudiantil\" \/>\n<meta property=\"og:description\" content=\"Estudiante Participaci\u00f3n NABSS lanza el concurso de oratoria 2025\u20132026: \u201cAprender sin fronteras\u201d La Asociaci\u00f3n Nacional de Colegios Brit\u00e1nicos en Espa\u00f1a (NABSS) se complace en anunciar el lanzamiento de su Concurso de Oratoria 2025\u20132026, una celebraci\u00f3n de la creatividad y el pensamiento global inspirada en el tema de la conferencia de este a\u00f1o, Aprender sin fronteras. [&hellip;]\" \/>\n<meta property=\"og:url\" content=\"https:\/\/nabss.org\/es\/participacion-estudiantil\/\" \/>\n<meta property=\"og:site_name\" content=\"NABSS\" \/>\n<meta property=\"article:modified_time\" content=\"2026-03-04T12:45:09+00:00\" \/>\n<meta name=\"twitter:card\" content=\"summary_large_image\" \/>\n<meta name=\"twitter:label1\" content=\"Tiempo de lectura\" \/>\n\t<meta name=\"twitter:data1\" content=\"2 minutos\" \/>\n<script type=\"application\/ld+json\" class=\"yoast-schema-graph\">{\"@context\":\"https:\/\/schema.org\",\"@graph\":[{\"@type\":\"WebPage\",\"@id\":\"https:\/\/nabss.org\/es\/participacion-estudiantil\/\",\"url\":\"https:\/\/nabss.org\/es\/participacion-estudiantil\/\",\"name\":\"Participaci\u00f3n estudiantil - NABSS\",\"isPartOf\":{\"@id\":\"https:\/\/nabss.org\/es\/#website\"},\"datePublished\":\"2025-11-05T15:43:56+00:00\",\"dateModified\":\"2026-03-04T12:45:09+00:00\",\"breadcrumb\":{\"@id\":\"https:\/\/nabss.org\/es\/participacion-estudiantil\/#breadcrumb\"},\"inLanguage\":\"es\",\"potentialAction\":[{\"@type\":\"ReadAction\",\"target\":[\"https:\/\/nabss.org\/es\/participacion-estudiantil\/\"]}]},{\"@type\":\"BreadcrumbList\",\"@id\":\"https:\/\/nabss.org\/es\/participacion-estudiantil\/#breadcrumb\",\"itemListElement\":[{\"@type\":\"ListItem\",\"position\":1,\"name\":\"Portada\",\"item\":\"https:\/\/nabss.org\/es\/\"},{\"@type\":\"ListItem\",\"position\":2,\"name\":\"Participaci\u00f3n estudiantil\"}]},{\"@type\":\"WebSite\",\"@id\":\"https:\/\/nabss.org\/es\/#website\",\"url\":\"https:\/\/nabss.org\/es\/\",\"name\":\"NABSS\",\"description\":\"Representing the leading British schools in Spain since 1978.\",\"publisher\":{\"@id\":\"https:\/\/nabss.org\/es\/#organization\"},\"potentialAction\":[{\"@type\":\"SearchAction\",\"target\":{\"@type\":\"EntryPoint\",\"urlTemplate\":\"https:\/\/nabss.org\/es\/?s={search_term_string}\"},\"query-input\":{\"@type\":\"PropertyValueSpecification\",\"valueRequired\":true,\"valueName\":\"search_term_string\"}}],\"inLanguage\":\"es\"},{\"@type\":\"Organization\",\"@id\":\"https:\/\/nabss.org\/es\/#organization\",\"name\":\"NABSS\",\"url\":\"https:\/\/nabss.org\/es\/\",\"logo\":{\"@type\":\"ImageObject\",\"inLanguage\":\"es\",\"@id\":\"https:\/\/nabss.org\/es\/#\/schema\/logo\/image\/\",\"url\":\"https:\/\/nabss.org\/wp-content\/uploads\/2025\/08\/logo_NABSS_web-1.png\",\"contentUrl\":\"https:\/\/nabss.org\/wp-content\/uploads\/2025\/08\/logo_NABSS_web-1.png\",\"width\":700,\"height\":296,\"caption\":\"NABSS\"},\"image\":{\"@id\":\"https:\/\/nabss.org\/es\/#\/schema\/logo\/image\/\"}}]}<\/script>\n<!-- \/ Yoast SEO Premium plugin. -->","yoast_head_json":{"title":"Participaci\u00f3n estudiantil - NABSS","robots":{"index":"noindex","follow":"nofollow"},"og_locale":"es_ES","og_type":"article","og_title":"Participaci\u00f3n estudiantil","og_description":"Estudiante Participaci\u00f3n NABSS lanza el concurso de oratoria 2025\u20132026: \u201cAprender sin fronteras\u201d La Asociaci\u00f3n Nacional de Colegios Brit\u00e1nicos en Espa\u00f1a (NABSS) se complace en anunciar el lanzamiento de su Concurso de Oratoria 2025\u20132026, una celebraci\u00f3n de la creatividad y el pensamiento global inspirada en el tema de la conferencia de este a\u00f1o, Aprender sin fronteras. [&hellip;]","og_url":"https:\/\/nabss.org\/es\/participacion-estudiantil\/","og_site_name":"NABSS","article_modified_time":"2026-03-04T12:45:09+00:00","twitter_card":"summary_large_image","twitter_misc":{"Tiempo de lectura":"2 minutos"},"schema":{"@context":"https:\/\/schema.org","@graph":[{"@type":"WebPage","@id":"https:\/\/nabss.org\/es\/participacion-estudiantil\/","url":"https:\/\/nabss.org\/es\/participacion-estudiantil\/","name":"Participaci\u00f3n estudiantil - NABSS","isPartOf":{"@id":"https:\/\/nabss.org\/es\/#website"},"datePublished":"2025-11-05T15:43:56+00:00","dateModified":"2026-03-04T12:45:09+00:00","breadcrumb":{"@id":"https:\/\/nabss.org\/es\/participacion-estudiantil\/#breadcrumb"},"inLanguage":"es","potentialAction":[{"@type":"ReadAction","target":["https:\/\/nabss.org\/es\/participacion-estudiantil\/"]}]},{"@type":"BreadcrumbList","@id":"https:\/\/nabss.org\/es\/participacion-estudiantil\/#breadcrumb","itemListElement":[{"@type":"ListItem","position":1,"name":"Portada","item":"https:\/\/nabss.org\/es\/"},{"@type":"ListItem","position":2,"name":"Participaci\u00f3n estudiantil"}]},{"@type":"WebSite","@id":"https:\/\/nabss.org\/es\/#website","url":"https:\/\/nabss.org\/es\/","name":"NABSS","description":"Representing the leading British schools in Spain since 1978.","publisher":{"@id":"https:\/\/nabss.org\/es\/#organization"},"potentialAction":[{"@type":"SearchAction","target":{"@type":"EntryPoint","urlTemplate":"https:\/\/nabss.org\/es\/?s={search_term_string}"},"query-input":{"@type":"PropertyValueSpecification","valueRequired":true,"valueName":"search_term_string"}}],"inLanguage":"es"},{"@type":"Organization","@id":"https:\/\/nabss.org\/es\/#organization","name":"NABSS","url":"https:\/\/nabss.org\/es\/","logo":{"@type":"ImageObject","inLanguage":"es","@id":"https:\/\/nabss.org\/es\/#\/schema\/logo\/image\/","url":"https:\/\/nabss.org\/wp-content\/uploads\/2025\/08\/logo_NABSS_web-1.png","contentUrl":"https:\/\/nabss.org\/wp-content\/uploads\/2025\/08\/logo_NABSS_web-1.png","width":700,"height":296,"caption":"NABSS"},"image":{"@id":"https:\/\/nabss.org\/es\/#\/schema\/logo\/image\/"}}]}},"_links":{"self":[{"href":"https:\/\/nabss.org\/es\/wp-json\/wp\/v2\/pages\/6521","targetHints":{"allow":["GET"]}}],"collection":[{"href":"https:\/\/nabss.org\/es\/wp-json\/wp\/v2\/pages"}],"about":[{"href":"https:\/\/nabss.org\/es\/wp-json\/wp\/v2\/types\/page"}],"author":[{"embeddable":true,"href":"https:\/\/nabss.org\/es\/wp-json\/wp\/v2\/users\/1"}],"replies":[{"embeddable":true,"href":"https:\/\/nabss.org\/es\/wp-json\/wp\/v2\/comments?post=6521"}],"version-history":[{"count":1,"href":"https:\/\/nabss.org\/es\/wp-json\/wp\/v2\/pages\/6521\/revisions"}],"predecessor-version":[{"id":6523,"href":"https:\/\/nabss.org\/es\/wp-json\/wp\/v2\/pages\/6521\/revisions\/6523"}],"wp:attachment":[{"href":"https:\/\/nabss.org\/es\/wp-json\/wp\/v2\/media?parent=6521"}],"curies":[{"name":"wp","href":"https:\/\/api.w.org\/{rel}","templated":true}]}}