{"id":6538,"date":"2025-10-24T11:13:26","date_gmt":"2025-10-24T09:13:26","guid":{"rendered":"https:\/\/nabss.org\/la-ventaja-de-nabss\/"},"modified":"2026-03-04T13:47:30","modified_gmt":"2026-03-04T12:47:30","slug":"la-ventaja-de-nabss","status":"publish","type":"page","link":"https:\/\/nabss.org\/es\/la-ventaja-de-nabss\/","title":{"rendered":"La ventaja de NABSS"},"content":{"rendered":"\t\t<div data-elementor-type=\"wp-page\" data-elementor-id=\"6538\" class=\"elementor elementor-6538 elementor-5673\" data-elementor-post-type=\"page\">\n\t\t\t\t<div class=\"elementor-element elementor-element-e56829c e-con-full e-flex e-con e-child\" data-id=\"e56829c\" data-element_type=\"container\" data-e-type=\"container\" data-settings=\"{&quot;background_background&quot;:&quot;classic&quot;}\">\n\t\t<div class=\"elementor-element elementor-element-22dbebd e-flex e-con-boxed e-con e-child\" data-id=\"22dbebd\" data-element_type=\"container\" data-e-type=\"container\" data-settings=\"{&quot;background_background&quot;:&quot;classic&quot;}\">\n\t\t\t\t\t<div class=\"e-con-inner\">\n\t\t\t\t<div class=\"elementor-element elementor-element-5d38893 elementor-widget__width-initial elementor-widget elementor-widget-heading\" data-id=\"5d38893\" data-element_type=\"widget\" data-e-type=\"widget\" data-widget_type=\"heading.default\">\n\t\t\t\t\t<h1 class=\"elementor-heading-title elementor-size-default\">Un camino internacional hacia la universidad<\/h1>\t\t\t\t<\/div>\n\t\t\t\t\t<\/div>\n\t\t\t\t<\/div>\n\t\t\t\t<\/div>\n\t\t<div class=\"elementor-element elementor-element-258dff9 e-flex e-con-boxed e-con e-parent\" data-id=\"258dff9\" data-element_type=\"container\" data-e-type=\"container\">\n\t\t\t\t\t<div class=\"e-con-inner\">\n\t\t\t\t<div class=\"elementor-element elementor-element-4ad324a elementor-widget__width-inherit elementor-widget elementor-widget-heading\" data-id=\"4ad324a\" data-element_type=\"widget\" data-e-type=\"widget\" data-widget_type=\"heading.default\">\n\t\t\t\t\t<h2 class=\"elementor-heading-title elementor-size-default\">Todo lo que necesita saber sobre las oportunidades de educaci\u00f3n superior de un colegio NABSS\n<\/h2>\t\t\t\t<\/div>\n\t\t\t\t<div class=\"elementor-element elementor-element-ecce210 elementor-widget elementor-widget-text-editor\" data-id=\"ecce210\" data-element_type=\"widget\" data-e-type=\"widget\" data-widget_type=\"text-editor.default\">\n\t\t\t\t\t\t\t\t\t<p style=\"text-align: center;\">Los alumnos que asisten a colegios brit\u00e1nicos en Espa\u00f1a tienen acceso a universidades en Espa\u00f1a, el Reino Unido y en todo el mundo. Gracias a las cualificaciones reconocidas internacionalmente (IGCSE y A-Levels) y a los procedimientos oficiales de convalidaci\u00f3n, la transici\u00f3n a la educaci\u00f3n superior est\u00e1 totalmente respaldada y garantizada. <\/p>\t\t\t\t\t\t\t\t<\/div>\n\t\t\t\t\t<\/div>\n\t\t\t\t<\/div>\n\t\t<div class=\"elementor-element elementor-element-423e2fc e-con-full e-flex e-con e-parent\" data-id=\"423e2fc\" data-element_type=\"container\" data-e-type=\"container\" data-settings=\"{&quot;background_background&quot;:&quot;classic&quot;}\">\n\t\t\t\t<div class=\"elementor-element elementor-element-39a6e60 elementor-widget__width-inherit elementor-widget elementor-widget-heading\" data-id=\"39a6e60\" data-element_type=\"widget\" data-e-type=\"widget\" data-widget_type=\"heading.default\">\n\t\t\t\t\t<h3 class=\"elementor-heading-title elementor-size-default\">Acceso a la universidad en diferentes pa\u00edses<\/h3>\t\t\t\t<\/div>\n\t\t<div class=\"elementor-element elementor-element-da1e265 e-grid e-con-full e-con e-child\" data-id=\"da1e265\" data-element_type=\"container\" data-e-type=\"container\">\n\t\t<div class=\"elementor-element elementor-element-7993e60 e-con-full e-flex e-con e-child\" data-id=\"7993e60\" data-element_type=\"container\" data-e-type=\"container\">\n\t\t<div class=\"elementor-element elementor-element-756ed8f e-con-full e-flex e-con e-child\" data-id=\"756ed8f\" data-element_type=\"container\" data-e-type=\"container\" data-settings=\"{&quot;background_background&quot;:&quot;classic&quot;}\">\n\t\t\t\t<div class=\"elementor-element elementor-element-1d86f3c elementor-widget elementor-widget-image\" data-id=\"1d86f3c\" data-element_type=\"widget\" data-e-type=\"widget\" data-widget_type=\"image.default\">\n\t\t\t\t\t\t\t\t\t\t\t\t\t\t\t<img decoding=\"async\" width=\"222\" height=\"187\" src=\"https:\/\/nabss.org\/wp-content\/uploads\/2025\/10\/spain.png\" class=\"attachment-large size-large wp-image-6539\" alt=\"\" \/>\t\t\t\t\t\t\t\t\t\t\t\t\t\t\t<\/div>\n\t\t\t\t<\/div>\n\t\t<div class=\"elementor-element elementor-element-e1264c3 e-con-full fondo-gradiante e-flex e-con e-child\" data-id=\"e1264c3\" data-element_type=\"container\" data-e-type=\"container\">\n\t\t\t\t<div class=\"elementor-element elementor-element-7d06a95 elementor-widget elementor-widget-heading\" data-id=\"7d06a95\" data-element_type=\"widget\" data-e-type=\"widget\" data-widget_type=\"heading.default\">\n\t\t\t\t\t<h5 class=\"elementor-heading-title elementor-size-default\">Universidades en Espa\u00f1a<\/h5>\t\t\t\t<\/div>\n\t\t\t\t<div class=\"elementor-element elementor-element-e0192da elementor-widget elementor-widget-text-editor\" data-id=\"e0192da\" data-element_type=\"widget\" data-e-type=\"widget\" data-widget_type=\"text-editor.default\">\n\t\t\t\t\t\t\t\t\t<p>Los alumnos que completan sus estudios con cualificaciones A-Level pueden acceder a las universidades espa\u00f1olas a trav\u00e9s de un proceso oficial de equivalencia y, si lo desean, present\u00e1ndose a ex\u00e1menes de competencias espec\u00edficos (PCE \/ UNEDassis) para mejorar sus notas de admisi\u00f3n.<\/p><ul><li>Los A-Levels est\u00e1n reconocidos oficialmente como equivalentes al Bachillerato espa\u00f1ol.<\/li><li>Las universidades p\u00fablicas en Espa\u00f1a exigen una nota de admisi\u00f3n en funci\u00f3n del grado y la instituci\u00f3n.<\/li><li>NABSS apoya a sus colegios miembros con orientaci\u00f3n sobre este proceso.<\/li><\/ul>\t\t\t\t\t\t\t\t<\/div>\n\t\t\t\t<\/div>\n\t\t\t\t<\/div>\n\t\t<div class=\"elementor-element elementor-element-45c25c2 e-con-full e-flex e-con e-child\" data-id=\"45c25c2\" data-element_type=\"container\" data-e-type=\"container\">\n\t\t<div class=\"elementor-element elementor-element-bfdcbd5 e-con-full fondo-gradiante e-flex e-con e-child\" data-id=\"bfdcbd5\" data-element_type=\"container\" data-e-type=\"container\">\n\t\t\t\t<div class=\"elementor-element elementor-element-0f6c10e elementor-widget elementor-widget-heading\" data-id=\"0f6c10e\" data-element_type=\"widget\" data-e-type=\"widget\" data-widget_type=\"heading.default\">\n\t\t\t\t\t<h5 class=\"elementor-heading-title elementor-size-default\">Universidades en \nel Reino Unido<\/h5>\t\t\t\t<\/div>\n\t\t\t\t<div class=\"elementor-element elementor-element-162d154 elementor-widget elementor-widget-text-editor\" data-id=\"162d154\" data-element_type=\"widget\" data-e-type=\"widget\" data-widget_type=\"text-editor.default\">\n\t\t\t\t\t\t\t\t\t<p>Los alumnos pueden solicitar directamente el acceso a universidades del Reino Unido con sus resultados de A-Level a trav\u00e9s del sistema <strong>UCAS<\/strong> (Universities and Colleges Admissions Service).<br>Los colegios NABSS ofrecen un apoyo integral durante todo el proceso, incluyendo la selecci\u00f3n de la universidad, las declaraciones personales y la preparaci\u00f3n de las entrevistas.<\/p>\t\t\t\t\t\t\t\t<\/div>\n\t\t\t\t<\/div>\n\t\t<div class=\"elementor-element elementor-element-d202fcf e-con-full e-flex e-con e-child\" data-id=\"d202fcf\" data-element_type=\"container\" data-e-type=\"container\" data-settings=\"{&quot;background_background&quot;:&quot;classic&quot;}\">\n\t\t\t\t<div class=\"elementor-element elementor-element-c19c58a elementor-widget elementor-widget-image\" data-id=\"c19c58a\" data-element_type=\"widget\" data-e-type=\"widget\" data-widget_type=\"image.default\">\n\t\t\t\t\t\t\t\t\t\t\t\t\t\t\t<img fetchpriority=\"high\" decoding=\"async\" width=\"263\" height=\"222\" src=\"https:\/\/nabss.org\/wp-content\/uploads\/2025\/10\/uk.png\" class=\"attachment-large size-large wp-image-6542\" alt=\"\" \/>\t\t\t\t\t\t\t\t\t\t\t\t\t\t\t<\/div>\n\t\t\t\t<\/div>\n\t\t\t\t<\/div>\n\t\t<div class=\"elementor-element elementor-element-dd00b46 e-con-full e-flex e-con e-child\" data-id=\"dd00b46\" data-element_type=\"container\" data-e-type=\"container\">\n\t\t<div class=\"elementor-element elementor-element-15cf98f e-con-full e-flex e-con e-child\" data-id=\"15cf98f\" data-element_type=\"container\" data-e-type=\"container\" data-settings=\"{&quot;background_background&quot;:&quot;classic&quot;}\">\n\t\t\t\t<div class=\"elementor-element elementor-element-588b1ae elementor-widget elementor-widget-image\" data-id=\"588b1ae\" data-element_type=\"widget\" data-e-type=\"widget\" data-widget_type=\"image.default\">\n\t\t\t\t\t\t\t\t\t\t\t\t\t\t\t<img decoding=\"async\" width=\"327\" height=\"276\" src=\"https:\/\/nabss.org\/wp-content\/uploads\/2025\/10\/world.png\" class=\"attachment-large size-large wp-image-6541\" alt=\"\" srcset=\"https:\/\/nabss.org\/wp-content\/uploads\/2025\/10\/world.png 327w, https:\/\/nabss.org\/wp-content\/uploads\/2025\/10\/world-300x253.png 300w\" sizes=\"(max-width: 327px) 100vw, 327px\" \/>\t\t\t\t\t\t\t\t\t\t\t\t\t\t\t<\/div>\n\t\t\t\t<\/div>\n\t\t<div class=\"elementor-element elementor-element-5836926 e-con-full fondo-gradiante e-flex e-con e-child\" data-id=\"5836926\" data-element_type=\"container\" data-e-type=\"container\">\n\t\t\t\t<div class=\"elementor-element elementor-element-52120da elementor-widget elementor-widget-heading\" data-id=\"52120da\" data-element_type=\"widget\" data-e-type=\"widget\" data-widget_type=\"heading.default\">\n\t\t\t\t\t<h5 class=\"elementor-heading-title elementor-size-default\">Universidades en otros pa\u00edses<\/h5>\t\t\t\t<\/div>\n\t\t\t\t<div class=\"elementor-element elementor-element-3f6a6e6 elementor-widget elementor-widget-text-editor\" data-id=\"3f6a6e6\" data-element_type=\"widget\" data-e-type=\"widget\" data-widget_type=\"text-editor.default\">\n\t\t\t\t\t\t\t\t\t<p>Las cualificaciones brit\u00e1nicas son ampliamente reconocidas por las universidades en:<\/p><ul><li>Pa\u00edses Bajos<\/li><li>Irlanda<\/li><li>Estados Unidos y Canad\u00e1<\/li><li>Alemania, Francia, Italia<\/li><\/ul>\t\t\t\t\t\t\t\t<\/div>\n\t\t\t\t<\/div>\n\t\t\t\t<\/div>\n\t\t<div class=\"elementor-element elementor-element-be218ad e-con-full e-flex e-con e-child\" data-id=\"be218ad\" data-element_type=\"container\" data-e-type=\"container\">\n\t\t<div class=\"elementor-element elementor-element-46a6774 e-con-full fondo-gradiante e-flex e-con e-child\" data-id=\"46a6774\" data-element_type=\"container\" data-e-type=\"container\">\n\t\t\t\t<div class=\"elementor-element elementor-element-9d12feb elementor-widget elementor-widget-heading\" data-id=\"9d12feb\" data-element_type=\"widget\" data-e-type=\"widget\" data-widget_type=\"heading.default\">\n\t\t\t\t\t<h5 class=\"elementor-heading-title elementor-size-default\">\u00bfCu\u00e1les son las ventajas de este modelo?<\/h5>\t\t\t\t<\/div>\n\t\t\t\t<div class=\"elementor-element elementor-element-e92b706 elementor-widget elementor-widget-text-editor\" data-id=\"e92b706\" data-element_type=\"widget\" data-e-type=\"widget\" data-widget_type=\"text-editor.default\">\n\t\t\t\t\t\t\t\t\t<ul><li>Cualificaciones reconocidas internacionalmente con alta movilidad acad\u00e9mica<\/li><li>Acceso directo a sistemas universitarios de habla inglesa<\/li><li>Reconocimiento legal en Espa\u00f1a a trav\u00e9s del Ministerio de Educaci\u00f3n<\/li><li>Flexibilidad en la elecci\u00f3n de asignaturas en consonancia con los intereses de los alumnos<\/li><li>Orientaci\u00f3n y apoyo personalizados durante todo el proceso de solicitud de acceso a la universidad<\/li><\/ul>\t\t\t\t\t\t\t\t<\/div>\n\t\t\t\t<\/div>\n\t\t<div class=\"elementor-element elementor-element-621a67a e-con-full e-flex e-con e-child\" data-id=\"621a67a\" data-element_type=\"container\" data-e-type=\"container\" data-settings=\"{&quot;background_background&quot;:&quot;classic&quot;}\">\n\t\t\t\t<div class=\"elementor-element elementor-element-8565c6b elementor-widget elementor-widget-image\" data-id=\"8565c6b\" data-element_type=\"widget\" data-e-type=\"widget\" data-widget_type=\"image.default\">\n\t\t\t\t\t\t\t\t\t\t\t\t\t\t\t<img loading=\"lazy\" decoding=\"async\" width=\"146\" height=\"146\" src=\"https:\/\/nabss.org\/wp-content\/uploads\/2025\/10\/like.png\" class=\"attachment-large size-large wp-image-6540\" alt=\"\" \/>\t\t\t\t\t\t\t\t\t\t\t\t\t\t\t<\/div>\n\t\t\t\t<\/div>\n\t\t\t\t<\/div>\n\t\t\t\t<\/div>\n\t\t\t\t<\/div>\n\t\t<div class=\"elementor-element elementor-element-a99c73b e-con-full fondo-gradiante e-flex e-con e-parent\" data-id=\"a99c73b\" data-element_type=\"container\" data-e-type=\"container\">\n\t\t<div class=\"elementor-element elementor-element-c138919 e-flex e-con-boxed e-con e-child\" data-id=\"c138919\" data-element_type=\"container\" data-e-type=\"container\">\n\t\t\t\t\t<div class=\"e-con-inner\">\n\t\t\t\t<div class=\"elementor-element elementor-element-dd29db2 elementor-widget elementor-widget-heading\" data-id=\"dd29db2\" data-element_type=\"widget\" data-e-type=\"widget\" data-widget_type=\"heading.default\">\n\t\t\t\t\t<h2 class=\"elementor-heading-title elementor-size-default\">Asistir a un colegio NABSS abre la puerta a la educaci\u00f3n universitaria sin fronteras.\n Dondequiera que est\u00e9 el destino, la educaci\u00f3n brit\u00e1nica proporciona las herramientas para llegar all\u00ed.\n<\/h2>\t\t\t\t<\/div>\n\t\t\t\t\t<\/div>\n\t\t\t\t<\/div>\n\t\t<div class=\"elementor-element elementor-element-2823092 e-flex e-con-boxed e-con e-child\" data-id=\"2823092\" data-element_type=\"container\" data-e-type=\"container\" data-settings=\"{&quot;background_background&quot;:&quot;classic&quot;}\">\n\t\t\t\t\t<div class=\"e-con-inner\">\n\t\t\t\t\t<\/div>\n\t\t\t\t<\/div>\n\t\t\t\t<\/div>\n\t\t\t\t<\/div>\n\t\t","protected":false},"excerpt":{"rendered":"<p>Un camino internacional hacia la universidad Todo lo que necesita saber sobre las oportunidades de educaci\u00f3n superior de un colegio NABSS Los alumnos que asisten a colegios brit\u00e1nicos en Espa\u00f1a tienen acceso a universidades en Espa\u00f1a, el Reino Unido y en todo el mundo. Gracias a las cualificaciones reconocidas internacionalmente (IGCSE y A-Levels) y a [&hellip;]<\/p>\n","protected":false},"author":1,"featured_media":0,"parent":0,"menu_order":0,"comment_status":"closed","ping_status":"closed","template":"elementor_header_footer","meta":{"footnotes":""},"class_list":["post-6538","page","type-page","status-publish","hentry"],"yoast_head":"<!-- This site is optimized with the Yoast SEO Premium plugin v25.1 (Yoast SEO v27.1.1) - https:\/\/yoast.com\/product\/yoast-seo-premium-wordpress\/ -->\n<title>La ventaja de NABSS - NABSS<\/title>\n<meta name=\"robots\" content=\"noindex, nofollow\" \/>\n<meta property=\"og:locale\" content=\"es_ES\" \/>\n<meta property=\"og:type\" content=\"article\" \/>\n<meta property=\"og:title\" content=\"La ventaja de NABSS\" \/>\n<meta property=\"og:description\" content=\"Un camino internacional hacia la universidad Todo lo que necesita saber sobre las oportunidades de educaci\u00f3n superior de un colegio NABSS Los alumnos que asisten a colegios brit\u00e1nicos en Espa\u00f1a tienen acceso a universidades en Espa\u00f1a, el Reino Unido y en todo el mundo. Gracias a las cualificaciones reconocidas internacionalmente (IGCSE y A-Levels) y a [&hellip;]\" \/>\n<meta property=\"og:url\" content=\"https:\/\/nabss.org\/es\/la-ventaja-de-nabss\/\" \/>\n<meta property=\"og:site_name\" content=\"NABSS\" \/>\n<meta property=\"article:modified_time\" content=\"2026-03-04T12:47:30+00:00\" \/>\n<meta property=\"og:image\" content=\"https:\/\/nabss.org\/wp-content\/uploads\/2025\/10\/spain.png\" \/>\n<meta name=\"twitter:card\" content=\"summary_large_image\" \/>\n<meta name=\"twitter:label1\" content=\"Tiempo de lectura\" \/>\n\t<meta name=\"twitter:data1\" content=\"3 minutos\" \/>\n<script type=\"application\/ld+json\" class=\"yoast-schema-graph\">{\"@context\":\"https:\/\/schema.org\",\"@graph\":[{\"@type\":\"WebPage\",\"@id\":\"https:\/\/nabss.org\/es\/la-ventaja-de-nabss\/\",\"url\":\"https:\/\/nabss.org\/es\/la-ventaja-de-nabss\/\",\"name\":\"La ventaja de NABSS - NABSS\",\"isPartOf\":{\"@id\":\"https:\/\/nabss.org\/es\/#website\"},\"primaryImageOfPage\":{\"@id\":\"https:\/\/nabss.org\/es\/la-ventaja-de-nabss\/#primaryimage\"},\"image\":{\"@id\":\"https:\/\/nabss.org\/es\/la-ventaja-de-nabss\/#primaryimage\"},\"thumbnailUrl\":\"https:\/\/nabss.org\/wp-content\/uploads\/2025\/10\/spain.png\",\"datePublished\":\"2025-10-24T09:13:26+00:00\",\"dateModified\":\"2026-03-04T12:47:30+00:00\",\"breadcrumb\":{\"@id\":\"https:\/\/nabss.org\/es\/la-ventaja-de-nabss\/#breadcrumb\"},\"inLanguage\":\"es\",\"potentialAction\":[{\"@type\":\"ReadAction\",\"target\":[\"https:\/\/nabss.org\/es\/la-ventaja-de-nabss\/\"]}]},{\"@type\":\"ImageObject\",\"inLanguage\":\"es\",\"@id\":\"https:\/\/nabss.org\/es\/la-ventaja-de-nabss\/#primaryimage\",\"url\":\"https:\/\/nabss.org\/wp-content\/uploads\/2025\/10\/spain.png\",\"contentUrl\":\"https:\/\/nabss.org\/wp-content\/uploads\/2025\/10\/spain.png\"},{\"@type\":\"BreadcrumbList\",\"@id\":\"https:\/\/nabss.org\/es\/la-ventaja-de-nabss\/#breadcrumb\",\"itemListElement\":[{\"@type\":\"ListItem\",\"position\":1,\"name\":\"Portada\",\"item\":\"https:\/\/nabss.org\/es\/\"},{\"@type\":\"ListItem\",\"position\":2,\"name\":\"La ventaja de NABSS\"}]},{\"@type\":\"WebSite\",\"@id\":\"https:\/\/nabss.org\/es\/#website\",\"url\":\"https:\/\/nabss.org\/es\/\",\"name\":\"NABSS\",\"description\":\"Representing the leading British schools in Spain since 1978.\",\"publisher\":{\"@id\":\"https:\/\/nabss.org\/es\/#organization\"},\"potentialAction\":[{\"@type\":\"SearchAction\",\"target\":{\"@type\":\"EntryPoint\",\"urlTemplate\":\"https:\/\/nabss.org\/es\/?s={search_term_string}\"},\"query-input\":{\"@type\":\"PropertyValueSpecification\",\"valueRequired\":true,\"valueName\":\"search_term_string\"}}],\"inLanguage\":\"es\"},{\"@type\":\"Organization\",\"@id\":\"https:\/\/nabss.org\/es\/#organization\",\"name\":\"NABSS\",\"url\":\"https:\/\/nabss.org\/es\/\",\"logo\":{\"@type\":\"ImageObject\",\"inLanguage\":\"es\",\"@id\":\"https:\/\/nabss.org\/es\/#\/schema\/logo\/image\/\",\"url\":\"https:\/\/nabss.org\/wp-content\/uploads\/2025\/08\/logo_NABSS_web-1.png\",\"contentUrl\":\"https:\/\/nabss.org\/wp-content\/uploads\/2025\/08\/logo_NABSS_web-1.png\",\"width\":700,\"height\":296,\"caption\":\"NABSS\"},\"image\":{\"@id\":\"https:\/\/nabss.org\/es\/#\/schema\/logo\/image\/\"}}]}<\/script>\n<!-- \/ Yoast SEO Premium plugin. -->","yoast_head_json":{"title":"La ventaja de NABSS - NABSS","robots":{"index":"noindex","follow":"nofollow"},"og_locale":"es_ES","og_type":"article","og_title":"La ventaja de NABSS","og_description":"Un camino internacional hacia la universidad Todo lo que necesita saber sobre las oportunidades de educaci\u00f3n superior de un colegio NABSS Los alumnos que asisten a colegios brit\u00e1nicos en Espa\u00f1a tienen acceso a universidades en Espa\u00f1a, el Reino Unido y en todo el mundo. Gracias a las cualificaciones reconocidas internacionalmente (IGCSE y A-Levels) y a [&hellip;]","og_url":"https:\/\/nabss.org\/es\/la-ventaja-de-nabss\/","og_site_name":"NABSS","article_modified_time":"2026-03-04T12:47:30+00:00","og_image":[{"url":"https:\/\/nabss.org\/wp-content\/uploads\/2025\/10\/spain.png","type":"","width":"","height":""}],"twitter_card":"summary_large_image","twitter_misc":{"Tiempo de lectura":"3 minutos"},"schema":{"@context":"https:\/\/schema.org","@graph":[{"@type":"WebPage","@id":"https:\/\/nabss.org\/es\/la-ventaja-de-nabss\/","url":"https:\/\/nabss.org\/es\/la-ventaja-de-nabss\/","name":"La ventaja de NABSS - NABSS","isPartOf":{"@id":"https:\/\/nabss.org\/es\/#website"},"primaryImageOfPage":{"@id":"https:\/\/nabss.org\/es\/la-ventaja-de-nabss\/#primaryimage"},"image":{"@id":"https:\/\/nabss.org\/es\/la-ventaja-de-nabss\/#primaryimage"},"thumbnailUrl":"https:\/\/nabss.org\/wp-content\/uploads\/2025\/10\/spain.png","datePublished":"2025-10-24T09:13:26+00:00","dateModified":"2026-03-04T12:47:30+00:00","breadcrumb":{"@id":"https:\/\/nabss.org\/es\/la-ventaja-de-nabss\/#breadcrumb"},"inLanguage":"es","potentialAction":[{"@type":"ReadAction","target":["https:\/\/nabss.org\/es\/la-ventaja-de-nabss\/"]}]},{"@type":"ImageObject","inLanguage":"es","@id":"https:\/\/nabss.org\/es\/la-ventaja-de-nabss\/#primaryimage","url":"https:\/\/nabss.org\/wp-content\/uploads\/2025\/10\/spain.png","contentUrl":"https:\/\/nabss.org\/wp-content\/uploads\/2025\/10\/spain.png"},{"@type":"BreadcrumbList","@id":"https:\/\/nabss.org\/es\/la-ventaja-de-nabss\/#breadcrumb","itemListElement":[{"@type":"ListItem","position":1,"name":"Portada","item":"https:\/\/nabss.org\/es\/"},{"@type":"ListItem","position":2,"name":"La ventaja de NABSS"}]},{"@type":"WebSite","@id":"https:\/\/nabss.org\/es\/#website","url":"https:\/\/nabss.org\/es\/","name":"NABSS","description":"Representing the leading British schools in Spain since 1978.","publisher":{"@id":"https:\/\/nabss.org\/es\/#organization"},"potentialAction":[{"@type":"SearchAction","target":{"@type":"EntryPoint","urlTemplate":"https:\/\/nabss.org\/es\/?s={search_term_string}"},"query-input":{"@type":"PropertyValueSpecification","valueRequired":true,"valueName":"search_term_string"}}],"inLanguage":"es"},{"@type":"Organization","@id":"https:\/\/nabss.org\/es\/#organization","name":"NABSS","url":"https:\/\/nabss.org\/es\/","logo":{"@type":"ImageObject","inLanguage":"es","@id":"https:\/\/nabss.org\/es\/#\/schema\/logo\/image\/","url":"https:\/\/nabss.org\/wp-content\/uploads\/2025\/08\/logo_NABSS_web-1.png","contentUrl":"https:\/\/nabss.org\/wp-content\/uploads\/2025\/08\/logo_NABSS_web-1.png","width":700,"height":296,"caption":"NABSS"},"image":{"@id":"https:\/\/nabss.org\/es\/#\/schema\/logo\/image\/"}}]}},"_links":{"self":[{"href":"https:\/\/nabss.org\/es\/wp-json\/wp\/v2\/pages\/6538","targetHints":{"allow":["GET"]}}],"collection":[{"href":"https:\/\/nabss.org\/es\/wp-json\/wp\/v2\/pages"}],"about":[{"href":"https:\/\/nabss.org\/es\/wp-json\/wp\/v2\/types\/page"}],"author":[{"embeddable":true,"href":"https:\/\/nabss.org\/es\/wp-json\/wp\/v2\/users\/1"}],"replies":[{"embeddable":true,"href":"https:\/\/nabss.org\/es\/wp-json\/wp\/v2\/comments?post=6538"}],"version-history":[{"count":1,"href":"https:\/\/nabss.org\/es\/wp-json\/wp\/v2\/pages\/6538\/revisions"}],"predecessor-version":[{"id":6543,"href":"https:\/\/nabss.org\/es\/wp-json\/wp\/v2\/pages\/6538\/revisions\/6543"}],"wp:attachment":[{"href":"https:\/\/nabss.org\/es\/wp-json\/wp\/v2\/media?parent=6538"}],"curies":[{"name":"wp","href":"https:\/\/api.w.org\/{rel}","templated":true}]}}