{"id":6544,"date":"2025-10-16T16:33:01","date_gmt":"2025-10-16T14:33:01","guid":{"rendered":"https:\/\/nabss.org\/preguntas-frecuentes\/"},"modified":"2025-11-10T15:39:30","modified_gmt":"2025-11-10T14:39:30","slug":"preguntas-frecuentes","status":"publish","type":"page","link":"https:\/\/nabss.org\/es\/preguntas-frecuentes\/","title":{"rendered":"Preguntas frecuentes"},"content":{"rendered":"\t\t<div data-elementor-type=\"wp-page\" data-elementor-id=\"6544\" class=\"elementor elementor-6544 elementor-4729\" data-elementor-post-type=\"page\">\n\t\t\t\t<div class=\"elementor-element elementor-element-3d493af7 e-flex e-con-boxed e-con e-parent\" data-id=\"3d493af7\" data-element_type=\"container\" data-e-type=\"container\">\n\t\t\t\t\t<div class=\"e-con-inner\">\n\t\t\t\t<div class=\"elementor-element elementor-element-7a856267 elementor-widget elementor-widget-spacer\" data-id=\"7a856267\" data-element_type=\"widget\" data-e-type=\"widget\" data-widget_type=\"spacer.default\">\n\t\t\t\t\t\t\t<div class=\"elementor-spacer\">\n\t\t\t<div class=\"elementor-spacer-inner\"><\/div>\n\t\t<\/div>\n\t\t\t\t\t\t<\/div>\n\t\t\t\t\t<\/div>\n\t\t\t\t<\/div>\n\t\t<div class=\"elementor-element elementor-element-3931050b fondo-gradiante e-flex e-con-boxed e-con e-parent\" data-id=\"3931050b\" data-element_type=\"container\" data-e-type=\"container\" data-settings=\"{&quot;background_background&quot;:&quot;classic&quot;}\">\n\t\t\t\t\t<div class=\"e-con-inner\">\n\t\t\t\t<div class=\"elementor-element elementor-element-416fead9 elementor-widget__width-initial elementor-widget elementor-widget-heading\" data-id=\"416fead9\" data-element_type=\"widget\" data-e-type=\"widget\" data-widget_type=\"heading.default\">\n\t\t\t\t\t<h1 class=\"elementor-heading-title elementor-size-default\">PREGUNTAS FRECUENTES<\/h1>\t\t\t\t<\/div>\n\t\t\t\t\t<\/div>\n\t\t\t\t<\/div>\n\t\t<div class=\"elementor-element elementor-element-73fa947 e-flex e-con-boxed e-con e-parent\" data-id=\"73fa947\" data-element_type=\"container\" data-e-type=\"container\" data-settings=\"{&quot;background_background&quot;:&quot;classic&quot;}\">\n\t\t\t\t\t<div class=\"e-con-inner\">\n\t\t\t\t<div class=\"elementor-element elementor-element-acdebca elementor-widget elementor-widget-heading\" data-id=\"acdebca\" data-element_type=\"widget\" data-e-type=\"widget\" data-widget_type=\"heading.default\">\n\t\t\t\t\t<h2 class=\"elementor-heading-title elementor-size-default\">PARA FAMILIAS<\/h2>\t\t\t\t<\/div>\n\t\t\t\t<div class=\"elementor-element elementor-element-8605e8f elementor-widget elementor-widget-text-editor\" data-id=\"8605e8f\" data-element_type=\"widget\" data-e-type=\"widget\" data-widget_type=\"text-editor.default\">\n\t\t\t\t\t\t\t\t\t<ol><li> <b> \u00bfQu\u00e9 es un colegio NABSS?<\/b><b><br><\/b><span style=\"font-weight: 400;\">Los colegios NABSS est\u00e1n autorizados oficialmente para ofrecer el curr\u00edculo brit\u00e1nico en Espa\u00f1a. Son colegios establecidos que han sido sometidos a una rigurosa inspecci\u00f3n por parte de NIS, ISI o Penta para garantizar que cumplen con altos est\u00e1ndares de calidad, \u00e9tica y oferta educativa.<\/span><br><p> <\/p><\/li><li> <b> \u00bfLa titulaci\u00f3n que recibe mi hijo es v\u00e1lida en Espa\u00f1a?<\/b><b><br><\/b><span style=\"font-weight: 400;\"><span style=\"font-weight: 400;\"> S\u00ed. Las titulaciones brit\u00e1nicas como IGCSE y A-Levels pueden ser validadas oficialmente y son reconocidas para el acceso a universidades espa\u00f1olas, as\u00ed como a instituciones de todo el mundo.<\/span><\/span><p> <\/p><\/li><li><b> \u00bfC\u00f3mo puedo encontrar un colegio NABSS cerca de m\u00ed?<\/b><b><br><\/b><span style=\"font-weight: 400;\"><span style=\"font-weight: 400;\"> Puede encontrar una lista completa de los colegios miembros de NABSS utilizando nuestra herramienta de b\u00fasqueda, organizada por ciudad y regi\u00f3n.<\/span><\/span><p> <\/p><\/li><li><b> \u00bfTambi\u00e9n se imparten asignaturas en espa\u00f1ol?<\/b><b><br><\/b><span style=\"font-weight: 400;\">De acuerdo con los requisitos regionales, los alumnos recibir\u00e1n clases de lengua y literatura espa\u00f1olas, as\u00ed como algunos aspectos de la historia y la geograf\u00eda espa\u00f1olas que no se cubren en el curr\u00edculo brit\u00e1nico.<\/span><br><p> <\/p><\/li><li> <b> \u00bfC\u00f3mo matriculo a mi hijo en un colegio NABSS?<\/b><b><br><\/b><span style=\"font-weight: 400;\"> Cada colegio gestiona su propio proceso de admisi\u00f3n. Le recomendamos que se ponga en contacto directamente con el colegio para informarse sobre la disponibilidad, los requisitos y los procedimientos de matriculaci\u00f3n.<\/span><\/li><\/ol>\t\t\t\t\t\t\t\t<\/div>\n\t\t\t\t<div class=\"elementor-element elementor-element-7431ed8 elementor-widget elementor-widget-heading\" data-id=\"7431ed8\" data-element_type=\"widget\" data-e-type=\"widget\" data-widget_type=\"heading.default\">\n\t\t\t\t\t<h2 class=\"elementor-heading-title elementor-size-default\">PARA FAMILIAS<\/h2>\t\t\t\t<\/div>\n\t\t\t\t<div class=\"elementor-element elementor-element-f2e8f39 elementor-widget elementor-widget-text-editor\" data-id=\"f2e8f39\" data-element_type=\"widget\" data-e-type=\"widget\" data-widget_type=\"text-editor.default\">\n\t\t\t\t\t\t\t\t\t<ol><li> <b> \u00bfQu\u00e9 es un colegio NABSS?<\/b><b><br><\/b><span style=\"font-weight: 400;\"> Los colegios NABSS est\u00e1n autorizados oficialmente para ofrecer el curr\u00edculo brit\u00e1nico en Espa\u00f1a. El British Council los inspecciona y deben cumplir con altos est\u00e1ndares de calidad, \u00e9tica y oferta educativa.<br><br><\/span><\/li><li> <b> \u00bfLa titulaci\u00f3n que recibe mi hijo es v\u00e1lida en Espa\u00f1a?<\/b><b><br><\/b><span style=\"font-weight: 400;\"> S\u00ed. Las titulaciones brit\u00e1nicas como IGCSE y A-Levels pueden ser validadas oficialmente y son reconocidas para el acceso a universidades espa\u00f1olas, as\u00ed como a instituciones de todo el mundo.<br><br><\/span><\/li><li><b> \u00bfC\u00f3mo puedo encontrar un colegio NABSS cerca de m\u00ed?<\/b><b><br><\/b><span style=\"font-weight: 400;\"> Puede encontrar una lista completa de los colegios miembros de NABSS utilizando nuestra herramienta de b\u00fasqueda, organizada por ciudad y regi\u00f3n.<br><br><\/span><\/li><li> <b> \u00bfTambi\u00e9n se imparten asignaturas en espa\u00f1ol?<\/b><b><br><\/b><span style=\"font-weight: 400;\"> S\u00ed. Los colegios NABSS adaptan el curr\u00edculo para incluir Lengua, Geograf\u00eda e Historia de Espa\u00f1a, seg\u00fan lo exigen las normativas educativas espa\u00f1olas.<br><br><\/span><\/li><li> <b> \u00bfC\u00f3mo matriculo a mi hijo en un colegio NABSS?<\/b><b><br><\/b><span style=\"font-weight: 400;\"> Cada colegio gestiona su propio proceso de admisi\u00f3n. Le recomendamos que se ponga en contacto directamente con el colegio para informarse sobre la disponibilidad, los requisitos y los procedimientos de matriculaci\u00f3n.<\/span><\/li><\/ol>\t\t\t\t\t\t\t\t<\/div>\n\t\t\t\t<div class=\"elementor-element elementor-element-29fea34 elementor-widget elementor-widget-heading\" data-id=\"29fea34\" data-element_type=\"widget\" data-e-type=\"widget\" data-widget_type=\"heading.default\">\n\t\t\t\t\t<h2 class=\"elementor-heading-title elementor-size-default\">PARA PROFESORES<\/h2>\t\t\t\t<\/div>\n\t\t\t\t<div class=\"elementor-element elementor-element-85aee0e elementor-widget elementor-widget-text-editor\" data-id=\"85aee0e\" data-element_type=\"widget\" data-e-type=\"widget\" data-widget_type=\"text-editor.default\">\n\t\t\t\t\t\t\t\t\t<ol start=\"9\"><li> <b> \u00bfC\u00f3mo puedo trabajar en un colegio NABSS?<\/b><b><br><\/b><span style=\"font-weight: 400;\"> Cada colegio NABSS gestiona su propia contrataci\u00f3n. Puede visitar sus sitios web individuales o consultar bolsas de trabajo especializadas en educaci\u00f3n internacional brit\u00e1nica en Espa\u00f1a.<br><br><\/span><\/li><li><b> \u00bfQu\u00e9 titulaciones necesito para ense\u00f1ar en un colegio miembro de NABSS?<\/b><b><br><\/b><span style=\"font-weight: 400;\"> Debe poseer titulaciones docentes del Reino Unido o credenciales equivalentes reconocidas, como QTS (Qualified Teacher Status) o un PGCE, y demostrar un alto nivel de dominio del ingl\u00e9s.<br><br><\/span><\/li><\/ol><p><b>\u00bfTiene alguna otra pregunta?<\/b><\/p><p><span style=\"font-weight: 400;\">Si no encuentra la informaci\u00f3n que busca aqu\u00ed, no dude en ponerse en contacto con nosotros directamente; estaremos encantados de ayudarle.<\/span><\/p>\t\t\t\t\t\t\t\t<\/div>\n\t\t\t\t\t<\/div>\n\t\t\t\t<\/div>\n\t\t\t\t<\/div>\n\t\t","protected":false},"excerpt":{"rendered":"<p>PREGUNTAS FRECUENTES PARA FAMILIAS \u00bfQu\u00e9 es un colegio NABSS?Los colegios NABSS est\u00e1n autorizados oficialmente para ofrecer el curr\u00edculo brit\u00e1nico en Espa\u00f1a. Son colegios establecidos que han sido sometidos a una rigurosa inspecci\u00f3n por parte de NIS, ISI o Penta para garantizar que cumplen con altos est\u00e1ndares de calidad, \u00e9tica y oferta educativa. \u00bfLa titulaci\u00f3n que [&hellip;]<\/p>\n","protected":false},"author":1,"featured_media":0,"parent":0,"menu_order":0,"comment_status":"closed","ping_status":"closed","template":"elementor_header_footer","meta":{"footnotes":""},"class_list":["post-6544","page","type-page","status-publish","hentry"],"yoast_head":"<!-- This site is optimized with the Yoast SEO Premium plugin v25.1 (Yoast SEO v27.1.1) - https:\/\/yoast.com\/product\/yoast-seo-premium-wordpress\/ -->\n<title>Preguntas frecuentes - NABSS<\/title>\n<meta name=\"robots\" content=\"index, follow, max-snippet:-1, max-image-preview:large, max-video-preview:-1\" \/>\n<link rel=\"canonical\" href=\"https:\/\/nabss.org\/es\/preguntas-frecuentes\/\" \/>\n<meta property=\"og:locale\" content=\"es_ES\" \/>\n<meta property=\"og:type\" content=\"article\" \/>\n<meta property=\"og:title\" content=\"Preguntas frecuentes\" \/>\n<meta property=\"og:description\" content=\"PREGUNTAS FRECUENTES PARA FAMILIAS \u00bfQu\u00e9 es un colegio NABSS?Los colegios NABSS est\u00e1n autorizados oficialmente para ofrecer el curr\u00edculo brit\u00e1nico en Espa\u00f1a. Son colegios establecidos que han sido sometidos a una rigurosa inspecci\u00f3n por parte de NIS, ISI o Penta para garantizar que cumplen con altos est\u00e1ndares de calidad, \u00e9tica y oferta educativa. \u00bfLa titulaci\u00f3n que [&hellip;]\" \/>\n<meta property=\"og:url\" content=\"https:\/\/nabss.org\/es\/preguntas-frecuentes\/\" \/>\n<meta property=\"og:site_name\" content=\"NABSS\" \/>\n<meta property=\"article:modified_time\" content=\"2025-11-10T14:39:30+00:00\" \/>\n<meta name=\"twitter:card\" content=\"summary_large_image\" \/>\n<meta name=\"twitter:label1\" content=\"Tiempo de lectura\" \/>\n\t<meta name=\"twitter:data1\" content=\"3 minutos\" \/>\n<script type=\"application\/ld+json\" class=\"yoast-schema-graph\">{\"@context\":\"https:\/\/schema.org\",\"@graph\":[{\"@type\":\"WebPage\",\"@id\":\"https:\/\/nabss.org\/es\/preguntas-frecuentes\/\",\"url\":\"https:\/\/nabss.org\/es\/preguntas-frecuentes\/\",\"name\":\"Preguntas frecuentes - NABSS\",\"isPartOf\":{\"@id\":\"https:\/\/nabss.org\/es\/#website\"},\"datePublished\":\"2025-10-16T14:33:01+00:00\",\"dateModified\":\"2025-11-10T14:39:30+00:00\",\"breadcrumb\":{\"@id\":\"https:\/\/nabss.org\/es\/preguntas-frecuentes\/#breadcrumb\"},\"inLanguage\":\"es\",\"potentialAction\":[{\"@type\":\"ReadAction\",\"target\":[\"https:\/\/nabss.org\/es\/preguntas-frecuentes\/\"]}]},{\"@type\":\"BreadcrumbList\",\"@id\":\"https:\/\/nabss.org\/es\/preguntas-frecuentes\/#breadcrumb\",\"itemListElement\":[{\"@type\":\"ListItem\",\"position\":1,\"name\":\"Portada\",\"item\":\"https:\/\/nabss.org\/es\/\"},{\"@type\":\"ListItem\",\"position\":2,\"name\":\"Preguntas frecuentes\"}]},{\"@type\":\"WebSite\",\"@id\":\"https:\/\/nabss.org\/es\/#website\",\"url\":\"https:\/\/nabss.org\/es\/\",\"name\":\"NABSS\",\"description\":\"Representing the leading British schools in Spain since 1978.\",\"publisher\":{\"@id\":\"https:\/\/nabss.org\/es\/#organization\"},\"potentialAction\":[{\"@type\":\"SearchAction\",\"target\":{\"@type\":\"EntryPoint\",\"urlTemplate\":\"https:\/\/nabss.org\/es\/?s={search_term_string}\"},\"query-input\":{\"@type\":\"PropertyValueSpecification\",\"valueRequired\":true,\"valueName\":\"search_term_string\"}}],\"inLanguage\":\"es\"},{\"@type\":\"Organization\",\"@id\":\"https:\/\/nabss.org\/es\/#organization\",\"name\":\"NABSS\",\"url\":\"https:\/\/nabss.org\/es\/\",\"logo\":{\"@type\":\"ImageObject\",\"inLanguage\":\"es\",\"@id\":\"https:\/\/nabss.org\/es\/#\/schema\/logo\/image\/\",\"url\":\"https:\/\/nabss.org\/wp-content\/uploads\/2025\/08\/logo_NABSS_web-1.png\",\"contentUrl\":\"https:\/\/nabss.org\/wp-content\/uploads\/2025\/08\/logo_NABSS_web-1.png\",\"width\":700,\"height\":296,\"caption\":\"NABSS\"},\"image\":{\"@id\":\"https:\/\/nabss.org\/es\/#\/schema\/logo\/image\/\"}}]}<\/script>\n<!-- \/ Yoast SEO Premium plugin. -->","yoast_head_json":{"title":"Preguntas frecuentes - NABSS","robots":{"index":"index","follow":"follow","max-snippet":"max-snippet:-1","max-image-preview":"max-image-preview:large","max-video-preview":"max-video-preview:-1"},"canonical":"https:\/\/nabss.org\/es\/preguntas-frecuentes\/","og_locale":"es_ES","og_type":"article","og_title":"Preguntas frecuentes","og_description":"PREGUNTAS FRECUENTES PARA FAMILIAS \u00bfQu\u00e9 es un colegio NABSS?Los colegios NABSS est\u00e1n autorizados oficialmente para ofrecer el curr\u00edculo brit\u00e1nico en Espa\u00f1a. Son colegios establecidos que han sido sometidos a una rigurosa inspecci\u00f3n por parte de NIS, ISI o Penta para garantizar que cumplen con altos est\u00e1ndares de calidad, \u00e9tica y oferta educativa. \u00bfLa titulaci\u00f3n que [&hellip;]","og_url":"https:\/\/nabss.org\/es\/preguntas-frecuentes\/","og_site_name":"NABSS","article_modified_time":"2025-11-10T14:39:30+00:00","twitter_card":"summary_large_image","twitter_misc":{"Tiempo de lectura":"3 minutos"},"schema":{"@context":"https:\/\/schema.org","@graph":[{"@type":"WebPage","@id":"https:\/\/nabss.org\/es\/preguntas-frecuentes\/","url":"https:\/\/nabss.org\/es\/preguntas-frecuentes\/","name":"Preguntas frecuentes - NABSS","isPartOf":{"@id":"https:\/\/nabss.org\/es\/#website"},"datePublished":"2025-10-16T14:33:01+00:00","dateModified":"2025-11-10T14:39:30+00:00","breadcrumb":{"@id":"https:\/\/nabss.org\/es\/preguntas-frecuentes\/#breadcrumb"},"inLanguage":"es","potentialAction":[{"@type":"ReadAction","target":["https:\/\/nabss.org\/es\/preguntas-frecuentes\/"]}]},{"@type":"BreadcrumbList","@id":"https:\/\/nabss.org\/es\/preguntas-frecuentes\/#breadcrumb","itemListElement":[{"@type":"ListItem","position":1,"name":"Portada","item":"https:\/\/nabss.org\/es\/"},{"@type":"ListItem","position":2,"name":"Preguntas frecuentes"}]},{"@type":"WebSite","@id":"https:\/\/nabss.org\/es\/#website","url":"https:\/\/nabss.org\/es\/","name":"NABSS","description":"Representing the leading British schools in Spain since 1978.","publisher":{"@id":"https:\/\/nabss.org\/es\/#organization"},"potentialAction":[{"@type":"SearchAction","target":{"@type":"EntryPoint","urlTemplate":"https:\/\/nabss.org\/es\/?s={search_term_string}"},"query-input":{"@type":"PropertyValueSpecification","valueRequired":true,"valueName":"search_term_string"}}],"inLanguage":"es"},{"@type":"Organization","@id":"https:\/\/nabss.org\/es\/#organization","name":"NABSS","url":"https:\/\/nabss.org\/es\/","logo":{"@type":"ImageObject","inLanguage":"es","@id":"https:\/\/nabss.org\/es\/#\/schema\/logo\/image\/","url":"https:\/\/nabss.org\/wp-content\/uploads\/2025\/08\/logo_NABSS_web-1.png","contentUrl":"https:\/\/nabss.org\/wp-content\/uploads\/2025\/08\/logo_NABSS_web-1.png","width":700,"height":296,"caption":"NABSS"},"image":{"@id":"https:\/\/nabss.org\/es\/#\/schema\/logo\/image\/"}}]}},"_links":{"self":[{"href":"https:\/\/nabss.org\/es\/wp-json\/wp\/v2\/pages\/6544","targetHints":{"allow":["GET"]}}],"collection":[{"href":"https:\/\/nabss.org\/es\/wp-json\/wp\/v2\/pages"}],"about":[{"href":"https:\/\/nabss.org\/es\/wp-json\/wp\/v2\/types\/page"}],"author":[{"embeddable":true,"href":"https:\/\/nabss.org\/es\/wp-json\/wp\/v2\/users\/1"}],"replies":[{"embeddable":true,"href":"https:\/\/nabss.org\/es\/wp-json\/wp\/v2\/comments?post=6544"}],"version-history":[{"count":1,"href":"https:\/\/nabss.org\/es\/wp-json\/wp\/v2\/pages\/6544\/revisions"}],"predecessor-version":[{"id":6546,"href":"https:\/\/nabss.org\/es\/wp-json\/wp\/v2\/pages\/6544\/revisions\/6546"}],"wp:attachment":[{"href":"https:\/\/nabss.org\/es\/wp-json\/wp\/v2\/media?parent=6544"}],"curies":[{"name":"wp","href":"https:\/\/api.w.org\/{rel}","templated":true}]}}