{"id":6570,"date":"2025-09-23T11:33:09","date_gmt":"2025-09-23T09:33:09","guid":{"rendered":"https:\/\/nabss.org\/?page_id=6570"},"modified":"2026-02-02T16:59:43","modified_gmt":"2026-02-02T15:59:43","slug":"noticias","status":"publish","type":"page","link":"https:\/\/nabss.org\/es\/noticias\/","title":{"rendered":"Noticias"},"content":{"rendered":"\t\t<div data-elementor-type=\"wp-page\" data-elementor-id=\"6570\" class=\"elementor elementor-6570 elementor-2653\" data-elementor-post-type=\"page\">\n\t\t\t\t<div class=\"elementor-element elementor-element-3d493af7 e-flex e-con-boxed e-con e-parent\" data-id=\"3d493af7\" data-element_type=\"container\" data-e-type=\"container\">\n\t\t\t\t\t<div class=\"e-con-inner\">\n\t\t\t\t<div class=\"elementor-element elementor-element-7a856267 elementor-widget elementor-widget-spacer\" data-id=\"7a856267\" data-element_type=\"widget\" data-e-type=\"widget\" data-widget_type=\"spacer.default\">\n\t\t\t\t\t\t\t<div class=\"elementor-spacer\">\n\t\t\t<div class=\"elementor-spacer-inner\"><\/div>\n\t\t<\/div>\n\t\t\t\t\t\t<\/div>\n\t\t\t\t\t<\/div>\n\t\t\t\t<\/div>\n\t\t<div class=\"elementor-element elementor-element-3931050b fondo-gradiante e-flex e-con-boxed e-con e-parent\" data-id=\"3931050b\" data-element_type=\"container\" data-e-type=\"container\" data-settings=\"{&quot;background_background&quot;:&quot;classic&quot;}\">\n\t\t\t\t\t<div class=\"e-con-inner\">\n\t\t\t\t<div class=\"elementor-element elementor-element-416fead9 elementor-widget__width-initial elementor-widget elementor-widget-heading\" data-id=\"416fead9\" data-element_type=\"widget\" data-e-type=\"widget\" data-widget_type=\"heading.default\">\n\t\t\t\t\t<h1 class=\"elementor-heading-title elementor-size-default\">NOTICIAS<\/h1>\t\t\t\t<\/div>\n\t\t\t\t<div class=\"elementor-element elementor-element-37d00681 elementor-widget__width-initial elementor-widget elementor-widget-text-editor\" data-id=\"37d00681\" data-element_type=\"widget\" data-e-type=\"widget\" data-widget_type=\"text-editor.default\">\n\t\t\t\t\t\t\t\t\t<p>Asociaci\u00f3n Nacional de Colegios Brit\u00e1nicos en Espa\u00f1a | <strong>NABSS<\/strong><\/p>\t\t\t\t\t\t\t\t<\/div>\n\t\t\t\t\t<\/div>\n\t\t\t\t<\/div>\n\t\t<div class=\"elementor-element elementor-element-73fa947 e-con-full e-flex e-con e-parent\" data-id=\"73fa947\" data-element_type=\"container\" data-e-type=\"container\" data-settings=\"{&quot;background_background&quot;:&quot;classic&quot;}\">\n\t\t\t\t<div class=\"elementor-element elementor-element-d7bdae0 elementor-grid-3 elementor-grid-tablet-2 elementor-grid-mobile-1 elementor-posts--thumbnail-top elementor-posts__hover-gradient elementor-widget elementor-widget-posts\" data-id=\"d7bdae0\" data-element_type=\"widget\" data-e-type=\"widget\" data-settings=\"{&quot;pagination_type&quot;:&quot;prev_next&quot;,&quot;cards_columns&quot;:&quot;3&quot;,&quot;cards_columns_tablet&quot;:&quot;2&quot;,&quot;cards_columns_mobile&quot;:&quot;1&quot;,&quot;cards_row_gap&quot;:{&quot;unit&quot;:&quot;px&quot;,&quot;size&quot;:35,&quot;sizes&quot;:[]},&quot;cards_row_gap_tablet&quot;:{&quot;unit&quot;:&quot;px&quot;,&quot;size&quot;:&quot;&quot;,&quot;sizes&quot;:[]},&quot;cards_row_gap_mobile&quot;:{&quot;unit&quot;:&quot;px&quot;,&quot;size&quot;:&quot;&quot;,&quot;sizes&quot;:[]}}\" data-widget_type=\"posts.cards\">\n\t\t\t\t<div class=\"elementor-widget-container\">\n\t\t\t\t\t\t\t<div class=\"elementor-posts-container elementor-posts elementor-posts--skin-cards elementor-grid\" role=\"list\">\n\t\t\t\t<article class=\"elementor-post elementor-grid-item post-9523 post type-post status-publish format-standard has-post-thumbnail hentry category-noticias\" role=\"listitem\">\n\t\t\t<div class=\"elementor-post__card\">\n\t\t\t\t<a class=\"elementor-post__thumbnail__link\" href=\"https:\/\/nabss.org\/es\/que-es-el-sistema-educativo-a-levels\/\" tabindex=\"-1\" ><div class=\"elementor-post__thumbnail\"><img fetchpriority=\"high\" decoding=\"async\" width=\"640\" height=\"427\" src=\"https:\/\/nabss.org\/wp-content\/uploads\/2026\/02\/que-es-el-sistema-educativo-a-levels.png\" class=\"attachment-full size-full wp-image-9510\" alt=\"mujer de pelo negro y piel blanca, sosteniendo carpetas de diferentes colores y con la bandera de inglaterra detr\u00e1s\" srcset=\"https:\/\/nabss.org\/wp-content\/uploads\/2026\/02\/que-es-el-sistema-educativo-a-levels.png 640w, https:\/\/nabss.org\/wp-content\/uploads\/2026\/02\/que-es-el-sistema-educativo-a-levels-300x200.png 300w\" sizes=\"(max-width: 640px) 100vw, 640px\" \/><\/div><\/a>\n\t\t\t\t<div class=\"elementor-post__text\">\n\t\t\t\t<h3 class=\"elementor-post__title\">\n\t\t\t<a href=\"https:\/\/nabss.org\/es\/que-es-el-sistema-educativo-a-levels\/\" >\n\t\t\t\t\u00bfQu\u00e9 es el sistema educativo A-Levels?\t\t\t<\/a>\n\t\t<\/h3>\n\t\t\t\t<div class=\"elementor-post__excerpt\">\n\t\t\t<p>El sistema educativo A-Levels (Advanced Levels) es una de las titulaciones m\u00e1s reconocidas del modelo brit\u00e1nico y constituye la etapa final de la educaci\u00f3n secundaria en el Reino Unido. Los A-Levels forman parte del National Curriculum for England y representan<\/p>\n\t\t<\/div>\n\t\t\t\t\t<div class=\"elementor-post__read-more-wrapper\">\n\t\t\n\t\t<a class=\"elementor-post__read-more\" href=\"https:\/\/nabss.org\/es\/que-es-el-sistema-educativo-a-levels\/\" aria-label=\"M\u00e1s informaci\u00f3n sobre \u00bfQu\u00e9 es el sistema educativo A-Levels?\" tabindex=\"-1\" >\n\t\t\tLeer m\u00e1s\t\t<\/a>\n\n\t\t\t\t\t<\/div>\n\t\t\t\t<\/div>\n\t\t\t\t\t<\/div>\n\t\t<\/article>\n\t\t\t\t<article class=\"elementor-post elementor-grid-item post-9442 post type-post status-publish format-standard has-post-thumbnail hentry category-noticias\" role=\"listitem\">\n\t\t\t<div class=\"elementor-post__card\">\n\t\t\t\t<a class=\"elementor-post__thumbnail__link\" href=\"https:\/\/nabss.org\/es\/como-elegir-un-buen-colegio-britanico-para-mi-hijo\/\" tabindex=\"-1\" ><div class=\"elementor-post__thumbnail\"><img decoding=\"async\" width=\"2560\" height=\"1709\" src=\"https:\/\/nabss.org\/wp-content\/uploads\/2026\/02\/group-of-kids-in-school-uniform-that-is-outdoors-t-2026-01-08-23-48-51-utc-scaled.jpg\" class=\"attachment-full size-full wp-image-9441\" alt=\"cinco ni\u00f1os en un Colegio Brit\u00e1nico\" srcset=\"https:\/\/nabss.org\/wp-content\/uploads\/2026\/02\/group-of-kids-in-school-uniform-that-is-outdoors-t-2026-01-08-23-48-51-utc-scaled.jpg 2560w, https:\/\/nabss.org\/wp-content\/uploads\/2026\/02\/group-of-kids-in-school-uniform-that-is-outdoors-t-2026-01-08-23-48-51-utc-300x200.jpg 300w, https:\/\/nabss.org\/wp-content\/uploads\/2026\/02\/group-of-kids-in-school-uniform-that-is-outdoors-t-2026-01-08-23-48-51-utc-1024x684.jpg 1024w, https:\/\/nabss.org\/wp-content\/uploads\/2026\/02\/group-of-kids-in-school-uniform-that-is-outdoors-t-2026-01-08-23-48-51-utc-768x513.jpg 768w, https:\/\/nabss.org\/wp-content\/uploads\/2026\/02\/group-of-kids-in-school-uniform-that-is-outdoors-t-2026-01-08-23-48-51-utc-1536x1025.jpg 1536w, https:\/\/nabss.org\/wp-content\/uploads\/2026\/02\/group-of-kids-in-school-uniform-that-is-outdoors-t-2026-01-08-23-48-51-utc-2048x1367.jpg 2048w\" sizes=\"(max-width: 2560px) 100vw, 2560px\" \/><\/div><\/a>\n\t\t\t\t<div class=\"elementor-post__text\">\n\t\t\t\t<h3 class=\"elementor-post__title\">\n\t\t\t<a href=\"https:\/\/nabss.org\/es\/como-elegir-un-buen-colegio-britanico-para-mi-hijo\/\" >\n\t\t\t\t\u00bfC\u00f3mo elegir un buen colegio brit\u00e1nico para mi hijo?\t\t\t<\/a>\n\t\t<\/h3>\n\t\t\t\t<div class=\"elementor-post__excerpt\">\n\t\t\t<p>Elegir un centro educativo no es una tarea f\u00e1cil. Se trata de una decisi\u00f3n que influir\u00e1 directamente en el desarrollo acad\u00e9mico, personal y emocional de tu hijo durante muchos a\u00f1os. Cuando adem\u00e1s se valora la opci\u00f3n de un colegio brit\u00e1nico,<\/p>\n\t\t<\/div>\n\t\t\t\t\t<div class=\"elementor-post__read-more-wrapper\">\n\t\t\n\t\t<a class=\"elementor-post__read-more\" href=\"https:\/\/nabss.org\/es\/como-elegir-un-buen-colegio-britanico-para-mi-hijo\/\" aria-label=\"M\u00e1s informaci\u00f3n sobre \u00bfC\u00f3mo elegir un buen colegio brit\u00e1nico para mi hijo?\" tabindex=\"-1\" >\n\t\t\tLeer m\u00e1s\t\t<\/a>\n\n\t\t\t\t\t<\/div>\n\t\t\t\t<\/div>\n\t\t\t\t\t<\/div>\n\t\t<\/article>\n\t\t\t\t<article class=\"elementor-post elementor-grid-item post-8817 post type-post status-publish format-standard has-post-thumbnail hentry category-noticias\" role=\"listitem\">\n\t\t\t<div class=\"elementor-post__card\">\n\t\t\t\t<a class=\"elementor-post__thumbnail__link\" href=\"https:\/\/nabss.org\/es\/cuales-son-las-diferencias-entre-el-sistema-educativo-britanico-y-el-espanol\/\" tabindex=\"-1\" ><div class=\"elementor-post__thumbnail\"><img decoding=\"async\" width=\"640\" height=\"427\" src=\"https:\/\/nabss.org\/wp-content\/uploads\/2026\/02\/what-are-the-differences-between-the-british-and-spanish-education-systems.png\" class=\"attachment-full size-full wp-image-8883\" alt=\"Estudiantes del sistema educativo brit\u00e1nico\" srcset=\"https:\/\/nabss.org\/wp-content\/uploads\/2026\/02\/what-are-the-differences-between-the-british-and-spanish-education-systems.png 640w, https:\/\/nabss.org\/wp-content\/uploads\/2026\/02\/what-are-the-differences-between-the-british-and-spanish-education-systems-300x200.png 300w\" sizes=\"(max-width: 640px) 100vw, 640px\" \/><\/div><\/a>\n\t\t\t\t<div class=\"elementor-post__text\">\n\t\t\t\t<h3 class=\"elementor-post__title\">\n\t\t\t<a href=\"https:\/\/nabss.org\/es\/cuales-son-las-diferencias-entre-el-sistema-educativo-britanico-y-el-espanol\/\" >\n\t\t\t\t\u00bfCu\u00e1les son las diferencias entre el sistema educativo brit\u00e1nico y el espa\u00f1ol?\t\t\t<\/a>\n\t\t<\/h3>\n\t\t\t\t<div class=\"elementor-post__excerpt\">\n\t\t\t<p>A la hora de elegir colegio, muchas familias se plantean \u00bfcu\u00e1les son las diferencias entre el sistema educativo brit\u00e1nico y el espa\u00f1ol? Esta pregunta es especialmente relevante en un pa\u00eds como Espa\u00f1a, donde conviven ambos modelos y existe una amplia<\/p>\n\t\t<\/div>\n\t\t\t\t\t<div class=\"elementor-post__read-more-wrapper\">\n\t\t\n\t\t<a class=\"elementor-post__read-more\" href=\"https:\/\/nabss.org\/es\/cuales-son-las-diferencias-entre-el-sistema-educativo-britanico-y-el-espanol\/\" aria-label=\"M\u00e1s informaci\u00f3n sobre \u00bfCu\u00e1les son las diferencias entre el sistema educativo brit\u00e1nico y el espa\u00f1ol?\" tabindex=\"-1\" >\n\t\t\tLeer m\u00e1s\t\t<\/a>\n\n\t\t\t\t\t<\/div>\n\t\t\t\t<\/div>\n\t\t\t\t\t<\/div>\n\t\t<\/article>\n\t\t\t\t<article class=\"elementor-post elementor-grid-item post-8763 post type-post status-publish format-standard has-post-thumbnail hentry category-noticias\" role=\"listitem\">\n\t\t\t<div class=\"elementor-post__card\">\n\t\t\t\t<a class=\"elementor-post__thumbnail__link\" href=\"https:\/\/nabss.org\/es\/which-are-the-best-british-schools-in-spain\/\" tabindex=\"-1\" ><div class=\"elementor-post__thumbnail\"><img loading=\"lazy\" decoding=\"async\" width=\"2560\" height=\"1920\" src=\"https:\/\/nabss.org\/wp-content\/uploads\/2025\/11\/IMG_7383-1-Mrs.-C.-Madeley-scaled.jpg\" class=\"attachment-full size-full wp-image-8878\" alt=\"Students at British Schools in Spain\" srcset=\"https:\/\/nabss.org\/wp-content\/uploads\/2025\/11\/IMG_7383-1-Mrs.-C.-Madeley-scaled.jpg 2560w, https:\/\/nabss.org\/wp-content\/uploads\/2025\/11\/IMG_7383-1-Mrs.-C.-Madeley-300x225.jpg 300w, https:\/\/nabss.org\/wp-content\/uploads\/2025\/11\/IMG_7383-1-Mrs.-C.-Madeley-1024x768.jpg 1024w, https:\/\/nabss.org\/wp-content\/uploads\/2025\/11\/IMG_7383-1-Mrs.-C.-Madeley-768x576.jpg 768w, https:\/\/nabss.org\/wp-content\/uploads\/2025\/11\/IMG_7383-1-Mrs.-C.-Madeley-1536x1152.jpg 1536w, https:\/\/nabss.org\/wp-content\/uploads\/2025\/11\/IMG_7383-1-Mrs.-C.-Madeley-2048x1536.jpg 2048w\" sizes=\"(max-width: 2560px) 100vw, 2560px\" \/><\/div><\/a>\n\t\t\t\t<div class=\"elementor-post__text\">\n\t\t\t\t<h3 class=\"elementor-post__title\">\n\t\t\t<a href=\"https:\/\/nabss.org\/es\/which-are-the-best-british-schools-in-spain\/\" >\n\t\t\t\t\u00bfCu\u00e1les son los mejores colegios brit\u00e1nicos de Espa\u00f1a?\t\t\t<\/a>\n\t\t<\/h3>\n\t\t\t\t<div class=\"elementor-post__excerpt\">\n\t\t\t<p>Elegir un colegio es una de las decisiones m\u00e1s importantes para cualquier familia, especialmente cuando se busca una educaci\u00f3n internacional que combine excelencia acad\u00e9mica, reconocimiento oficial y proyecci\u00f3n global. En Espa\u00f1a, los colegios brit\u00e1nicos se han consolidado como una opci\u00f3n<\/p>\n\t\t<\/div>\n\t\t\t\t\t<div class=\"elementor-post__read-more-wrapper\">\n\t\t\n\t\t<a class=\"elementor-post__read-more\" href=\"https:\/\/nabss.org\/es\/which-are-the-best-british-schools-in-spain\/\" aria-label=\"M\u00e1s informaci\u00f3n sobre \u00bfCu\u00e1les son los mejores colegios brit\u00e1nicos de Espa\u00f1a?\" tabindex=\"-1\" >\n\t\t\tLeer m\u00e1s\t\t<\/a>\n\n\t\t\t\t\t<\/div>\n\t\t\t\t<\/div>\n\t\t\t\t\t<\/div>\n\t\t<\/article>\n\t\t\t\t<\/div>\n\t\t\n\t\t\t\t\t\t<\/div>\n\t\t\t\t<\/div>\n\t\t\t\t<\/div>\n\t\t\t\t<\/div>\n\t\t","protected":false},"excerpt":{"rendered":"<p>NOTICIAS Asociaci\u00f3n Nacional de Colegios Brit\u00e1nicos en Espa\u00f1a | NABSS<\/p>\n","protected":false},"author":1,"featured_media":0,"parent":0,"menu_order":0,"comment_status":"closed","ping_status":"closed","template":"elementor_header_footer","meta":{"footnotes":""},"class_list":["post-6570","page","type-page","status-publish","hentry"],"yoast_head":"<!-- This site is optimized with the Yoast SEO Premium plugin v25.1 (Yoast SEO v27.5) - https:\/\/yoast.com\/product\/yoast-seo-premium-wordpress\/ -->\n<title>Noticias - NABSS<\/title>\n<meta name=\"robots\" content=\"index, follow, max-snippet:-1, max-image-preview:large, max-video-preview:-1\" \/>\n<link rel=\"canonical\" href=\"https:\/\/nabss.org\/es\/noticias\/\" \/>\n<meta property=\"og:locale\" content=\"es_ES\" \/>\n<meta property=\"og:type\" content=\"article\" \/>\n<meta property=\"og:title\" content=\"Noticias\" \/>\n<meta property=\"og:description\" content=\"NOTICIAS Asociaci\u00f3n Nacional de Colegios Brit\u00e1nicos en Espa\u00f1a | NABSS\" \/>\n<meta property=\"og:url\" content=\"https:\/\/nabss.org\/es\/noticias\/\" \/>\n<meta property=\"og:site_name\" content=\"NABSS\" \/>\n<meta property=\"article:modified_time\" content=\"2026-02-02T15:59:43+00:00\" \/>\n<meta name=\"twitter:card\" content=\"summary_large_image\" \/>\n<meta name=\"twitter:label1\" content=\"Tiempo de lectura\" \/>\n\t<meta name=\"twitter:data1\" content=\"1 minuto\" \/>\n<script type=\"application\/ld+json\" class=\"yoast-schema-graph\">{\"@context\":\"https:\\\/\\\/schema.org\",\"@graph\":[{\"@type\":\"WebPage\",\"@id\":\"https:\\\/\\\/nabss.org\\\/es\\\/noticias\\\/\",\"url\":\"https:\\\/\\\/nabss.org\\\/es\\\/noticias\\\/\",\"name\":\"Noticias - NABSS\",\"isPartOf\":{\"@id\":\"https:\\\/\\\/nabss.org\\\/es\\\/#website\"},\"datePublished\":\"2025-09-23T09:33:09+00:00\",\"dateModified\":\"2026-02-02T15:59:43+00:00\",\"breadcrumb\":{\"@id\":\"https:\\\/\\\/nabss.org\\\/es\\\/noticias\\\/#breadcrumb\"},\"inLanguage\":\"es\",\"potentialAction\":[{\"@type\":\"ReadAction\",\"target\":[\"https:\\\/\\\/nabss.org\\\/es\\\/noticias\\\/\"]}]},{\"@type\":\"BreadcrumbList\",\"@id\":\"https:\\\/\\\/nabss.org\\\/es\\\/noticias\\\/#breadcrumb\",\"itemListElement\":[{\"@type\":\"ListItem\",\"position\":1,\"name\":\"Portada\",\"item\":\"https:\\\/\\\/nabss.org\\\/es\\\/\"},{\"@type\":\"ListItem\",\"position\":2,\"name\":\"Noticias\"}]},{\"@type\":\"WebSite\",\"@id\":\"https:\\\/\\\/nabss.org\\\/es\\\/#website\",\"url\":\"https:\\\/\\\/nabss.org\\\/es\\\/\",\"name\":\"NABSS\",\"description\":\"Representing the leading British schools in Spain since 1978.\",\"publisher\":{\"@id\":\"https:\\\/\\\/nabss.org\\\/es\\\/#organization\"},\"potentialAction\":[{\"@type\":\"SearchAction\",\"target\":{\"@type\":\"EntryPoint\",\"urlTemplate\":\"https:\\\/\\\/nabss.org\\\/es\\\/?s={search_term_string}\"},\"query-input\":{\"@type\":\"PropertyValueSpecification\",\"valueRequired\":true,\"valueName\":\"search_term_string\"}}],\"inLanguage\":\"es\"},{\"@type\":\"Organization\",\"@id\":\"https:\\\/\\\/nabss.org\\\/es\\\/#organization\",\"name\":\"NABSS\",\"url\":\"https:\\\/\\\/nabss.org\\\/es\\\/\",\"logo\":{\"@type\":\"ImageObject\",\"inLanguage\":\"es\",\"@id\":\"https:\\\/\\\/nabss.org\\\/es\\\/#\\\/schema\\\/logo\\\/image\\\/\",\"url\":\"https:\\\/\\\/nabss.org\\\/wp-content\\\/uploads\\\/2025\\\/08\\\/logo_NABSS_web-1.png\",\"contentUrl\":\"https:\\\/\\\/nabss.org\\\/wp-content\\\/uploads\\\/2025\\\/08\\\/logo_NABSS_web-1.png\",\"width\":700,\"height\":296,\"caption\":\"NABSS\"},\"image\":{\"@id\":\"https:\\\/\\\/nabss.org\\\/es\\\/#\\\/schema\\\/logo\\\/image\\\/\"}}]}<\/script>\n<!-- \/ Yoast SEO Premium plugin. -->","yoast_head_json":{"title":"Noticias - NABSS","robots":{"index":"index","follow":"follow","max-snippet":"max-snippet:-1","max-image-preview":"max-image-preview:large","max-video-preview":"max-video-preview:-1"},"canonical":"https:\/\/nabss.org\/es\/noticias\/","og_locale":"es_ES","og_type":"article","og_title":"Noticias","og_description":"NOTICIAS Asociaci\u00f3n Nacional de Colegios Brit\u00e1nicos en Espa\u00f1a | NABSS","og_url":"https:\/\/nabss.org\/es\/noticias\/","og_site_name":"NABSS","article_modified_time":"2026-02-02T15:59:43+00:00","twitter_card":"summary_large_image","twitter_misc":{"Tiempo de lectura":"1 minuto"},"schema":{"@context":"https:\/\/schema.org","@graph":[{"@type":"WebPage","@id":"https:\/\/nabss.org\/es\/noticias\/","url":"https:\/\/nabss.org\/es\/noticias\/","name":"Noticias - NABSS","isPartOf":{"@id":"https:\/\/nabss.org\/es\/#website"},"datePublished":"2025-09-23T09:33:09+00:00","dateModified":"2026-02-02T15:59:43+00:00","breadcrumb":{"@id":"https:\/\/nabss.org\/es\/noticias\/#breadcrumb"},"inLanguage":"es","potentialAction":[{"@type":"ReadAction","target":["https:\/\/nabss.org\/es\/noticias\/"]}]},{"@type":"BreadcrumbList","@id":"https:\/\/nabss.org\/es\/noticias\/#breadcrumb","itemListElement":[{"@type":"ListItem","position":1,"name":"Portada","item":"https:\/\/nabss.org\/es\/"},{"@type":"ListItem","position":2,"name":"Noticias"}]},{"@type":"WebSite","@id":"https:\/\/nabss.org\/es\/#website","url":"https:\/\/nabss.org\/es\/","name":"NABSS","description":"Representing the leading British schools in Spain since 1978.","publisher":{"@id":"https:\/\/nabss.org\/es\/#organization"},"potentialAction":[{"@type":"SearchAction","target":{"@type":"EntryPoint","urlTemplate":"https:\/\/nabss.org\/es\/?s={search_term_string}"},"query-input":{"@type":"PropertyValueSpecification","valueRequired":true,"valueName":"search_term_string"}}],"inLanguage":"es"},{"@type":"Organization","@id":"https:\/\/nabss.org\/es\/#organization","name":"NABSS","url":"https:\/\/nabss.org\/es\/","logo":{"@type":"ImageObject","inLanguage":"es","@id":"https:\/\/nabss.org\/es\/#\/schema\/logo\/image\/","url":"https:\/\/nabss.org\/wp-content\/uploads\/2025\/08\/logo_NABSS_web-1.png","contentUrl":"https:\/\/nabss.org\/wp-content\/uploads\/2025\/08\/logo_NABSS_web-1.png","width":700,"height":296,"caption":"NABSS"},"image":{"@id":"https:\/\/nabss.org\/es\/#\/schema\/logo\/image\/"}}]}},"_links":{"self":[{"href":"https:\/\/nabss.org\/es\/wp-json\/wp\/v2\/pages\/6570","targetHints":{"allow":["GET"]}}],"collection":[{"href":"https:\/\/nabss.org\/es\/wp-json\/wp\/v2\/pages"}],"about":[{"href":"https:\/\/nabss.org\/es\/wp-json\/wp\/v2\/types\/page"}],"author":[{"embeddable":true,"href":"https:\/\/nabss.org\/es\/wp-json\/wp\/v2\/users\/1"}],"replies":[{"embeddable":true,"href":"https:\/\/nabss.org\/es\/wp-json\/wp\/v2\/comments?post=6570"}],"version-history":[{"count":5,"href":"https:\/\/nabss.org\/es\/wp-json\/wp\/v2\/pages\/6570\/revisions"}],"predecessor-version":[{"id":8716,"href":"https:\/\/nabss.org\/es\/wp-json\/wp\/v2\/pages\/6570\/revisions\/8716"}],"wp:attachment":[{"href":"https:\/\/nabss.org\/es\/wp-json\/wp\/v2\/media?parent=6570"}],"curies":[{"name":"wp","href":"https:\/\/api.w.org\/{rel}","templated":true}]}}