{"id":6578,"date":"2025-09-24T17:23:34","date_gmt":"2025-09-24T15:23:34","guid":{"rendered":"https:\/\/nabss.org\/quejas\/"},"modified":"2026-03-04T13:02:00","modified_gmt":"2026-03-04T12:02:00","slug":"quejas","status":"publish","type":"page","link":"https:\/\/nabss.org\/es\/quejas\/","title":{"rendered":"Quejas"},"content":{"rendered":"\t\t<div data-elementor-type=\"wp-page\" data-elementor-id=\"6578\" class=\"elementor elementor-6578 elementor-2977\" data-elementor-post-type=\"page\">\n\t\t\t\t<div class=\"elementor-element elementor-element-3d493af7 e-flex e-con-boxed e-con e-parent\" data-id=\"3d493af7\" data-element_type=\"container\" data-e-type=\"container\">\n\t\t\t\t\t<div class=\"e-con-inner\">\n\t\t\t\t<div class=\"elementor-element elementor-element-7a856267 elementor-widget elementor-widget-spacer\" data-id=\"7a856267\" data-element_type=\"widget\" data-e-type=\"widget\" data-widget_type=\"spacer.default\">\n\t\t\t\t\t\t\t<div class=\"elementor-spacer\">\n\t\t\t<div class=\"elementor-spacer-inner\"><\/div>\n\t\t<\/div>\n\t\t\t\t\t\t<\/div>\n\t\t\t\t\t<\/div>\n\t\t\t\t<\/div>\n\t\t<div class=\"elementor-element elementor-element-3931050b fondo-gradiante e-flex e-con-boxed e-con e-parent\" data-id=\"3931050b\" data-element_type=\"container\" data-e-type=\"container\" data-settings=\"{&quot;background_background&quot;:&quot;classic&quot;}\">\n\t\t\t\t\t<div class=\"e-con-inner\">\n\t\t\t\t<div class=\"elementor-element elementor-element-416fead9 elementor-widget__width-initial elementor-widget elementor-widget-heading\" data-id=\"416fead9\" data-element_type=\"widget\" data-e-type=\"widget\" data-widget_type=\"heading.default\">\n\t\t\t\t\t<h1 class=\"elementor-heading-title elementor-size-default\">QUEJAS<\/h1>\t\t\t\t<\/div>\n\t\t\t\t\t<\/div>\n\t\t\t\t<\/div>\n\t\t<div class=\"elementor-element elementor-element-73fa947 e-flex e-con-boxed e-con e-parent\" data-id=\"73fa947\" data-element_type=\"container\" data-e-type=\"container\" data-settings=\"{&quot;background_background&quot;:&quot;classic&quot;}\">\n\t\t\t\t\t<div class=\"e-con-inner\">\n\t\t<div class=\"elementor-element elementor-element-28b52a7 e-flex e-con-boxed e-con e-child\" data-id=\"28b52a7\" data-element_type=\"container\" data-e-type=\"container\">\n\t\t\t\t\t<div class=\"e-con-inner\">\n\t\t\t\t<div class=\"elementor-element elementor-element-ee98ccf elementor-widget elementor-widget-text-editor\" data-id=\"ee98ccf\" data-element_type=\"widget\" data-e-type=\"widget\" data-widget_type=\"text-editor.default\">\n\t\t\t\t\t\t\t\t\t<p>El comit\u00e9 ejecutivo de NABSS solo considerar\u00e1 y responder\u00e1 a los siguientes tipos de quejas:<\/p><div id=\"av-layout-grid-1\" class=\"av-layout-grid-container entry-content-wrapper main_color av-flex-cells avia-builder-el-3 el_after_av_hr el_before_av_layout_row submenu-not-first container_wrap fullsize\"><div class=\"flex_cell no_margin av_three_fifth avia-builder-el-5 el_after_av_cell_one_fifth el_before_av_cell_one_fifth av-zero-padding \"><div class=\"flex_cell_inner\"><section class=\"av_textblock_section \"><div class=\"avia_textblock \"><p><strong>\u2022 Quejas sobre la propia NABSS.<\/strong><br><strong>\u2022 Quejas sobre escuelas miembro individuales, recibidas de otras escuelas miembro, que se refieran a infracciones del c\u00f3digo \u00e9tico de NABSS.<\/strong><\/p><p>Las quejas deben enviarse por escrito a <em>nabss@acade.es<\/em><br>La persona que presente la queja deber\u00e1 proporcionar su nombre completo e indicar su relaci\u00f3n con la escuela o escuelas a las que se refiere. Deber\u00e1 especificar qu\u00e9 punto considera que se ha infringido y deber\u00e1 aportar pruebas adecuadas. <\/p><p>NABSS acusar\u00e1 recibo de las quejas en un plazo de cinco d\u00edas h\u00e1biles. Las conclusiones finales pueden depender de que el asunto se presente en las reuniones del comit\u00e9 ejecutivo y, posiblemente, de investigaciones de seguimiento. Por lo tanto, las respuestas definitivas pueden tardar hasta cuatro meses a partir de la fecha de recepci\u00f3n de la queja. En el caso de infracciones del c\u00f3digo \u00e9tico de NABSS, el comit\u00e9 ejecutivo decidir\u00e1 si la escuela miembro en cuesti\u00f3n debe recibir una advertencia o sanci\u00f3n de acuerdo con las normas de NABSS. Sin embargo, NABSS no intervendr\u00e1 directamente para realizar cambios o deshacer acciones dentro de una escuela miembro para solucionar un problema particular. Corresponde a la escuela tomar medidas para evitar nuevas sanciones por parte de la asociaci\u00f3n.     <\/p><p><strong>Directrices generales para las quejas sobre las escuelas miembro de NABSS.<\/strong><\/p><p>El procedimiento para presentar quejas sobre los colegios brit\u00e1nicos en Espa\u00f1a es el siguiente:<\/p><p>En primer lugar, siga el procedimiento de reclamaciones propio del colegio. Todos los colegios deben tener un procedimiento de reclamaciones por escrito, que debe proporcionar los medios para que la mayor\u00eda de las reclamaciones se tramiten de forma eficaz. Si el colegio no dispone de un procedimiento de reclamaciones, deber\u00e1 informarse de ello al servicio de inspecci\u00f3n, a trav\u00e9s del British Council (v\u00e9ase m\u00e1s adelante).  <\/p><p>Si, tras seguir el procedimiento de reclamaci\u00f3n del colegio, el reclamante considera necesario recurrir a una autoridad superior, existen dos opciones en funci\u00f3n de la naturaleza de la reclamaci\u00f3n.<\/p><p><strong>1) Legislaci\u00f3n espa\u00f1ola.<\/strong> Todos los colegios brit\u00e1nicos en Espa\u00f1a est\u00e1n sujetos a la legislaci\u00f3n espa\u00f1ola y, por lo tanto, si un colegio est\u00e1 actuando en contra de la ley, los reclamantes pueden remitir el asunto a las autoridades competentes o emprender acciones legales. Esto incluye los asuntos relacionados con el abuso infantil. <\/p><p><strong>2) El proceso de inspecci\u00f3n.<\/strong> Los colegios brit\u00e1nicos en Espa\u00f1a son inspeccionados por proveedores de inspecci\u00f3n brit\u00e1nicos. La \u00fanica parte del curr\u00edculo que est\u00e1 sujeta a la inspecci\u00f3n local espa\u00f1ola es la de lengua y cultura espa\u00f1olas. Si un reclamante considera que un asunto podr\u00eda poner en duda la autorizaci\u00f3n de un colegio, o deber\u00eda tenerse en cuenta en inspecciones posteriores, debe ponerse en contacto con el British Council en Espa\u00f1a, que coordina el proceso de inspecci\u00f3n y certificaci\u00f3n de los colegios brit\u00e1nicos en Espa\u00f1a. El British Council puede optar por remitir el asunto al proveedor de inspecci\u00f3n que inspeccion\u00f3 por \u00faltima vez el colegio.   <\/p><p>Tenga en cuenta que NABSS ofrece un servicio de inspecci\u00f3n para los colegios brit\u00e1nicos en Espa\u00f1a. Sin embargo, los colegios (incluidos los miembros de NABSS) tambi\u00e9n pueden optar por utilizar otros proveedores. Las evaluaciones y recomendaciones de las inspecciones se comunican al comit\u00e9 de seguimiento de las inspecciones del British Council, no al comit\u00e9 ejecutivo de NABSS. Por lo tanto, las quejas sobre los colegios que han sido inspeccionados por el servicio de inspecci\u00f3n de NABSS deben presentarse directamente al British Council, que a su vez involucrar\u00e1 al servicio de inspecci\u00f3n si es necesario.   <\/p><p><em>Revisado en julio de 2019.<\/em><\/p><\/div><\/section><\/div><\/div><\/div><div id=\"av-layout-grid-2\" class=\"av-layout-grid-container entry-content-wrapper main_color av-flex-cells avia-builder-el-8 el_after_av_layout_row avia-builder-el-last submenu-not-first container_wrap fullsize\"><div class=\"flex_cell no_margin av_one_fifth avia-builder-el-9 el_before_av_cell_three_fifth avia-builder-el-first av-zero-padding \"><div class=\"flex_cell_inner\"> <\/div><\/div><div class=\"flex_cell no_margin av_three_fifth avia-builder-el-10 el_after_av_cell_one_fifth el_before_av_cell_one_fifth \"><div class=\"flex_cell_inner\"><section class=\"av_textblock_section \"><div class=\"avia_textblock \"><p>Todos los colegios deben tener un procedimiento de reclamaciones en vigor.<\/p><p>Quejas sobre:<\/p><ul><li><strong>Un<\/strong> <strong>alumno<\/strong>: deben dirigirse al director del colegio<\/li><li><strong>Un profesor<\/strong>: deben dirigirse al director del colegio<\/li><li><strong>Un director<\/strong>: deben dirigirse al Consejo de Administraci\u00f3n\/Directores, propietarios o representante legal del colegio<\/li><li><strong>El consejo de administraci\u00f3n\/directores o propietario<\/strong>: deben dirigirse al director y al responsable de educaci\u00f3n del British Council, Madrid, cuando se trate de un asunto educativo. Las cuestiones relativas a los contratos o a los acuerdos cliente-empresa deben dirigirse a las autoridades espa\u00f1olas competentes, por ejemplo, al Ministerio de Trabajo. <\/li><li><strong>Un colegio<\/strong>: deben dirigirse al director en primera instancia. A partir de entonces: <\/li><li><strong>Un<\/strong> problema del C\u00f3digo \u00c9tico de NABSS: debe dirigirse al Comit\u00e9 Ejecutivo de NABSS.<\/li><li><strong>Pr\u00e1cticas laborales<\/strong>: deben dirigirse a la oficina local del \u00abMinisterio de Trabajo\u00bb.<\/li><li><strong>Asuntos de protecci\u00f3n de menores<\/strong>: deben dirigirse, en primera instancia, al director. Si se requiere alguna otra acci\u00f3n, se debe contactar con los servicios sociales y con el \u00abfiscal de menores\u00bb. <\/li><\/ul><\/div><\/section><\/div><\/div><\/div>\t\t\t\t\t\t\t\t<\/div>\n\t\t\t\t\t<\/div>\n\t\t\t\t<\/div>\n\t\t\t\t\t<\/div>\n\t\t\t\t<\/div>\n\t\t\t\t<\/div>\n\t\t","protected":false},"excerpt":{"rendered":"<p>QUEJAS El comit\u00e9 ejecutivo de NABSS solo considerar\u00e1 y responder\u00e1 a los siguientes tipos de quejas: \u2022 Quejas sobre la propia NABSS.\u2022 Quejas sobre escuelas miembro individuales, recibidas de otras escuelas miembro, que se refieran a infracciones del c\u00f3digo \u00e9tico de NABSS. Las quejas deben enviarse por escrito a nabss@acade.esLa persona que presente la queja [&hellip;]<\/p>\n","protected":false},"author":1,"featured_media":0,"parent":0,"menu_order":0,"comment_status":"closed","ping_status":"closed","template":"elementor_header_footer","meta":{"footnotes":""},"class_list":["post-6578","page","type-page","status-publish","hentry"],"yoast_head":"<!-- This site is optimized with the Yoast SEO Premium plugin v25.1 (Yoast SEO v27.1.1) - https:\/\/yoast.com\/product\/yoast-seo-premium-wordpress\/ -->\n<title>Quejas - NABSS<\/title>\n<meta name=\"robots\" content=\"noindex, nofollow\" \/>\n<meta property=\"og:locale\" content=\"es_ES\" \/>\n<meta property=\"og:type\" content=\"article\" \/>\n<meta property=\"og:title\" content=\"Quejas\" \/>\n<meta property=\"og:description\" content=\"QUEJAS El comit\u00e9 ejecutivo de NABSS solo considerar\u00e1 y responder\u00e1 a los siguientes tipos de quejas: \u2022 Quejas sobre la propia NABSS.\u2022 Quejas sobre escuelas miembro individuales, recibidas de otras escuelas miembro, que se refieran a infracciones del c\u00f3digo \u00e9tico de NABSS. Las quejas deben enviarse por escrito a nabss@acade.esLa persona que presente la queja [&hellip;]\" \/>\n<meta property=\"og:url\" content=\"https:\/\/nabss.org\/es\/quejas\/\" \/>\n<meta property=\"og:site_name\" content=\"NABSS\" \/>\n<meta property=\"article:modified_time\" content=\"2026-03-04T12:02:00+00:00\" \/>\n<meta name=\"twitter:card\" content=\"summary_large_image\" \/>\n<meta name=\"twitter:label1\" content=\"Tiempo de lectura\" \/>\n\t<meta name=\"twitter:data1\" content=\"4 minutos\" \/>\n<script type=\"application\/ld+json\" class=\"yoast-schema-graph\">{\"@context\":\"https:\/\/schema.org\",\"@graph\":[{\"@type\":\"WebPage\",\"@id\":\"https:\/\/nabss.org\/es\/quejas\/\",\"url\":\"https:\/\/nabss.org\/es\/quejas\/\",\"name\":\"Quejas - NABSS\",\"isPartOf\":{\"@id\":\"https:\/\/nabss.org\/es\/#website\"},\"datePublished\":\"2025-09-24T15:23:34+00:00\",\"dateModified\":\"2026-03-04T12:02:00+00:00\",\"breadcrumb\":{\"@id\":\"https:\/\/nabss.org\/es\/quejas\/#breadcrumb\"},\"inLanguage\":\"es\",\"potentialAction\":[{\"@type\":\"ReadAction\",\"target\":[\"https:\/\/nabss.org\/es\/quejas\/\"]}]},{\"@type\":\"BreadcrumbList\",\"@id\":\"https:\/\/nabss.org\/es\/quejas\/#breadcrumb\",\"itemListElement\":[{\"@type\":\"ListItem\",\"position\":1,\"name\":\"Portada\",\"item\":\"https:\/\/nabss.org\/es\/\"},{\"@type\":\"ListItem\",\"position\":2,\"name\":\"Quejas\"}]},{\"@type\":\"WebSite\",\"@id\":\"https:\/\/nabss.org\/es\/#website\",\"url\":\"https:\/\/nabss.org\/es\/\",\"name\":\"NABSS\",\"description\":\"Representing the leading British schools in Spain since 1978.\",\"publisher\":{\"@id\":\"https:\/\/nabss.org\/es\/#organization\"},\"potentialAction\":[{\"@type\":\"SearchAction\",\"target\":{\"@type\":\"EntryPoint\",\"urlTemplate\":\"https:\/\/nabss.org\/es\/?s={search_term_string}\"},\"query-input\":{\"@type\":\"PropertyValueSpecification\",\"valueRequired\":true,\"valueName\":\"search_term_string\"}}],\"inLanguage\":\"es\"},{\"@type\":\"Organization\",\"@id\":\"https:\/\/nabss.org\/es\/#organization\",\"name\":\"NABSS\",\"url\":\"https:\/\/nabss.org\/es\/\",\"logo\":{\"@type\":\"ImageObject\",\"inLanguage\":\"es\",\"@id\":\"https:\/\/nabss.org\/es\/#\/schema\/logo\/image\/\",\"url\":\"https:\/\/nabss.org\/wp-content\/uploads\/2025\/08\/logo_NABSS_web-1.png\",\"contentUrl\":\"https:\/\/nabss.org\/wp-content\/uploads\/2025\/08\/logo_NABSS_web-1.png\",\"width\":700,\"height\":296,\"caption\":\"NABSS\"},\"image\":{\"@id\":\"https:\/\/nabss.org\/es\/#\/schema\/logo\/image\/\"}}]}<\/script>\n<!-- \/ Yoast SEO Premium plugin. -->","yoast_head_json":{"title":"Quejas - NABSS","robots":{"index":"noindex","follow":"nofollow"},"og_locale":"es_ES","og_type":"article","og_title":"Quejas","og_description":"QUEJAS El comit\u00e9 ejecutivo de NABSS solo considerar\u00e1 y responder\u00e1 a los siguientes tipos de quejas: \u2022 Quejas sobre la propia NABSS.\u2022 Quejas sobre escuelas miembro individuales, recibidas de otras escuelas miembro, que se refieran a infracciones del c\u00f3digo \u00e9tico de NABSS. Las quejas deben enviarse por escrito a nabss@acade.esLa persona que presente la queja [&hellip;]","og_url":"https:\/\/nabss.org\/es\/quejas\/","og_site_name":"NABSS","article_modified_time":"2026-03-04T12:02:00+00:00","twitter_card":"summary_large_image","twitter_misc":{"Tiempo de lectura":"4 minutos"},"schema":{"@context":"https:\/\/schema.org","@graph":[{"@type":"WebPage","@id":"https:\/\/nabss.org\/es\/quejas\/","url":"https:\/\/nabss.org\/es\/quejas\/","name":"Quejas - NABSS","isPartOf":{"@id":"https:\/\/nabss.org\/es\/#website"},"datePublished":"2025-09-24T15:23:34+00:00","dateModified":"2026-03-04T12:02:00+00:00","breadcrumb":{"@id":"https:\/\/nabss.org\/es\/quejas\/#breadcrumb"},"inLanguage":"es","potentialAction":[{"@type":"ReadAction","target":["https:\/\/nabss.org\/es\/quejas\/"]}]},{"@type":"BreadcrumbList","@id":"https:\/\/nabss.org\/es\/quejas\/#breadcrumb","itemListElement":[{"@type":"ListItem","position":1,"name":"Portada","item":"https:\/\/nabss.org\/es\/"},{"@type":"ListItem","position":2,"name":"Quejas"}]},{"@type":"WebSite","@id":"https:\/\/nabss.org\/es\/#website","url":"https:\/\/nabss.org\/es\/","name":"NABSS","description":"Representing the leading British schools in Spain since 1978.","publisher":{"@id":"https:\/\/nabss.org\/es\/#organization"},"potentialAction":[{"@type":"SearchAction","target":{"@type":"EntryPoint","urlTemplate":"https:\/\/nabss.org\/es\/?s={search_term_string}"},"query-input":{"@type":"PropertyValueSpecification","valueRequired":true,"valueName":"search_term_string"}}],"inLanguage":"es"},{"@type":"Organization","@id":"https:\/\/nabss.org\/es\/#organization","name":"NABSS","url":"https:\/\/nabss.org\/es\/","logo":{"@type":"ImageObject","inLanguage":"es","@id":"https:\/\/nabss.org\/es\/#\/schema\/logo\/image\/","url":"https:\/\/nabss.org\/wp-content\/uploads\/2025\/08\/logo_NABSS_web-1.png","contentUrl":"https:\/\/nabss.org\/wp-content\/uploads\/2025\/08\/logo_NABSS_web-1.png","width":700,"height":296,"caption":"NABSS"},"image":{"@id":"https:\/\/nabss.org\/es\/#\/schema\/logo\/image\/"}}]}},"_links":{"self":[{"href":"https:\/\/nabss.org\/es\/wp-json\/wp\/v2\/pages\/6578","targetHints":{"allow":["GET"]}}],"collection":[{"href":"https:\/\/nabss.org\/es\/wp-json\/wp\/v2\/pages"}],"about":[{"href":"https:\/\/nabss.org\/es\/wp-json\/wp\/v2\/types\/page"}],"author":[{"embeddable":true,"href":"https:\/\/nabss.org\/es\/wp-json\/wp\/v2\/users\/1"}],"replies":[{"embeddable":true,"href":"https:\/\/nabss.org\/es\/wp-json\/wp\/v2\/comments?post=6578"}],"version-history":[{"count":1,"href":"https:\/\/nabss.org\/es\/wp-json\/wp\/v2\/pages\/6578\/revisions"}],"predecessor-version":[{"id":6579,"href":"https:\/\/nabss.org\/es\/wp-json\/wp\/v2\/pages\/6578\/revisions\/6579"}],"wp:attachment":[{"href":"https:\/\/nabss.org\/es\/wp-json\/wp\/v2\/media?parent=6578"}],"curies":[{"name":"wp","href":"https:\/\/api.w.org\/{rel}","templated":true}]}}