{"id":6580,"date":"2025-09-24T15:53:56","date_gmt":"2025-09-24T13:53:56","guid":{"rendered":"https:\/\/nabss.org\/politica-de-privacidad\/"},"modified":"2026-03-04T12:51:44","modified_gmt":"2026-03-04T11:51:44","slug":"politica-de-privacidad","status":"publish","type":"page","link":"https:\/\/nabss.org\/es\/politica-de-privacidad\/","title":{"rendered":"Pol\u00edtica de privacidad"},"content":{"rendered":"\t\t<div data-elementor-type=\"wp-page\" data-elementor-id=\"6580\" class=\"elementor elementor-6580 elementor-2968\" data-elementor-post-type=\"page\">\n\t\t\t\t<div class=\"elementor-element elementor-element-3d493af7 e-flex e-con-boxed e-con e-parent\" data-id=\"3d493af7\" data-element_type=\"container\" data-e-type=\"container\">\n\t\t\t\t\t<div class=\"e-con-inner\">\n\t\t\t\t<div class=\"elementor-element elementor-element-7a856267 elementor-widget elementor-widget-spacer\" data-id=\"7a856267\" data-element_type=\"widget\" data-e-type=\"widget\" data-widget_type=\"spacer.default\">\n\t\t\t\t\t\t\t<div class=\"elementor-spacer\">\n\t\t\t<div class=\"elementor-spacer-inner\"><\/div>\n\t\t<\/div>\n\t\t\t\t\t\t<\/div>\n\t\t\t\t\t<\/div>\n\t\t\t\t<\/div>\n\t\t<div class=\"elementor-element elementor-element-3931050b fondo-gradiante e-flex e-con-boxed e-con e-parent\" data-id=\"3931050b\" data-element_type=\"container\" data-e-type=\"container\" data-settings=\"{&quot;background_background&quot;:&quot;classic&quot;}\">\n\t\t\t\t\t<div class=\"e-con-inner\">\n\t\t\t\t<div class=\"elementor-element elementor-element-416fead9 elementor-widget__width-initial elementor-widget elementor-widget-heading\" data-id=\"416fead9\" data-element_type=\"widget\" data-e-type=\"widget\" data-widget_type=\"heading.default\">\n\t\t\t\t\t<h1 class=\"elementor-heading-title elementor-size-default\">POL\u00cdTICA DE PRIVACIDAD<\/h1>\t\t\t\t<\/div>\n\t\t\t\t<div class=\"elementor-element elementor-element-37d00681 elementor-widget__width-initial elementor-widget elementor-widget-text-editor\" data-id=\"37d00681\" data-element_type=\"widget\" data-e-type=\"widget\" data-widget_type=\"text-editor.default\">\n\t\t\t\t\t\t\t\t\t<p>NABSS<\/p>\t\t\t\t\t\t\t\t<\/div>\n\t\t\t\t\t<\/div>\n\t\t\t\t<\/div>\n\t\t<div class=\"elementor-element elementor-element-73fa947 e-flex e-con-boxed e-con e-parent\" data-id=\"73fa947\" data-element_type=\"container\" data-e-type=\"container\" data-settings=\"{&quot;background_background&quot;:&quot;classic&quot;}\">\n\t\t\t\t\t<div class=\"e-con-inner\">\n\t\t<div class=\"elementor-element elementor-element-28b52a7 e-flex e-con-boxed e-con e-child\" data-id=\"28b52a7\" data-element_type=\"container\" data-e-type=\"container\">\n\t\t\t\t\t<div class=\"e-con-inner\">\n\t\t\t\t<div class=\"elementor-element elementor-element-ee98ccf elementor-widget elementor-widget-text-editor\" data-id=\"ee98ccf\" data-element_type=\"widget\" data-e-type=\"widget\" data-widget_type=\"text-editor.default\">\n\t\t\t\t\t\t\t\t\t<p><strong>INFORMACI\u00d3N DEL USUARIO<\/strong><\/p><p>La ASOCIACI\u00d3N DE COLEGIOS BRIT\u00c1NICOS EN ESPA\u00d1A (NABSS), le informa que, seg\u00fan lo dispuesto en el Reglamento General (UE) 2016\/679, de protecci\u00f3n de datos, (RGPD) y en la L.O.3\/2018, de protecci\u00f3n de datos y garant\u00eda de los derechos digitales (LOPDGDD), trataremos su datos tal y como reflejamos en la presente Pol\u00edtica de Privacidad.<\/p><p>En esta Pol\u00edtica de Privacidad describimos c\u00f3mo recogemos sus datos personales y por qu\u00e9 los recogemos, qu\u00e9<br>hacemos con ellos, con qui\u00e9n los compartimos, c\u00f3mo los protegemos y sus opciones en cuanto al tratamiento de sus datos personales.<\/p><p>Esta Pol\u00edtica se aplica al tratamiento de sus datos personales recogidos por la empresa para la prestaci\u00f3n de sus<br>servicios. Si cumplimenta cualquiera de nuestros formularios debe aceptar previamente las condiciones de esta Pol\u00edtica y guardaremos registro de esa aceptaci\u00f3n. <\/p><p>1. RESPONSABLE DEL TRATAMIENTO DE TUS DATOS<br>El responsable del tratamiento de los datos recogidos en esta p\u00e1gina web es:<br>Raz\u00f3n social: ASOCIACI\u00d3N DE COLEGIOS BRIT\u00c1NICOS EN ESPA\u00d1A (NABSS)<br>NIF: G28631752<br>Domicilio: calle Ferraz, 85, 28008 Madrid<br>Tel\u00e9fono: 91 550 01 23<br>e-mail: nabss@acade.es<br>DPO: dpo.nabss@acade.es<\/p><p>2. PURLEGAL BASIS AND RETENTION PERIOD<br>WORK WITH USPOSE, <\/p><ul><li>Recogemos y tratamos sus datos personales a trav\u00e9s de los formularios que se encuentran en nuestra p\u00e1gina web:<\/li><li>Legitimaci\u00f3n: El tratamiento se basa en el consentimiento inequ\u00edvoco que nos otorga el candidato al enviar sus<br>datos y su cv.<\/li><li>Conservaci\u00f3n: Los cv recibidos se almacenar\u00e1n en nuestras bases de datos durante un m\u00e1ximo de un a\u00f1o.<\/li><\/ul><p> <\/p><p><strong>CONTACTA CON NOSOTROS<\/strong><\/p><ul><li>Finalidad: Contestar a sus solicitudes de informaci\u00f3n, atender sus peticiones y responder sus consultas o dudas<\/li><li>Legitimaci\u00f3n: El tratamiento se basa en el consentimiento inequ\u00edvoco tras la cumplimentaci\u00f3n, aceptaci\u00f3n y<br>env\u00edo del formulario.<\/li><li>Conservaci\u00f3n: Sus datos se conservar\u00e1n en nuestras bases de datos durante un plazo m\u00e1ximo de 6 meses, en el<br>caso de que no haya habido actividad previa de contacto.<\/li><\/ul><p><strong>NEWSLETTER<\/strong><\/p><ul><li>Finalidad: Enviarle informaci\u00f3n comercial de nuestras actividades y servicios, inclusive por medios electr\u00f3nicos.<\/li><li>Legitimaci\u00f3n: El tratamiento se basa en el consentimiento inequ\u00edvoco que nos otorga el usuario al rellenar el<br>formulario de suscripci\u00f3n.<\/li><li>Conservaci\u00f3n: Los datos ser\u00e1n conservados mientras el Usuario no se oponga a su tratamiento o revoque el<br>consentimiento otorgado a tal efecto.<\/li><\/ul><p><strong>3. TIPOS DE DATOS RECOLECTADOS<\/strong><\/p><p>Los tipos de datos que se pueden solicitar son:<br>&#8211; Datos de car\u00e1cter identificativo y de contacto.<br>&#8211; Datos de circunstancias personales y sociales<br>&#8211; Datos de acad\u00e9micos y profesionales<\/p><p>Tambi\u00e9n recogemos de forma autom\u00e1tica datos sobre su visita a nuestro sitio web, seg\u00fan se describe en la pol\u00edtica de cookies. La Asociaci\u00f3n no recopila datos considerados especialmente sensibles como pueden ser: raza u origen \u00e9tnico, opiniones pol\u00edticas o creencias religiosas o filos\u00f3ficas, participaci\u00f3n en sindicatos, salud, actividad sexual u orientaci\u00f3n sexual, datos biom\u00e9tricos o gen\u00e9ticos. <\/p><p>Es responsabilidad de cada usuario proporcionar datos que sean verdaderos, exactos, completos y actualizados y solo ellos ser\u00e1n responsables de cualquier da\u00f1o o perjuicio, directo o indirecto, que pudiera ocasionarse como consecuencia del incumplimiento de tal obligaci\u00f3n.<\/p><p>El usuario garantiza que los datos aportados son verdaderos, exactos, completos y actualizados, siendo responsable de cualquier da\u00f1o o perjuicio, directo o indirecto, que pudiera ocasionarse como consecuencia del incumplimiento de tal obligaci\u00f3n. En caso de que el usuario facilite datos de terceros, manifiesta contar con el consentimiento de los mismos y se compromete a trasladarle la informaci\u00f3n contenida en esta cl\u00e1usula, eximiendo a la Asociaci\u00f3n de cualquier responsabilidad en este sentido. No obstante, la Asociaci\u00f3n, podr\u00e1 llevar a cabo las verificaciones para constatar este hecho, adoptando las medidas de diligencia debida que correspondan, conforme a la normativa de protecci\u00f3n de datos. <\/p><p><strong>4. DESTINATARIOS DE LOS DATOS<\/strong><\/p><p>Todos los datos personales facilitados por el usuario podr\u00e1n ser comunicados a:<br>&#8211; Administraciones P\u00fablicas, en los casos previstos en la ley, con base en el cumplimiento de una obligaci\u00f3n legal.<br>&#8211; Juzgados y Tribunales, en los casos previstos en la ley, con base en el cumplimiento de una obligaci\u00f3n legal.<br>&#8211; Bancos y entidades financieras para el cobro de los servicios ofrecidos.<\/p><p>Adem\u00e1s, la Asociaci\u00f3n contar\u00e1 con la colaboraci\u00f3n de terceros, proveedores de servicios, que pueden tener acceso a sus datos personales, los cuales tratar\u00e1n, en nombre y por cuenta de la Asociaci\u00f3n datos del usuario, para la prestaci\u00f3n de los servicios contratados. <\/p><p>Concretamente, la Asociaci\u00f3n contar\u00e1 con la prestaci\u00f3n de servicios por parte de terceros proveedores que<br>desempe\u00f1an su actividad, a t\u00edtulo enunciativo y no limitativo, en los sectores de actividad: asesoramiento jur\u00eddico y<br>servicios tecnol\u00f3gicos e inform\u00e1ticos.<\/p><p>No se realizan transferencias internacionales, pero en el caso de transferirse datos personales a un tercer pa\u00eds o a una organizaci\u00f3n internacional, tendr\u00e1 derecho a ser informado sobre c\u00f3mo se puede acceder u obtener copia de las garant\u00edas adecuadas relativas a la transferencia. <\/p><p><strong>5. RESPONSABILIDAD DEL USUARIO<\/strong><\/p><p>El usuario garantiza que es mayor de catorce (14) a\u00f1os y que los datos que facilita a la Asociaci\u00f3n son verdaderos,<br>exactos, completos y actualizados. A estos efectos, el usuario responde de la veracidad de todos los datos que<br>comunique y mantendr\u00e1 convenientemente actualizada la informaci\u00f3n facilitada, de tal forma que responda a su<br>situaci\u00f3n real. Del mismo modo, garantiza que ha informado a los terceros de los que facilite sus datos, en caso de hacerlo, de los aspectos contenidos en este documento. Asimismo, garantiza que ha obtenido su autorizaci\u00f3n para facilitar sus datos a la Asociaci\u00f3n para los fines se\u00f1alados. <\/p><p>En todo caso, el Usuario ser\u00e1 responsable de las informaciones falsas o inexactas que proporcione a trav\u00e9s de la web, y de los da\u00f1os y perjuicios, directos o indirectos, que ello cause a la Asociaci\u00f3n o a terceros.<\/p><p><strong>6. EJERCICIO DE DERECHOS<\/strong><\/p><p>Como titular de los datos, el usuario puede enviar un escrito a la Asociaci\u00f3n, a la direcci\u00f3n indicada en el encabezado de la presente Pol\u00edtica de Privacidad, o bien por medio de un correo electr\u00f3nico a la direcci\u00f3n: nabss@acade.es, en cualquier momento y de manera gratuita, para ejercer los siguientes derechos:<\/p><p>a) Derecho de Acceso:<br>Tendr\u00e1 derecho a que la Asociaci\u00f3n le informe sobre si est\u00e1 tratando o no sus datos personales y, en tal caso, poder<br>acceder a dichos datos y recibir informaci\u00f3n sobre los fines para los que son tratados, las categor\u00edas de datos afectados por el tratamiento, los destinatarios a los que se comunicaron sus datos personales y el plazo previsto de conservaci\u00f3n de los datos, entre otra informaci\u00f3n.<\/p><p>b) Derecho de Supresi\u00f3n y Oposici\u00f3n:<br>Tendr\u00e1 derecho a solicitar la supresi\u00f3n de datos personales siempre que se cumplan los requisitos legales o a oponerse al tratamiento en cualquier momento, por motivos relacionados con su situaci\u00f3n particular, en caso de que el tratamiento est\u00e9 basado en nuestro inter\u00e9s leg\u00edtimo.<\/p><p>c) Derecho de Rectificaci\u00f3n:<br>Tendr\u00e1 derecho a solicitar la rectificaci\u00f3n de los datos inexactos que le conciernan cuando, entre otros motivos, \u00e9stos ya no sean necesarios para los fines para los que fueron recogidos.<\/p><p>d) Limitaci\u00f3n del tratamiento al tratamiento y revocaci\u00f3n del consentimiento:<br>En determinadas circunstancias (por ejemplo, en caso de que el solicitante impugne la exactitud de sus datos, mientras se verifica la exactitud de los mismos), podr\u00e1 solicitar que se limite el tratamiento de sus datos personales, siendo estos \u00fanicamente tratados para el ejercicio o la defensa de reclamaciones.<br>Tambi\u00e9n tendr\u00e1 derecho a revocar el consentimiento prestado en cualquier momento.<\/p><p>e) Portabilidad de sus datos:<br>Tendr\u00e1 derecho a recibir los datos personales que haya facilitado a la Asociaci\u00f3n en un formato estructurado, com\u00fan y de lectura mec\u00e1nica, y a poder transmitirlos a otro responsable del tratamiento sin que el responsable al que se los hubiera facilitado se lo impida, en los supuestos legalmente previstos a estos efectos.<\/p><p>f) Decisiones individuales automatizadas:<br>Asimismo, adem\u00e1s de los derechos mencionados, en caso de que se adopten decisiones automatizadas, incluida la<br>elaboraci\u00f3n de perfiles, tendr\u00e1 derecho a obtener intervenci\u00f3n humana por parte de la Asociaci\u00f3n y a expresar su<br>punto de vista y a impugnar la decisi\u00f3n.<\/p><p>Por \u00faltimo, le informamos que podr\u00e1 interponer una reclamaci\u00f3n relativa a la protecci\u00f3n de sus datos personales ante la Agencia Espa\u00f1ola de Protecci\u00f3n de Datos (www.aepd.es), cuando el interesado considere que la Asociaci\u00f3n ha vulnerado los derechos que le son reconocidos por la normativa aplicable en protecci\u00f3n de datos.<br>El plazo para hacer efectivo su derecho, como interesado, ser\u00e1 de un mes a partir de la recepci\u00f3n de la solicitud, el cual puede ser prorrogado por dos meses m\u00e1s en supuestos de complejidad o n\u00famero de solicitudes recibidas.<\/p><p><strong>7. MEDIDAS DE SEGURIDAD<\/strong><\/p><p>la Asociaci\u00f3n tratar\u00e1 los datos del Usuario en todo momento de forma absolutamente confidencial y guardando el<br>preceptivo deber de secreto respecto de los mismos, de conformidad con lo previsto en la normativa de aplicaci\u00f3n,<br>adoptando al efecto las medidas de \u00edndole t\u00e9cnica y organizativas necesarias que garanticen la seguridad de sus datos y eviten su alteraci\u00f3n, p\u00e9rdida, tratamiento o acceso no autorizado, habida cuenta del estado de la tecnolog\u00eda, la naturaleza de los datos almacenados y los riesgos a que est\u00e1n expuestos.<\/p><p><strong>8. ACEPTACI\u00d3N Y CONSENTIMIENTO<\/strong><br>El Usuario declara haber sido informado de las condiciones sobre protecci\u00f3n de datos personales, aceptando el<br>contenido de la presente Pol\u00edtica de Privacidad.<\/p><p><strong>9. OBLIGATORIEDAD DE FACILITAR LOS DATOS<\/strong><\/p><p>Los datos solicitados en los formularios son, con car\u00e1cter general, obligatorios (salvo que en el campo requerido se<br>especifique lo contrario) para cumplir con las finalidades para las que est\u00e1n siendo recabados.<br>Por lo tanto, si no facilita los mismos o no los facilita correctamente no podr\u00e1n atenderse sus solicitudes, sin perjuicio de que podr\u00e1 visualizar libremente ciertos contenidos de nuestra web. <\/p><p>10. ACTUALIZACI\u00d3N DE LA POL\u00cdTICA DE PRIVACIDAD<br>Nos esforzamos para mejorar continuamente nuestros servicios, procesos y la protecci\u00f3n de los derechos de los<br>interesados, por eso nos reservamos el derecho a revisar esta pol\u00edtica de privacidad en el momento que lo considere oportuno, en cuyo caso se comunicar\u00e1 a los usuarios. Rogamos que lo compruebe de forma regular para leer la versi\u00f3n m\u00e1s reciente de la Pol\u00edtica de Privacidad.   <\/p><p>\u00daltima actualizaci\u00f3n 13\/11\/2025<\/p>\t\t\t\t\t\t\t\t<\/div>\n\t\t\t\t\t<\/div>\n\t\t\t\t<\/div>\n\t\t\t\t\t<\/div>\n\t\t\t\t<\/div>\n\t\t\t\t<\/div>\n\t\t","protected":false},"excerpt":{"rendered":"<p>POL\u00cdTICA DE PRIVACIDAD NABSS INFORMACI\u00d3N DEL USUARIO La ASOCIACI\u00d3N DE COLEGIOS BRIT\u00c1NICOS EN ESPA\u00d1A (NABSS), le informa que, seg\u00fan lo dispuesto en el Reglamento General (UE) 2016\/679, de protecci\u00f3n de datos, (RGPD) y en la L.O.3\/2018, de protecci\u00f3n de datos y garant\u00eda de los derechos digitales (LOPDGDD), trataremos su datos tal y como reflejamos en [&hellip;]<\/p>\n","protected":false},"author":1,"featured_media":0,"parent":0,"menu_order":0,"comment_status":"closed","ping_status":"closed","template":"elementor_header_footer","meta":{"footnotes":""},"class_list":["post-6580","page","type-page","status-publish","hentry"],"yoast_head":"<!-- This site is optimized with the Yoast SEO Premium plugin v25.1 (Yoast SEO v27.1.1) - https:\/\/yoast.com\/product\/yoast-seo-premium-wordpress\/ -->\n<title>Pol\u00edtica de privacidad - NABSS<\/title>\n<meta name=\"robots\" content=\"noindex, nofollow\" \/>\n<meta property=\"og:locale\" content=\"es_ES\" \/>\n<meta property=\"og:type\" content=\"article\" \/>\n<meta property=\"og:title\" content=\"Pol\u00edtica de privacidad\" \/>\n<meta property=\"og:description\" content=\"POL\u00cdTICA DE PRIVACIDAD NABSS INFORMACI\u00d3N DEL USUARIO La ASOCIACI\u00d3N DE COLEGIOS BRIT\u00c1NICOS EN ESPA\u00d1A (NABSS), le informa que, seg\u00fan lo dispuesto en el Reglamento General (UE) 2016\/679, de protecci\u00f3n de datos, (RGPD) y en la L.O.3\/2018, de protecci\u00f3n de datos y garant\u00eda de los derechos digitales (LOPDGDD), trataremos su datos tal y como reflejamos en [&hellip;]\" \/>\n<meta property=\"og:url\" content=\"https:\/\/nabss.org\/es\/politica-de-privacidad\/\" \/>\n<meta property=\"og:site_name\" content=\"NABSS\" \/>\n<meta property=\"article:modified_time\" content=\"2026-03-04T11:51:44+00:00\" \/>\n<meta name=\"twitter:card\" content=\"summary_large_image\" \/>\n<meta name=\"twitter:label1\" content=\"Tiempo de lectura\" \/>\n\t<meta name=\"twitter:data1\" content=\"8 minutos\" \/>\n<script type=\"application\/ld+json\" class=\"yoast-schema-graph\">{\"@context\":\"https:\/\/schema.org\",\"@graph\":[{\"@type\":\"WebPage\",\"@id\":\"https:\/\/nabss.org\/es\/politica-de-privacidad\/\",\"url\":\"https:\/\/nabss.org\/es\/politica-de-privacidad\/\",\"name\":\"Pol\u00edtica de privacidad - NABSS\",\"isPartOf\":{\"@id\":\"https:\/\/nabss.org\/es\/#website\"},\"datePublished\":\"2025-09-24T13:53:56+00:00\",\"dateModified\":\"2026-03-04T11:51:44+00:00\",\"breadcrumb\":{\"@id\":\"https:\/\/nabss.org\/es\/politica-de-privacidad\/#breadcrumb\"},\"inLanguage\":\"es\",\"potentialAction\":[{\"@type\":\"ReadAction\",\"target\":[\"https:\/\/nabss.org\/es\/politica-de-privacidad\/\"]}]},{\"@type\":\"BreadcrumbList\",\"@id\":\"https:\/\/nabss.org\/es\/politica-de-privacidad\/#breadcrumb\",\"itemListElement\":[{\"@type\":\"ListItem\",\"position\":1,\"name\":\"Portada\",\"item\":\"https:\/\/nabss.org\/es\/\"},{\"@type\":\"ListItem\",\"position\":2,\"name\":\"Pol\u00edtica de privacidad\"}]},{\"@type\":\"WebSite\",\"@id\":\"https:\/\/nabss.org\/es\/#website\",\"url\":\"https:\/\/nabss.org\/es\/\",\"name\":\"NABSS\",\"description\":\"Representing the leading British schools in Spain since 1978.\",\"publisher\":{\"@id\":\"https:\/\/nabss.org\/es\/#organization\"},\"potentialAction\":[{\"@type\":\"SearchAction\",\"target\":{\"@type\":\"EntryPoint\",\"urlTemplate\":\"https:\/\/nabss.org\/es\/?s={search_term_string}\"},\"query-input\":{\"@type\":\"PropertyValueSpecification\",\"valueRequired\":true,\"valueName\":\"search_term_string\"}}],\"inLanguage\":\"es\"},{\"@type\":\"Organization\",\"@id\":\"https:\/\/nabss.org\/es\/#organization\",\"name\":\"NABSS\",\"url\":\"https:\/\/nabss.org\/es\/\",\"logo\":{\"@type\":\"ImageObject\",\"inLanguage\":\"es\",\"@id\":\"https:\/\/nabss.org\/es\/#\/schema\/logo\/image\/\",\"url\":\"https:\/\/nabss.org\/wp-content\/uploads\/2025\/08\/logo_NABSS_web-1.png\",\"contentUrl\":\"https:\/\/nabss.org\/wp-content\/uploads\/2025\/08\/logo_NABSS_web-1.png\",\"width\":700,\"height\":296,\"caption\":\"NABSS\"},\"image\":{\"@id\":\"https:\/\/nabss.org\/es\/#\/schema\/logo\/image\/\"}}]}<\/script>\n<!-- \/ Yoast SEO Premium plugin. -->","yoast_head_json":{"title":"Pol\u00edtica de privacidad - NABSS","robots":{"index":"noindex","follow":"nofollow"},"og_locale":"es_ES","og_type":"article","og_title":"Pol\u00edtica de privacidad","og_description":"POL\u00cdTICA DE PRIVACIDAD NABSS INFORMACI\u00d3N DEL USUARIO La ASOCIACI\u00d3N DE COLEGIOS BRIT\u00c1NICOS EN ESPA\u00d1A (NABSS), le informa que, seg\u00fan lo dispuesto en el Reglamento General (UE) 2016\/679, de protecci\u00f3n de datos, (RGPD) y en la L.O.3\/2018, de protecci\u00f3n de datos y garant\u00eda de los derechos digitales (LOPDGDD), trataremos su datos tal y como reflejamos en [&hellip;]","og_url":"https:\/\/nabss.org\/es\/politica-de-privacidad\/","og_site_name":"NABSS","article_modified_time":"2026-03-04T11:51:44+00:00","twitter_card":"summary_large_image","twitter_misc":{"Tiempo de lectura":"8 minutos"},"schema":{"@context":"https:\/\/schema.org","@graph":[{"@type":"WebPage","@id":"https:\/\/nabss.org\/es\/politica-de-privacidad\/","url":"https:\/\/nabss.org\/es\/politica-de-privacidad\/","name":"Pol\u00edtica de privacidad - NABSS","isPartOf":{"@id":"https:\/\/nabss.org\/es\/#website"},"datePublished":"2025-09-24T13:53:56+00:00","dateModified":"2026-03-04T11:51:44+00:00","breadcrumb":{"@id":"https:\/\/nabss.org\/es\/politica-de-privacidad\/#breadcrumb"},"inLanguage":"es","potentialAction":[{"@type":"ReadAction","target":["https:\/\/nabss.org\/es\/politica-de-privacidad\/"]}]},{"@type":"BreadcrumbList","@id":"https:\/\/nabss.org\/es\/politica-de-privacidad\/#breadcrumb","itemListElement":[{"@type":"ListItem","position":1,"name":"Portada","item":"https:\/\/nabss.org\/es\/"},{"@type":"ListItem","position":2,"name":"Pol\u00edtica de privacidad"}]},{"@type":"WebSite","@id":"https:\/\/nabss.org\/es\/#website","url":"https:\/\/nabss.org\/es\/","name":"NABSS","description":"Representing the leading British schools in Spain since 1978.","publisher":{"@id":"https:\/\/nabss.org\/es\/#organization"},"potentialAction":[{"@type":"SearchAction","target":{"@type":"EntryPoint","urlTemplate":"https:\/\/nabss.org\/es\/?s={search_term_string}"},"query-input":{"@type":"PropertyValueSpecification","valueRequired":true,"valueName":"search_term_string"}}],"inLanguage":"es"},{"@type":"Organization","@id":"https:\/\/nabss.org\/es\/#organization","name":"NABSS","url":"https:\/\/nabss.org\/es\/","logo":{"@type":"ImageObject","inLanguage":"es","@id":"https:\/\/nabss.org\/es\/#\/schema\/logo\/image\/","url":"https:\/\/nabss.org\/wp-content\/uploads\/2025\/08\/logo_NABSS_web-1.png","contentUrl":"https:\/\/nabss.org\/wp-content\/uploads\/2025\/08\/logo_NABSS_web-1.png","width":700,"height":296,"caption":"NABSS"},"image":{"@id":"https:\/\/nabss.org\/es\/#\/schema\/logo\/image\/"}}]}},"_links":{"self":[{"href":"https:\/\/nabss.org\/es\/wp-json\/wp\/v2\/pages\/6580","targetHints":{"allow":["GET"]}}],"collection":[{"href":"https:\/\/nabss.org\/es\/wp-json\/wp\/v2\/pages"}],"about":[{"href":"https:\/\/nabss.org\/es\/wp-json\/wp\/v2\/types\/page"}],"author":[{"embeddable":true,"href":"https:\/\/nabss.org\/es\/wp-json\/wp\/v2\/users\/1"}],"replies":[{"embeddable":true,"href":"https:\/\/nabss.org\/es\/wp-json\/wp\/v2\/comments?post=6580"}],"version-history":[{"count":2,"href":"https:\/\/nabss.org\/es\/wp-json\/wp\/v2\/pages\/6580\/revisions"}],"predecessor-version":[{"id":7852,"href":"https:\/\/nabss.org\/es\/wp-json\/wp\/v2\/pages\/6580\/revisions\/7852"}],"wp:attachment":[{"href":"https:\/\/nabss.org\/es\/wp-json\/wp\/v2\/media?parent=6580"}],"curies":[{"name":"wp","href":"https:\/\/api.w.org\/{rel}","templated":true}]}}