{"id":6582,"date":"2025-09-18T11:01:38","date_gmt":"2025-09-18T09:01:38","guid":{"rendered":"https:\/\/nabss.org\/requisitos-para-ser-miembro\/"},"modified":"2026-03-04T13:51:40","modified_gmt":"2026-03-04T12:51:40","slug":"requisitos-para-ser-miembro","status":"publish","type":"page","link":"https:\/\/nabss.org\/es\/requisitos-para-ser-miembro\/","title":{"rendered":"Requisitos para ser miembro"},"content":{"rendered":"\t\t<div data-elementor-type=\"wp-page\" data-elementor-id=\"6582\" class=\"elementor elementor-6582 elementor-2105\" data-elementor-post-type=\"page\">\n\t\t\t\t<div class=\"elementor-element elementor-element-ec86095 e-con-full e-flex e-con e-child\" data-id=\"ec86095\" data-element_type=\"container\" data-e-type=\"container\" data-settings=\"{&quot;background_background&quot;:&quot;classic&quot;}\">\n\t\t\t\t<\/div>\n\t\t<div class=\"elementor-element elementor-element-996625e e-flex e-con-boxed e-con e-parent\" data-id=\"996625e\" data-element_type=\"container\" data-e-type=\"container\">\n\t\t\t\t\t<div class=\"e-con-inner\">\n\t\t\t\t<div class=\"elementor-element elementor-element-f93a99c elementor-widget elementor-widget-heading\" data-id=\"f93a99c\" data-element_type=\"widget\" data-e-type=\"widget\" data-widget_type=\"heading.default\">\n\t\t\t\t\t<h1 class=\"elementor-heading-title elementor-size-default\">\u00bfLe interesa unirse a NABSS?<\/h1>\t\t\t\t<\/div>\n\t\t\t\t<div class=\"elementor-element elementor-element-bb8a42a elementor-widget elementor-widget-heading\" data-id=\"bb8a42a\" data-element_type=\"widget\" data-e-type=\"widget\" data-widget_type=\"heading.default\">\n\t\t\t\t\t<h2 class=\"elementor-heading-title elementor-size-default\">Requisitos generales<\/h2>\t\t\t\t<\/div>\n\t\t\t\t<div class=\"elementor-element elementor-element-fbd6c6e elementor-widget__width-initial fondo-gradiante elementor-widget-divider--view-line elementor-widget elementor-widget-divider\" data-id=\"fbd6c6e\" data-element_type=\"widget\" data-e-type=\"widget\" data-widget_type=\"divider.default\">\n\t\t\t\t\t\t\t<div class=\"elementor-divider\">\n\t\t\t<span class=\"elementor-divider-separator\">\n\t\t\t\t\t\t<\/span>\n\t\t<\/div>\n\t\t\t\t\t\t<\/div>\n\t\t\t\t<div class=\"elementor-element elementor-element-597a52f elementor-widget__width-initial elementor-widget elementor-widget-text-editor\" data-id=\"597a52f\" data-element_type=\"widget\" data-e-type=\"widget\" data-widget_type=\"text-editor.default\">\n\t\t\t\t\t\t\t\t\t<p>Descubra lo que se necesita para formar parte de nuestra red de colegios brit\u00e1nicos en Espa\u00f1a<br>Ser miembro de NABSS significa unirse a una comunidad educativa comprometida con la calidad, la \u00e9tica y la innovaci\u00f3n. Para garantizar estos principios, los colegios deben cumplir requisitos acad\u00e9micos, legales y organizativos espec\u00edficos.<br>A continuaci\u00f3n, se indican los criterios clave que debe cumplir cualquier colegio para solicitar su admisi\u00f3n: <\/p>\t\t\t\t\t\t\t\t<\/div>\n\t\t\t\t\t<\/div>\n\t\t\t\t<\/div>\n\t\t<div class=\"elementor-element elementor-element-9d41627 e-grid e-con-full e-con e-parent\" data-id=\"9d41627\" data-element_type=\"container\" data-e-type=\"container\">\n\t\t<div class=\"elementor-element elementor-element-ff842a1 e-con-full e-flex e-con e-child\" data-id=\"ff842a1\" data-element_type=\"container\" data-e-type=\"container\">\n\t\t<div class=\"elementor-element elementor-element-fec8ea4 e-con-full fondo-gradiante e-flex e-con e-child\" data-id=\"fec8ea4\" data-element_type=\"container\" data-e-type=\"container\">\n\t\t\t\t<div class=\"elementor-element elementor-element-0bba7bd elementor-widget elementor-widget-text-editor\" data-id=\"0bba7bd\" data-element_type=\"widget\" data-e-type=\"widget\" data-widget_type=\"text-editor.default\">\n\t\t\t\t\t\t\t\t\t<p>1<\/p>\t\t\t\t\t\t\t\t<\/div>\n\t\t\t\t<\/div>\n\t\t\t\t<div class=\"elementor-element elementor-element-1e6e714 elementor-widget elementor-widget-heading\" data-id=\"1e6e714\" data-element_type=\"widget\" data-e-type=\"widget\" data-widget_type=\"heading.default\">\n\t\t\t\t\t<h2 class=\"elementor-heading-title elementor-size-default\">Autorizaci\u00f3n oficial<\/h2>\t\t\t\t<\/div>\n\t\t\t\t<div class=\"elementor-element elementor-element-b3ef065 elementor-widget__width-initial fondo-gradiante elementor-widget-divider--view-line elementor-widget elementor-widget-divider\" data-id=\"b3ef065\" data-element_type=\"widget\" data-e-type=\"widget\" data-widget_type=\"divider.default\">\n\t\t\t\t\t\t\t<div class=\"elementor-divider\">\n\t\t\t<span class=\"elementor-divider-separator\">\n\t\t\t\t\t\t<\/span>\n\t\t<\/div>\n\t\t\t\t\t\t<\/div>\n\t\t\t\t<div class=\"elementor-element elementor-element-8e19960 elementor-widget__width-initial elementor-widget elementor-widget-text-editor\" data-id=\"8e19960\" data-element_type=\"widget\" data-e-type=\"widget\" data-widget_type=\"text-editor.default\">\n\t\t\t\t\t\t\t\t\t<p><span style=\"font-weight: 400;\">El colegio debe estar autorizado oficialmente por el Ministerio de Educaci\u00f3n espa\u00f1ol para impartir el curr\u00edculo brit\u00e1nico.<\/span><\/p>\t\t\t\t\t\t\t\t<\/div>\n\t\t\t\t<\/div>\n\t\t<div class=\"elementor-element elementor-element-222517a e-con-full e-flex e-con e-child\" data-id=\"222517a\" data-element_type=\"container\" data-e-type=\"container\">\n\t\t<div class=\"elementor-element elementor-element-b1ed252 e-con-full fondo-gradiante e-flex e-con e-child\" data-id=\"b1ed252\" data-element_type=\"container\" data-e-type=\"container\">\n\t\t\t\t<div class=\"elementor-element elementor-element-8aacf83 elementor-widget elementor-widget-text-editor\" data-id=\"8aacf83\" data-element_type=\"widget\" data-e-type=\"widget\" data-widget_type=\"text-editor.default\">\n\t\t\t\t\t\t\t\t\t<p>2<\/p>\t\t\t\t\t\t\t\t<\/div>\n\t\t\t\t<\/div>\n\t\t\t\t<div class=\"elementor-element elementor-element-769dce9 elementor-widget elementor-widget-heading\" data-id=\"769dce9\" data-element_type=\"widget\" data-e-type=\"widget\" data-widget_type=\"heading.default\">\n\t\t\t\t\t<h2 class=\"elementor-heading-title elementor-size-default\">Curr\u00edculo brit\u00e1nico<\/h2>\t\t\t\t<\/div>\n\t\t\t\t<div class=\"elementor-element elementor-element-7634971 elementor-widget__width-initial fondo-gradiante elementor-widget-divider--view-line elementor-widget elementor-widget-divider\" data-id=\"7634971\" data-element_type=\"widget\" data-e-type=\"widget\" data-widget_type=\"divider.default\">\n\t\t\t\t\t\t\t<div class=\"elementor-divider\">\n\t\t\t<span class=\"elementor-divider-separator\">\n\t\t\t\t\t\t<\/span>\n\t\t<\/div>\n\t\t\t\t\t\t<\/div>\n\t\t\t\t<div class=\"elementor-element elementor-element-9df8eb3 elementor-widget__width-initial elementor-widget elementor-widget-text-editor\" data-id=\"9df8eb3\" data-element_type=\"widget\" data-e-type=\"widget\" data-widget_type=\"text-editor.default\">\n\t\t\t\t\t\t\t\t\t<p><span style=\"font-weight: 400;\">Todo el colegio debe seguir el Curr\u00edculo Nacional Ingl\u00e9s como marco principal, adaptado de acuerdo con la normativa educativa espa\u00f1ola.<\/span><\/p>\t\t\t\t\t\t\t\t<\/div>\n\t\t\t\t<\/div>\n\t\t<div class=\"elementor-element elementor-element-301ed8b e-con-full e-flex e-con e-child\" data-id=\"301ed8b\" data-element_type=\"container\" data-e-type=\"container\">\n\t\t<div class=\"elementor-element elementor-element-22aef3c e-con-full fondo-gradiante e-flex e-con e-child\" data-id=\"22aef3c\" data-element_type=\"container\" data-e-type=\"container\">\n\t\t\t\t<div class=\"elementor-element elementor-element-e2b939e elementor-widget elementor-widget-text-editor\" data-id=\"e2b939e\" data-element_type=\"widget\" data-e-type=\"widget\" data-widget_type=\"text-editor.default\">\n\t\t\t\t\t\t\t\t\t<p>3<\/p>\t\t\t\t\t\t\t\t<\/div>\n\t\t\t\t<\/div>\n\t\t\t\t<div class=\"elementor-element elementor-element-d61b9a2 elementor-widget elementor-widget-heading\" data-id=\"d61b9a2\" data-element_type=\"widget\" data-e-type=\"widget\" data-widget_type=\"heading.default\">\n\t\t\t\t\t<h2 class=\"elementor-heading-title elementor-size-default\">Inspecci\u00f3n educativa<\/h2>\t\t\t\t<\/div>\n\t\t\t\t<div class=\"elementor-element elementor-element-a5e4cb2 elementor-widget__width-initial fondo-gradiante elementor-widget-divider--view-line elementor-widget elementor-widget-divider\" data-id=\"a5e4cb2\" data-element_type=\"widget\" data-e-type=\"widget\" data-widget_type=\"divider.default\">\n\t\t\t\t\t\t\t<div class=\"elementor-divider\">\n\t\t\t<span class=\"elementor-divider-separator\">\n\t\t\t\t\t\t<\/span>\n\t\t<\/div>\n\t\t\t\t\t\t<\/div>\n\t\t\t\t<div class=\"elementor-element elementor-element-f90f051 elementor-widget__width-initial elementor-widget elementor-widget-text-editor\" data-id=\"f90f051\" data-element_type=\"widget\" data-e-type=\"widget\" data-widget_type=\"text-editor.default\">\n\t\t\t\t\t\t\t\t\t<p><span style=\"font-weight: 400;\">El colegio debe, tras la inspecci\u00f3n por parte de un organismo de inspecci\u00f3n reconocido, estar autorizado por el plazo m\u00e1ximo posible.<\/span><\/p>\t\t\t\t\t\t\t\t<\/div>\n\t\t\t\t<\/div>\n\t\t<div class=\"elementor-element elementor-element-cb76dc7 e-con-full e-flex e-con e-child\" data-id=\"cb76dc7\" data-element_type=\"container\" data-e-type=\"container\">\n\t\t<div class=\"elementor-element elementor-element-fabe087 e-con-full fondo-gradiante e-flex e-con e-child\" data-id=\"fabe087\" data-element_type=\"container\" data-e-type=\"container\">\n\t\t\t\t<div class=\"elementor-element elementor-element-5baa6ed elementor-widget elementor-widget-text-editor\" data-id=\"5baa6ed\" data-element_type=\"widget\" data-e-type=\"widget\" data-widget_type=\"text-editor.default\">\n\t\t\t\t\t\t\t\t\t<p>4<\/p>\t\t\t\t\t\t\t\t<\/div>\n\t\t\t\t<\/div>\n\t\t\t\t<div class=\"elementor-element elementor-element-b213e22 elementor-widget elementor-widget-heading\" data-id=\"b213e22\" data-element_type=\"widget\" data-e-type=\"widget\" data-widget_type=\"heading.default\">\n\t\t\t\t\t<h2 class=\"elementor-heading-title elementor-size-default\">Personal cualificado<\/h2>\t\t\t\t<\/div>\n\t\t\t\t<div class=\"elementor-element elementor-element-957032f elementor-widget__width-initial fondo-gradiante elementor-widget-divider--view-line elementor-widget elementor-widget-divider\" data-id=\"957032f\" data-element_type=\"widget\" data-e-type=\"widget\" data-widget_type=\"divider.default\">\n\t\t\t\t\t\t\t<div class=\"elementor-divider\">\n\t\t\t<span class=\"elementor-divider-separator\">\n\t\t\t\t\t\t<\/span>\n\t\t<\/div>\n\t\t\t\t\t\t<\/div>\n\t\t\t\t<div class=\"elementor-element elementor-element-b9cd893 elementor-widget__width-initial elementor-widget elementor-widget-text-editor\" data-id=\"b9cd893\" data-element_type=\"widget\" data-e-type=\"widget\" data-widget_type=\"text-editor.default\">\n\t\t\t\t\t\t\t\t\t<p>El personal docente debe estar debidamente cualificado, con experiencia relevante y un alto nivel de ingl\u00e9s, en consonancia con los est\u00e1ndares educativos brit\u00e1nicos.<\/p>\t\t\t\t\t\t\t\t<\/div>\n\t\t\t\t<\/div>\n\t\t<div class=\"elementor-element elementor-element-70db42c e-con-full e-flex e-con e-child\" data-id=\"70db42c\" data-element_type=\"container\" data-e-type=\"container\">\n\t\t<div class=\"elementor-element elementor-element-73a0235 e-con-full fondo-gradiante e-flex e-con e-child\" data-id=\"73a0235\" data-element_type=\"container\" data-e-type=\"container\">\n\t\t\t\t<div class=\"elementor-element elementor-element-f165a7e elementor-widget elementor-widget-text-editor\" data-id=\"f165a7e\" data-element_type=\"widget\" data-e-type=\"widget\" data-widget_type=\"text-editor.default\">\n\t\t\t\t\t\t\t\t\t<p>5<\/p>\t\t\t\t\t\t\t\t<\/div>\n\t\t\t\t<\/div>\n\t\t\t\t<div class=\"elementor-element elementor-element-1a60313 elementor-widget elementor-widget-heading\" data-id=\"1a60313\" data-element_type=\"widget\" data-e-type=\"widget\" data-widget_type=\"heading.default\">\n\t\t\t\t\t<h2 class=\"elementor-heading-title elementor-size-default\">Compromiso \u00e9tico<\/h2>\t\t\t\t<\/div>\n\t\t\t\t<div class=\"elementor-element elementor-element-f380423 elementor-widget__width-initial fondo-gradiante elementor-widget-divider--view-line elementor-widget elementor-widget-divider\" data-id=\"f380423\" data-element_type=\"widget\" data-e-type=\"widget\" data-widget_type=\"divider.default\">\n\t\t\t\t\t\t\t<div class=\"elementor-divider\">\n\t\t\t<span class=\"elementor-divider-separator\">\n\t\t\t\t\t\t<\/span>\n\t\t<\/div>\n\t\t\t\t\t\t<\/div>\n\t\t\t\t<div class=\"elementor-element elementor-element-60f9691 elementor-widget__width-initial elementor-widget elementor-widget-text-editor\" data-id=\"60f9691\" data-element_type=\"widget\" data-e-type=\"widget\" data-widget_type=\"text-editor.default\">\n\t\t\t\t\t\t\t\t\t<p>El colegio debe aceptar y defender el C\u00f3digo \u00c9tico de NABSS, que incluye principios de transparencia, buenas pr\u00e1cticas y responsabilidad profesional.<\/p>\t\t\t\t\t\t\t\t<\/div>\n\t\t\t\t<\/div>\n\t\t<div class=\"elementor-element elementor-element-f9042fe e-con-full e-flex e-con e-child\" data-id=\"f9042fe\" data-element_type=\"container\" data-e-type=\"container\">\n\t\t<div class=\"elementor-element elementor-element-2aa1cb7 e-con-full fondo-gradiante e-flex e-con e-child\" data-id=\"2aa1cb7\" data-element_type=\"container\" data-e-type=\"container\">\n\t\t\t\t<div class=\"elementor-element elementor-element-069209a elementor-widget elementor-widget-text-editor\" data-id=\"069209a\" data-element_type=\"widget\" data-e-type=\"widget\" data-widget_type=\"text-editor.default\">\n\t\t\t\t\t\t\t\t\t<p>6<\/p>\t\t\t\t\t\t\t\t<\/div>\n\t\t\t\t<\/div>\n\t\t\t\t<div class=\"elementor-element elementor-element-e536ad9 elementor-widget elementor-widget-heading\" data-id=\"e536ad9\" data-element_type=\"widget\" data-e-type=\"widget\" data-widget_type=\"heading.default\">\n\t\t\t\t\t<h2 class=\"elementor-heading-title elementor-size-default\">\u00bfLe interesa \nunirse a NABSS?<\/h2>\t\t\t\t<\/div>\n\t\t\t\t<div class=\"elementor-element elementor-element-6389490 elementor-widget__width-initial fondo-gradiante elementor-widget-divider--view-line elementor-widget elementor-widget-divider\" data-id=\"6389490\" data-element_type=\"widget\" data-e-type=\"widget\" data-widget_type=\"divider.default\">\n\t\t\t\t\t\t\t<div class=\"elementor-divider\">\n\t\t\t<span class=\"elementor-divider-separator\">\n\t\t\t\t\t\t<\/span>\n\t\t<\/div>\n\t\t\t\t\t\t<\/div>\n\t\t\t\t<div class=\"elementor-element elementor-element-922bde2 elementor-widget__width-initial elementor-widget elementor-widget-text-editor\" data-id=\"922bde2\" data-element_type=\"widget\" data-e-type=\"widget\" data-widget_type=\"text-editor.default\">\n\t\t\t\t\t\t\t\t\t<p>Si su colegio cumple estos requisitos y desea ser miembro de nuestra asociaci\u00f3n, p\u00f3ngase en contacto con nosotros. Le guiaremos a trav\u00e9s del proceso de solicitud, inspecci\u00f3n y admisi\u00f3n. <\/p>\t\t\t\t\t\t\t\t<\/div>\n\t\t\t\t<\/div>\n\t\t\t\t<\/div>\n\t\t\t\t<\/div>\n\t\t","protected":false},"excerpt":{"rendered":"<p>\u00bfLe interesa unirse a NABSS? Requisitos generales Descubra lo que se necesita para formar parte de nuestra red de colegios brit\u00e1nicos en Espa\u00f1aSer miembro de NABSS significa unirse a una comunidad educativa comprometida con la calidad, la \u00e9tica y la innovaci\u00f3n. Para garantizar estos principios, los colegios deben cumplir requisitos acad\u00e9micos, legales y organizativos espec\u00edficos.A [&hellip;]<\/p>\n","protected":false},"author":1,"featured_media":0,"parent":0,"menu_order":0,"comment_status":"closed","ping_status":"closed","template":"elementor_header_footer","meta":{"footnotes":""},"class_list":["post-6582","page","type-page","status-publish","hentry"],"yoast_head":"<!-- This site is optimized with the Yoast SEO Premium plugin v25.1 (Yoast SEO v27.1.1) - https:\/\/yoast.com\/product\/yoast-seo-premium-wordpress\/ -->\n<title>Requisitos para ser miembro - NABSS<\/title>\n<meta name=\"robots\" content=\"noindex, nofollow\" \/>\n<meta property=\"og:locale\" content=\"es_ES\" \/>\n<meta property=\"og:type\" content=\"article\" \/>\n<meta property=\"og:title\" content=\"Requisitos para ser miembro\" \/>\n<meta property=\"og:description\" content=\"\u00bfLe interesa unirse a NABSS? Requisitos generales Descubra lo que se necesita para formar parte de nuestra red de colegios brit\u00e1nicos en Espa\u00f1aSer miembro de NABSS significa unirse a una comunidad educativa comprometida con la calidad, la \u00e9tica y la innovaci\u00f3n. Para garantizar estos principios, los colegios deben cumplir requisitos acad\u00e9micos, legales y organizativos espec\u00edficos.A [&hellip;]\" \/>\n<meta property=\"og:url\" content=\"https:\/\/nabss.org\/es\/requisitos-para-ser-miembro\/\" \/>\n<meta property=\"og:site_name\" content=\"NABSS\" \/>\n<meta property=\"article:modified_time\" content=\"2026-03-04T12:51:40+00:00\" \/>\n<meta name=\"twitter:card\" content=\"summary_large_image\" \/>\n<meta name=\"twitter:label1\" content=\"Tiempo de lectura\" \/>\n\t<meta name=\"twitter:data1\" content=\"1 minuto\" \/>\n<script type=\"application\/ld+json\" class=\"yoast-schema-graph\">{\"@context\":\"https:\/\/schema.org\",\"@graph\":[{\"@type\":\"WebPage\",\"@id\":\"https:\/\/nabss.org\/es\/requisitos-para-ser-miembro\/\",\"url\":\"https:\/\/nabss.org\/es\/requisitos-para-ser-miembro\/\",\"name\":\"Requisitos para ser miembro - NABSS\",\"isPartOf\":{\"@id\":\"https:\/\/nabss.org\/es\/#website\"},\"datePublished\":\"2025-09-18T09:01:38+00:00\",\"dateModified\":\"2026-03-04T12:51:40+00:00\",\"breadcrumb\":{\"@id\":\"https:\/\/nabss.org\/es\/requisitos-para-ser-miembro\/#breadcrumb\"},\"inLanguage\":\"es\",\"potentialAction\":[{\"@type\":\"ReadAction\",\"target\":[\"https:\/\/nabss.org\/es\/requisitos-para-ser-miembro\/\"]}]},{\"@type\":\"BreadcrumbList\",\"@id\":\"https:\/\/nabss.org\/es\/requisitos-para-ser-miembro\/#breadcrumb\",\"itemListElement\":[{\"@type\":\"ListItem\",\"position\":1,\"name\":\"Portada\",\"item\":\"https:\/\/nabss.org\/es\/\"},{\"@type\":\"ListItem\",\"position\":2,\"name\":\"Requisitos para ser miembro\"}]},{\"@type\":\"WebSite\",\"@id\":\"https:\/\/nabss.org\/es\/#website\",\"url\":\"https:\/\/nabss.org\/es\/\",\"name\":\"NABSS\",\"description\":\"Representing the leading British schools in Spain since 1978.\",\"publisher\":{\"@id\":\"https:\/\/nabss.org\/es\/#organization\"},\"potentialAction\":[{\"@type\":\"SearchAction\",\"target\":{\"@type\":\"EntryPoint\",\"urlTemplate\":\"https:\/\/nabss.org\/es\/?s={search_term_string}\"},\"query-input\":{\"@type\":\"PropertyValueSpecification\",\"valueRequired\":true,\"valueName\":\"search_term_string\"}}],\"inLanguage\":\"es\"},{\"@type\":\"Organization\",\"@id\":\"https:\/\/nabss.org\/es\/#organization\",\"name\":\"NABSS\",\"url\":\"https:\/\/nabss.org\/es\/\",\"logo\":{\"@type\":\"ImageObject\",\"inLanguage\":\"es\",\"@id\":\"https:\/\/nabss.org\/es\/#\/schema\/logo\/image\/\",\"url\":\"https:\/\/nabss.org\/wp-content\/uploads\/2025\/08\/logo_NABSS_web-1.png\",\"contentUrl\":\"https:\/\/nabss.org\/wp-content\/uploads\/2025\/08\/logo_NABSS_web-1.png\",\"width\":700,\"height\":296,\"caption\":\"NABSS\"},\"image\":{\"@id\":\"https:\/\/nabss.org\/es\/#\/schema\/logo\/image\/\"}}]}<\/script>\n<!-- \/ Yoast SEO Premium plugin. -->","yoast_head_json":{"title":"Requisitos para ser miembro - NABSS","robots":{"index":"noindex","follow":"nofollow"},"og_locale":"es_ES","og_type":"article","og_title":"Requisitos para ser miembro","og_description":"\u00bfLe interesa unirse a NABSS? Requisitos generales Descubra lo que se necesita para formar parte de nuestra red de colegios brit\u00e1nicos en Espa\u00f1aSer miembro de NABSS significa unirse a una comunidad educativa comprometida con la calidad, la \u00e9tica y la innovaci\u00f3n. Para garantizar estos principios, los colegios deben cumplir requisitos acad\u00e9micos, legales y organizativos espec\u00edficos.A [&hellip;]","og_url":"https:\/\/nabss.org\/es\/requisitos-para-ser-miembro\/","og_site_name":"NABSS","article_modified_time":"2026-03-04T12:51:40+00:00","twitter_card":"summary_large_image","twitter_misc":{"Tiempo de lectura":"1 minuto"},"schema":{"@context":"https:\/\/schema.org","@graph":[{"@type":"WebPage","@id":"https:\/\/nabss.org\/es\/requisitos-para-ser-miembro\/","url":"https:\/\/nabss.org\/es\/requisitos-para-ser-miembro\/","name":"Requisitos para ser miembro - NABSS","isPartOf":{"@id":"https:\/\/nabss.org\/es\/#website"},"datePublished":"2025-09-18T09:01:38+00:00","dateModified":"2026-03-04T12:51:40+00:00","breadcrumb":{"@id":"https:\/\/nabss.org\/es\/requisitos-para-ser-miembro\/#breadcrumb"},"inLanguage":"es","potentialAction":[{"@type":"ReadAction","target":["https:\/\/nabss.org\/es\/requisitos-para-ser-miembro\/"]}]},{"@type":"BreadcrumbList","@id":"https:\/\/nabss.org\/es\/requisitos-para-ser-miembro\/#breadcrumb","itemListElement":[{"@type":"ListItem","position":1,"name":"Portada","item":"https:\/\/nabss.org\/es\/"},{"@type":"ListItem","position":2,"name":"Requisitos para ser miembro"}]},{"@type":"WebSite","@id":"https:\/\/nabss.org\/es\/#website","url":"https:\/\/nabss.org\/es\/","name":"NABSS","description":"Representing the leading British schools in Spain since 1978.","publisher":{"@id":"https:\/\/nabss.org\/es\/#organization"},"potentialAction":[{"@type":"SearchAction","target":{"@type":"EntryPoint","urlTemplate":"https:\/\/nabss.org\/es\/?s={search_term_string}"},"query-input":{"@type":"PropertyValueSpecification","valueRequired":true,"valueName":"search_term_string"}}],"inLanguage":"es"},{"@type":"Organization","@id":"https:\/\/nabss.org\/es\/#organization","name":"NABSS","url":"https:\/\/nabss.org\/es\/","logo":{"@type":"ImageObject","inLanguage":"es","@id":"https:\/\/nabss.org\/es\/#\/schema\/logo\/image\/","url":"https:\/\/nabss.org\/wp-content\/uploads\/2025\/08\/logo_NABSS_web-1.png","contentUrl":"https:\/\/nabss.org\/wp-content\/uploads\/2025\/08\/logo_NABSS_web-1.png","width":700,"height":296,"caption":"NABSS"},"image":{"@id":"https:\/\/nabss.org\/es\/#\/schema\/logo\/image\/"}}]}},"_links":{"self":[{"href":"https:\/\/nabss.org\/es\/wp-json\/wp\/v2\/pages\/6582","targetHints":{"allow":["GET"]}}],"collection":[{"href":"https:\/\/nabss.org\/es\/wp-json\/wp\/v2\/pages"}],"about":[{"href":"https:\/\/nabss.org\/es\/wp-json\/wp\/v2\/types\/page"}],"author":[{"embeddable":true,"href":"https:\/\/nabss.org\/es\/wp-json\/wp\/v2\/users\/1"}],"replies":[{"embeddable":true,"href":"https:\/\/nabss.org\/es\/wp-json\/wp\/v2\/comments?post=6582"}],"version-history":[{"count":1,"href":"https:\/\/nabss.org\/es\/wp-json\/wp\/v2\/pages\/6582\/revisions"}],"predecessor-version":[{"id":6584,"href":"https:\/\/nabss.org\/es\/wp-json\/wp\/v2\/pages\/6582\/revisions\/6584"}],"wp:attachment":[{"href":"https:\/\/nabss.org\/es\/wp-json\/wp\/v2\/media?parent=6582"}],"curies":[{"name":"wp","href":"https:\/\/api.w.org\/{rel}","templated":true}]}}