{"id":6684,"date":"2025-09-17T16:47:40","date_gmt":"2025-09-17T14:47:40","guid":{"rendered":"https:\/\/nabss.org\/nabss-en-cifras\/"},"modified":"2026-03-04T13:46:39","modified_gmt":"2026-03-04T12:46:39","slug":"nabss-en-cifras","status":"publish","type":"page","link":"https:\/\/nabss.org\/es\/nabss-en-cifras\/","title":{"rendered":"Nabss en cifras"},"content":{"rendered":"\t\t<div data-elementor-type=\"wp-page\" data-elementor-id=\"6684\" class=\"elementor elementor-6684 elementor-1967\" data-elementor-post-type=\"page\">\n\t\t\t\t<div class=\"elementor-element elementor-element-e56829c e-con-full e-flex e-con e-child\" data-id=\"e56829c\" data-element_type=\"container\" data-e-type=\"container\" data-settings=\"{&quot;background_background&quot;:&quot;classic&quot;}\">\n\t\t<div class=\"elementor-element elementor-element-22dbebd e-flex e-con-boxed e-con e-child\" data-id=\"22dbebd\" data-element_type=\"container\" data-e-type=\"container\" data-settings=\"{&quot;background_background&quot;:&quot;classic&quot;}\">\n\t\t\t\t\t<div class=\"e-con-inner\">\n\t\t\t\t<div class=\"elementor-element elementor-element-5d38893 elementor-widget__width-initial elementor-widget elementor-widget-heading\" data-id=\"5d38893\" data-element_type=\"widget\" data-e-type=\"widget\" data-widget_type=\"heading.default\">\n\t\t\t\t\t<h1 class=\"elementor-heading-title elementor-size-default\">Nabss en cifras<\/h1>\t\t\t\t<\/div>\n\t\t\t\t\t<\/div>\n\t\t\t\t<\/div>\n\t\t\t\t<\/div>\n\t\t<div class=\"elementor-element elementor-element-6a0a3b0 e-con-full e-grid e-con e-child\" data-id=\"6a0a3b0\" data-element_type=\"container\" data-e-type=\"container\">\n\t\t<div class=\"elementor-element elementor-element-73fbc92 e-flex e-con-boxed e-con e-child\" data-id=\"73fbc92\" data-element_type=\"container\" data-e-type=\"container\">\n\t\t\t\t\t<div class=\"e-con-inner\">\n\t\t<div class=\"elementor-element elementor-element-4f8e5a9 e-con-full e-flex e-con e-child\" data-id=\"4f8e5a9\" data-element_type=\"container\" data-e-type=\"container\">\n\t\t\t\t<div class=\"elementor-element elementor-element-8f8e247 elementor-widget elementor-widget-image\" data-id=\"8f8e247\" data-element_type=\"widget\" data-e-type=\"widget\" data-widget_type=\"image.default\">\n\t\t\t\t\t\t\t\t\t\t\t\t\t\t\t<img decoding=\"async\" width=\"177\" height=\"177\" src=\"https:\/\/nabss.org\/wp-content\/uploads\/2025\/09\/grupo.svg\" class=\"attachment-large size-large wp-image-6687\" alt=\"\" \/>\t\t\t\t\t\t\t\t\t\t\t\t\t\t\t<\/div>\n\t\t\t\t<\/div>\n\t\t<div class=\"elementor-element elementor-element-fce60b8 e-con-full e-flex e-con e-child\" data-id=\"fce60b8\" data-element_type=\"container\" data-e-type=\"container\" data-settings=\"{&quot;background_background&quot;:&quot;classic&quot;}\">\n\t\t\t\t<div class=\"elementor-element elementor-element-5ce8140 elementor-widget elementor-widget-heading\" data-id=\"5ce8140\" data-element_type=\"widget\" data-e-type=\"widget\" data-widget_type=\"heading.default\">\n\t\t\t\t\t<h3 class=\"elementor-heading-title elementor-size-default\">Colegios miembros<\/h3>\t\t\t\t<\/div>\n\t\t\t\t<div class=\"elementor-element elementor-element-96d7125 elementor-widget__width-initial fondo-gradiante elementor-widget-divider--view-line elementor-widget elementor-widget-divider\" data-id=\"96d7125\" data-element_type=\"widget\" data-e-type=\"widget\" data-widget_type=\"divider.default\">\n\t\t\t\t\t\t\t<div class=\"elementor-divider\">\n\t\t\t<span class=\"elementor-divider-separator\">\n\t\t\t\t\t\t<\/span>\n\t\t<\/div>\n\t\t\t\t\t\t<\/div>\n\t\t\t\t<div class=\"elementor-element elementor-element-fe4b5b2 elementor-widget elementor-widget-text-editor\" data-id=\"fe4b5b2\" data-element_type=\"widget\" data-e-type=\"widget\" data-widget_type=\"text-editor.default\">\n\t\t\t\t\t\t\t\t\t<p>Totalmente autorizado y certificado seg\u00fan los est\u00e1ndares brit\u00e1nicos y espa\u00f1oles<\/p>\t\t\t\t\t\t\t\t<\/div>\n\t\t\t\t<\/div>\n\t\t\t\t\t<\/div>\n\t\t\t\t<\/div>\n\t\t<div class=\"elementor-element elementor-element-b1ad26a e-flex e-con-boxed e-con e-child\" data-id=\"b1ad26a\" data-element_type=\"container\" data-e-type=\"container\">\n\t\t\t\t\t<div class=\"e-con-inner\">\n\t\t<div class=\"elementor-element elementor-element-ade3307 e-con-full e-flex e-con e-child\" data-id=\"ade3307\" data-element_type=\"container\" data-e-type=\"container\">\n\t\t\t\t<div class=\"elementor-element elementor-element-f61969d elementor-widget elementor-widget-image\" data-id=\"f61969d\" data-element_type=\"widget\" data-e-type=\"widget\" data-widget_type=\"image.default\">\n\t\t\t\t\t\t\t\t\t\t\t\t\t\t\t<img decoding=\"async\" width=\"177\" height=\"177\" src=\"https:\/\/nabss.org\/wp-content\/uploads\/2025\/09\/edificio.svg\" class=\"attachment-large size-large wp-image-6688\" alt=\"\" \/>\t\t\t\t\t\t\t\t\t\t\t\t\t\t\t<\/div>\n\t\t\t\t<\/div>\n\t\t<div class=\"elementor-element elementor-element-546e721 e-con-full e-flex e-con e-child\" data-id=\"546e721\" data-element_type=\"container\" data-e-type=\"container\" data-settings=\"{&quot;background_background&quot;:&quot;classic&quot;}\">\n\t\t\t\t<div class=\"elementor-element elementor-element-ef1b8a9 elementor-widget elementor-widget-heading\" data-id=\"ef1b8a9\" data-element_type=\"widget\" data-e-type=\"widget\" data-widget_type=\"heading.default\">\n\t\t\t\t\t<h3 class=\"elementor-heading-title elementor-size-default\">Ciudades de Espa\u00f1a<\/h3>\t\t\t\t<\/div>\n\t\t\t\t<div class=\"elementor-element elementor-element-0ac4936 elementor-widget__width-initial fondo-gradiante elementor-widget-divider--view-line elementor-widget elementor-widget-divider\" data-id=\"0ac4936\" data-element_type=\"widget\" data-e-type=\"widget\" data-widget_type=\"divider.default\">\n\t\t\t\t\t\t\t<div class=\"elementor-divider\">\n\t\t\t<span class=\"elementor-divider-separator\">\n\t\t\t\t\t\t<\/span>\n\t\t<\/div>\n\t\t\t\t\t\t<\/div>\n\t\t\t\t<div class=\"elementor-element elementor-element-c26d8a4 elementor-widget elementor-widget-text-editor\" data-id=\"c26d8a4\" data-element_type=\"widget\" data-e-type=\"widget\" data-widget_type=\"text-editor.default\">\n\t\t\t\t\t\t\t\t\t<p>Presencia nacional en las principales ciudades y centros internacionales<\/p>\t\t\t\t\t\t\t\t<\/div>\n\t\t\t\t<\/div>\n\t\t\t\t\t<\/div>\n\t\t\t\t<\/div>\n\t\t<div class=\"elementor-element elementor-element-ef54fcf e-flex e-con-boxed e-con e-child\" data-id=\"ef54fcf\" data-element_type=\"container\" data-e-type=\"container\">\n\t\t\t\t\t<div class=\"e-con-inner\">\n\t\t<div class=\"elementor-element elementor-element-be48640 e-con-full e-flex e-con e-child\" data-id=\"be48640\" data-element_type=\"container\" data-e-type=\"container\">\n\t\t\t\t<div class=\"elementor-element elementor-element-70f6524 elementor-widget elementor-widget-image\" data-id=\"70f6524\" data-element_type=\"widget\" data-e-type=\"widget\" data-widget_type=\"image.default\">\n\t\t\t\t\t\t\t\t\t\t\t\t\t\t\t<img decoding=\"async\" width=\"177\" height=\"177\" src=\"https:\/\/nabss.org\/wp-content\/uploads\/2025\/09\/pupils.svg\" class=\"attachment-large size-large wp-image-6689\" alt=\"\" \/>\t\t\t\t\t\t\t\t\t\t\t\t\t\t\t<\/div>\n\t\t\t\t<\/div>\n\t\t<div class=\"elementor-element elementor-element-15b0f7b e-con-full e-flex e-con e-child\" data-id=\"15b0f7b\" data-element_type=\"container\" data-e-type=\"container\" data-settings=\"{&quot;background_background&quot;:&quot;classic&quot;}\">\n\t\t\t\t<div class=\"elementor-element elementor-element-9f46d9f elementor-widget elementor-widget-heading\" data-id=\"9f46d9f\" data-element_type=\"widget\" data-e-type=\"widget\" data-widget_type=\"heading.default\">\n\t\t\t\t\t<h3 class=\"elementor-heading-title elementor-size-default\">Alumnos<\/h3>\t\t\t\t<\/div>\n\t\t\t\t<div class=\"elementor-element elementor-element-4e5fdf8 elementor-widget__width-initial fondo-gradiante elementor-widget-divider--view-line elementor-widget elementor-widget-divider\" data-id=\"4e5fdf8\" data-element_type=\"widget\" data-e-type=\"widget\" data-widget_type=\"divider.default\">\n\t\t\t\t\t\t\t<div class=\"elementor-divider\">\n\t\t\t<span class=\"elementor-divider-separator\">\n\t\t\t\t\t\t<\/span>\n\t\t<\/div>\n\t\t\t\t\t\t<\/div>\n\t\t\t\t<div class=\"elementor-element elementor-element-0ef917b elementor-widget elementor-widget-text-editor\" data-id=\"0ef917b\" data-element_type=\"widget\" data-e-type=\"widget\" data-widget_type=\"text-editor.default\">\n\t\t\t\t\t\t\t\t\t<p>Recibiendo una educaci\u00f3n internacional y personalizada<\/p>\t\t\t\t\t\t\t\t<\/div>\n\t\t\t\t<\/div>\n\t\t\t\t\t<\/div>\n\t\t\t\t<\/div>\n\t\t<div class=\"elementor-element elementor-element-3eb1b82 e-flex e-con-boxed e-con e-child\" data-id=\"3eb1b82\" data-element_type=\"container\" data-e-type=\"container\">\n\t\t\t\t\t<div class=\"e-con-inner\">\n\t\t<div class=\"elementor-element elementor-element-a5996b7 e-con-full e-flex e-con e-child\" data-id=\"a5996b7\" data-element_type=\"container\" data-e-type=\"container\">\n\t\t\t\t<div class=\"elementor-element elementor-element-57f1ed9 elementor-widget elementor-widget-image\" data-id=\"57f1ed9\" data-element_type=\"widget\" data-e-type=\"widget\" data-widget_type=\"image.default\">\n\t\t\t\t\t\t\t\t\t\t\t\t\t\t\t<img loading=\"lazy\" decoding=\"async\" width=\"177\" height=\"177\" src=\"https:\/\/nabss.org\/wp-content\/uploads\/2025\/09\/education.svg\" class=\"attachment-large size-large wp-image-6686\" alt=\"\" \/>\t\t\t\t\t\t\t\t\t\t\t\t\t\t\t<\/div>\n\t\t\t\t<\/div>\n\t\t<div class=\"elementor-element elementor-element-d98bc05 e-con-full e-flex e-con e-child\" data-id=\"d98bc05\" data-element_type=\"container\" data-e-type=\"container\" data-settings=\"{&quot;background_background&quot;:&quot;classic&quot;}\">\n\t\t\t\t<div class=\"elementor-element elementor-element-683d7d8 elementor-widget elementor-widget-heading\" data-id=\"683d7d8\" data-element_type=\"widget\" data-e-type=\"widget\" data-widget_type=\"heading.default\">\n\t\t\t\t\t<h3 class=\"elementor-heading-title elementor-size-default\">Profesionales de la educaci\u00f3n<\/h3>\t\t\t\t<\/div>\n\t\t\t\t<div class=\"elementor-element elementor-element-633d025 elementor-widget__width-initial fondo-gradiante elementor-widget-divider--view-line elementor-widget elementor-widget-divider\" data-id=\"633d025\" data-element_type=\"widget\" data-e-type=\"widget\" data-widget_type=\"divider.default\">\n\t\t\t\t\t\t\t<div class=\"elementor-divider\">\n\t\t\t<span class=\"elementor-divider-separator\">\n\t\t\t\t\t\t<\/span>\n\t\t<\/div>\n\t\t\t\t\t\t<\/div>\n\t\t\t\t<div class=\"elementor-element elementor-element-16525e3 elementor-widget elementor-widget-text-editor\" data-id=\"16525e3\" data-element_type=\"widget\" data-e-type=\"widget\" data-widget_type=\"text-editor.default\">\n\t\t\t\t\t\t\t\t\t<p>Profesores, directivos y personal de apoyo comprometidos con la excelencia<\/p>\t\t\t\t\t\t\t\t<\/div>\n\t\t\t\t<\/div>\n\t\t\t\t\t<\/div>\n\t\t\t\t<\/div>\n\t\t\t\t<\/div>\n\t\t\t\t<\/div>\n\t\t","protected":false},"excerpt":{"rendered":"<p>Nabss en cifras Colegios miembros Totalmente autorizado y certificado seg\u00fan los est\u00e1ndares brit\u00e1nicos y espa\u00f1oles Ciudades de Espa\u00f1a Presencia nacional en las principales ciudades y centros internacionales Alumnos Recibiendo una educaci\u00f3n internacional y personalizada Profesionales de la educaci\u00f3n Profesores, directivos y personal de apoyo comprometidos con la excelencia<\/p>\n","protected":false},"author":1,"featured_media":0,"parent":0,"menu_order":0,"comment_status":"closed","ping_status":"closed","template":"elementor_header_footer","meta":{"footnotes":""},"class_list":["post-6684","page","type-page","status-publish","hentry"],"yoast_head":"<!-- This site is optimized with the Yoast SEO Premium plugin v25.1 (Yoast SEO v27.1.1) - https:\/\/yoast.com\/product\/yoast-seo-premium-wordpress\/ -->\n<title>Nabss en cifras - NABSS<\/title>\n<meta name=\"robots\" content=\"noindex, nofollow\" \/>\n<meta property=\"og:locale\" content=\"es_ES\" \/>\n<meta property=\"og:type\" content=\"article\" \/>\n<meta property=\"og:title\" content=\"Nabss en cifras\" \/>\n<meta property=\"og:description\" content=\"Nabss en cifras Colegios miembros Totalmente autorizado y certificado seg\u00fan los est\u00e1ndares brit\u00e1nicos y espa\u00f1oles Ciudades de Espa\u00f1a Presencia nacional en las principales ciudades y centros internacionales Alumnos Recibiendo una educaci\u00f3n internacional y personalizada Profesionales de la educaci\u00f3n Profesores, directivos y personal de apoyo comprometidos con la excelencia\" \/>\n<meta property=\"og:url\" content=\"https:\/\/nabss.org\/es\/nabss-en-cifras\/\" \/>\n<meta property=\"og:site_name\" content=\"NABSS\" \/>\n<meta property=\"article:modified_time\" content=\"2026-03-04T12:46:39+00:00\" \/>\n<meta property=\"og:image\" content=\"https:\/\/nabss.org\/wp-content\/uploads\/2025\/09\/grupo.svg\" \/>\n<meta name=\"twitter:card\" content=\"summary_large_image\" \/>\n<meta name=\"twitter:label1\" content=\"Tiempo de lectura\" \/>\n\t<meta name=\"twitter:data1\" content=\"2 minutos\" \/>\n<script type=\"application\/ld+json\" class=\"yoast-schema-graph\">{\"@context\":\"https:\/\/schema.org\",\"@graph\":[{\"@type\":\"WebPage\",\"@id\":\"https:\/\/nabss.org\/es\/nabss-en-cifras\/\",\"url\":\"https:\/\/nabss.org\/es\/nabss-en-cifras\/\",\"name\":\"Nabss en cifras - NABSS\",\"isPartOf\":{\"@id\":\"https:\/\/nabss.org\/es\/#website\"},\"primaryImageOfPage\":{\"@id\":\"https:\/\/nabss.org\/es\/nabss-en-cifras\/#primaryimage\"},\"image\":{\"@id\":\"https:\/\/nabss.org\/es\/nabss-en-cifras\/#primaryimage\"},\"thumbnailUrl\":\"https:\/\/nabss.org\/wp-content\/uploads\/2025\/09\/grupo.svg\",\"datePublished\":\"2025-09-17T14:47:40+00:00\",\"dateModified\":\"2026-03-04T12:46:39+00:00\",\"breadcrumb\":{\"@id\":\"https:\/\/nabss.org\/es\/nabss-en-cifras\/#breadcrumb\"},\"inLanguage\":\"es\",\"potentialAction\":[{\"@type\":\"ReadAction\",\"target\":[\"https:\/\/nabss.org\/es\/nabss-en-cifras\/\"]}]},{\"@type\":\"ImageObject\",\"inLanguage\":\"es\",\"@id\":\"https:\/\/nabss.org\/es\/nabss-en-cifras\/#primaryimage\",\"url\":\"https:\/\/nabss.org\/wp-content\/uploads\/2025\/09\/grupo.svg\",\"contentUrl\":\"https:\/\/nabss.org\/wp-content\/uploads\/2025\/09\/grupo.svg\"},{\"@type\":\"BreadcrumbList\",\"@id\":\"https:\/\/nabss.org\/es\/nabss-en-cifras\/#breadcrumb\",\"itemListElement\":[{\"@type\":\"ListItem\",\"position\":1,\"name\":\"Portada\",\"item\":\"https:\/\/nabss.org\/es\/\"},{\"@type\":\"ListItem\",\"position\":2,\"name\":\"Nabss en cifras\"}]},{\"@type\":\"WebSite\",\"@id\":\"https:\/\/nabss.org\/es\/#website\",\"url\":\"https:\/\/nabss.org\/es\/\",\"name\":\"NABSS\",\"description\":\"Representing the leading British schools in Spain since 1978.\",\"publisher\":{\"@id\":\"https:\/\/nabss.org\/es\/#organization\"},\"potentialAction\":[{\"@type\":\"SearchAction\",\"target\":{\"@type\":\"EntryPoint\",\"urlTemplate\":\"https:\/\/nabss.org\/es\/?s={search_term_string}\"},\"query-input\":{\"@type\":\"PropertyValueSpecification\",\"valueRequired\":true,\"valueName\":\"search_term_string\"}}],\"inLanguage\":\"es\"},{\"@type\":\"Organization\",\"@id\":\"https:\/\/nabss.org\/es\/#organization\",\"name\":\"NABSS\",\"url\":\"https:\/\/nabss.org\/es\/\",\"logo\":{\"@type\":\"ImageObject\",\"inLanguage\":\"es\",\"@id\":\"https:\/\/nabss.org\/es\/#\/schema\/logo\/image\/\",\"url\":\"https:\/\/nabss.org\/wp-content\/uploads\/2025\/08\/logo_NABSS_web-1.png\",\"contentUrl\":\"https:\/\/nabss.org\/wp-content\/uploads\/2025\/08\/logo_NABSS_web-1.png\",\"width\":700,\"height\":296,\"caption\":\"NABSS\"},\"image\":{\"@id\":\"https:\/\/nabss.org\/es\/#\/schema\/logo\/image\/\"}}]}<\/script>\n<!-- \/ Yoast SEO Premium plugin. -->","yoast_head_json":{"title":"Nabss en cifras - NABSS","robots":{"index":"noindex","follow":"nofollow"},"og_locale":"es_ES","og_type":"article","og_title":"Nabss en cifras","og_description":"Nabss en cifras Colegios miembros Totalmente autorizado y certificado seg\u00fan los est\u00e1ndares brit\u00e1nicos y espa\u00f1oles Ciudades de Espa\u00f1a Presencia nacional en las principales ciudades y centros internacionales Alumnos Recibiendo una educaci\u00f3n internacional y personalizada Profesionales de la educaci\u00f3n Profesores, directivos y personal de apoyo comprometidos con la excelencia","og_url":"https:\/\/nabss.org\/es\/nabss-en-cifras\/","og_site_name":"NABSS","article_modified_time":"2026-03-04T12:46:39+00:00","og_image":[{"url":"https:\/\/nabss.org\/wp-content\/uploads\/2025\/09\/grupo.svg","type":"","width":"","height":""}],"twitter_card":"summary_large_image","twitter_misc":{"Tiempo de lectura":"2 minutos"},"schema":{"@context":"https:\/\/schema.org","@graph":[{"@type":"WebPage","@id":"https:\/\/nabss.org\/es\/nabss-en-cifras\/","url":"https:\/\/nabss.org\/es\/nabss-en-cifras\/","name":"Nabss en cifras - NABSS","isPartOf":{"@id":"https:\/\/nabss.org\/es\/#website"},"primaryImageOfPage":{"@id":"https:\/\/nabss.org\/es\/nabss-en-cifras\/#primaryimage"},"image":{"@id":"https:\/\/nabss.org\/es\/nabss-en-cifras\/#primaryimage"},"thumbnailUrl":"https:\/\/nabss.org\/wp-content\/uploads\/2025\/09\/grupo.svg","datePublished":"2025-09-17T14:47:40+00:00","dateModified":"2026-03-04T12:46:39+00:00","breadcrumb":{"@id":"https:\/\/nabss.org\/es\/nabss-en-cifras\/#breadcrumb"},"inLanguage":"es","potentialAction":[{"@type":"ReadAction","target":["https:\/\/nabss.org\/es\/nabss-en-cifras\/"]}]},{"@type":"ImageObject","inLanguage":"es","@id":"https:\/\/nabss.org\/es\/nabss-en-cifras\/#primaryimage","url":"https:\/\/nabss.org\/wp-content\/uploads\/2025\/09\/grupo.svg","contentUrl":"https:\/\/nabss.org\/wp-content\/uploads\/2025\/09\/grupo.svg"},{"@type":"BreadcrumbList","@id":"https:\/\/nabss.org\/es\/nabss-en-cifras\/#breadcrumb","itemListElement":[{"@type":"ListItem","position":1,"name":"Portada","item":"https:\/\/nabss.org\/es\/"},{"@type":"ListItem","position":2,"name":"Nabss en cifras"}]},{"@type":"WebSite","@id":"https:\/\/nabss.org\/es\/#website","url":"https:\/\/nabss.org\/es\/","name":"NABSS","description":"Representing the leading British schools in Spain since 1978.","publisher":{"@id":"https:\/\/nabss.org\/es\/#organization"},"potentialAction":[{"@type":"SearchAction","target":{"@type":"EntryPoint","urlTemplate":"https:\/\/nabss.org\/es\/?s={search_term_string}"},"query-input":{"@type":"PropertyValueSpecification","valueRequired":true,"valueName":"search_term_string"}}],"inLanguage":"es"},{"@type":"Organization","@id":"https:\/\/nabss.org\/es\/#organization","name":"NABSS","url":"https:\/\/nabss.org\/es\/","logo":{"@type":"ImageObject","inLanguage":"es","@id":"https:\/\/nabss.org\/es\/#\/schema\/logo\/image\/","url":"https:\/\/nabss.org\/wp-content\/uploads\/2025\/08\/logo_NABSS_web-1.png","contentUrl":"https:\/\/nabss.org\/wp-content\/uploads\/2025\/08\/logo_NABSS_web-1.png","width":700,"height":296,"caption":"NABSS"},"image":{"@id":"https:\/\/nabss.org\/es\/#\/schema\/logo\/image\/"}}]}},"_links":{"self":[{"href":"https:\/\/nabss.org\/es\/wp-json\/wp\/v2\/pages\/6684","targetHints":{"allow":["GET"]}}],"collection":[{"href":"https:\/\/nabss.org\/es\/wp-json\/wp\/v2\/pages"}],"about":[{"href":"https:\/\/nabss.org\/es\/wp-json\/wp\/v2\/types\/page"}],"author":[{"embeddable":true,"href":"https:\/\/nabss.org\/es\/wp-json\/wp\/v2\/users\/1"}],"replies":[{"embeddable":true,"href":"https:\/\/nabss.org\/es\/wp-json\/wp\/v2\/comments?post=6684"}],"version-history":[{"count":2,"href":"https:\/\/nabss.org\/es\/wp-json\/wp\/v2\/pages\/6684\/revisions"}],"predecessor-version":[{"id":7727,"href":"https:\/\/nabss.org\/es\/wp-json\/wp\/v2\/pages\/6684\/revisions\/7727"}],"wp:attachment":[{"href":"https:\/\/nabss.org\/es\/wp-json\/wp\/v2\/media?parent=6684"}],"curies":[{"name":"wp","href":"https:\/\/api.w.org\/{rel}","templated":true}]}}