{"id":9154,"date":"2026-02-19T15:04:44","date_gmt":"2026-02-19T14:04:44","guid":{"rendered":"https:\/\/nabss.org\/?page_id=9154"},"modified":"2026-02-20T09:47:46","modified_gmt":"2026-02-20T08:47:46","slug":"el-mejor-colegio-britanico-en-sevilla-nabss","status":"publish","type":"page","link":"https:\/\/nabss.org\/es\/el-mejor-colegio-britanico-en-sevilla-nabss\/","title":{"rendered":"Colegios Brit\u00e1nicos en Sevilla"},"content":{"rendered":"\t\t<div data-elementor-type=\"wp-page\" data-elementor-id=\"9154\" class=\"elementor elementor-9154 elementor-9153\" data-elementor-post-type=\"page\">\n\t\t\t\t<div class=\"elementor-element elementor-element-e56829c e-con-full e-flex e-con e-child\" data-id=\"e56829c\" data-element_type=\"container\" data-e-type=\"container\" data-settings=\"{&quot;background_background&quot;:&quot;classic&quot;}\">\n\t\t<div class=\"elementor-element elementor-element-22dbebd e-flex e-con-boxed e-con e-child\" data-id=\"22dbebd\" data-element_type=\"container\" data-e-type=\"container\" data-settings=\"{&quot;background_background&quot;:&quot;classic&quot;}\">\n\t\t\t\t\t<div class=\"e-con-inner\">\n\t\t\t\t<div class=\"elementor-element elementor-element-5d38893 elementor-widget__width-initial elementor-widget elementor-widget-heading\" data-id=\"5d38893\" data-element_type=\"widget\" data-e-type=\"widget\" data-widget_type=\"heading.default\">\n\t\t\t\t\t<h1 class=\"elementor-heading-title elementor-size-default\">colegio brit\u00e1nico en sevilla<\/h1>\t\t\t\t<\/div>\n\t\t\t\t\t<\/div>\n\t\t\t\t<\/div>\n\t\t\t\t<\/div>\n\t\t<div class=\"elementor-element elementor-element-258dff9 e-flex e-con-boxed e-con e-parent\" data-id=\"258dff9\" data-element_type=\"container\" data-e-type=\"container\">\n\t\t\t\t\t<div class=\"e-con-inner\">\n\t\t\t\t<div class=\"elementor-element elementor-element-ecce210 elementor-widget elementor-widget-text-editor\" data-id=\"ecce210\" data-element_type=\"widget\" data-e-type=\"widget\" data-widget_type=\"text-editor.default\">\n\t\t\t\t\t\t\t\t\t<p><span style=\"font-weight: 400;\">Elegir un <\/span><b>colegio brit\u00e1nico en Sevilla<\/b><span style=\"font-weight: 400;\"> es apostar por una <\/span><b>educaci\u00f3n internacional de alto nivel<\/b><span style=\"font-weight: 400;\">, basada en est\u00e1ndares acad\u00e9micos exigentes y en una formaci\u00f3n integral orientada al futuro. Los centros <\/span><b>NABSS<\/b><span style=\"font-weight: 400;\"> combinan el prestigio del sistema educativo del Reino Unido con una s\u00f3lida implantaci\u00f3n en el contexto local, ofreciendo a las familias una alternativa educativa que destaca por su <\/span><b>calidad, proyecci\u00f3n internacional y enfoque personalizado del aprendizaje<\/b><span style=\"font-weight: 400;\">.<\/span><\/p><p><span style=\"font-weight: 400;\">Una de las caracter\u00edsticas fundamentales de los <\/span><a href=\"https:\/\/nabss.org\/es\/colegios\/\"><b>colegios brit\u00e1nicos<\/b><\/a><span style=\"font-weight: 400;\"> es su <\/span><b>autorizaci\u00f3n oficial<\/b><span style=\"font-weight: 400;\">, ya que deben cumplir con la normativa educativa espa\u00f1ola para operar como centros internacionales y, en muchos casos, tambi\u00e9n con los requisitos establecidos por las autoridades brit\u00e1nicas. Esto garantiza que el proyecto educativo se desarrolla dentro de un marco legal s\u00f3lido y supervisado. Adem\u00e1s, imparten el <\/span><b>curr\u00edculo brit\u00e1nico (National Curriculum for England)<\/b><span style=\"font-weight: 400;\">, estructurado por etapas educativas y orientado al desarrollo progresivo de competencias acad\u00e9micas y personales. Este modelo culmina en titulaciones reconocidas internacionalmente, como los <\/span><b>IGCSE y los A-Levels<\/b><span style=\"font-weight: 400;\">, que facilitan el acceso a universidades de prestigio en Espa\u00f1a y en el extranjero.<\/span><\/p><p><span style=\"font-weight: 400;\">A ello se suma un <\/span><b>personal docente altamente cualificado<\/b><span style=\"font-weight: 400;\">, formado en el Reino Unido o en sistemas educativos internacionales, con experiencia en entornos biling\u00fces y multiculturales. La presencia de profesorado nativo o con acreditaci\u00f3n oficial, junto con programas de formaci\u00f3n continua, refuerza la calidad del proyecto educativo.<\/span><\/p><p><span style=\"font-weight: 400;\">Por \u00faltimo, estos centros destacan por su <\/span><b>compromiso \u00e9tico y su apuesta por la formaci\u00f3n integral del alumnado<\/b><span style=\"font-weight: 400;\">. M\u00e1s all\u00e1 de los resultados acad\u00e9micos, fomentan valores como la responsabilidad, el respeto, la mentalidad internacional y el pensamiento cr\u00edtico, preparando a los estudiantes para desenvolverse con \u00e9xito en un entorno globalizado.<\/span><\/p><p><span style=\"font-weight: 400;\">\u00bfBuscas el <\/span><b>mejor colegio brit\u00e1nico en Sevilla<\/b><span style=\"font-weight: 400;\"> para tus hijos? Para muchas familias que buscan una educaci\u00f3n brit\u00e1nica aut\u00e9ntica en la ciudad, <\/span><a href=\"https:\/\/nabss.org\/es\/colegios-nabss\/cbs-the-british-school-of-seville-3\/\"><b>CBS The British School of Seville<\/b><\/a><span style=\"font-weight: 400;\"> se ha convertido en un centro referente gracias a la coherencia de su proyecto educativo, la calidad de su profesorado y su apuesta por una formaci\u00f3n internacional exigente y personalizada.<\/span><\/p><p><span style=\"font-weight: 400;\">Si deseas conocer en detalle su <\/span><b>proyecto educativo e instalaciones<\/b><span style=\"font-weight: 400;\">, a continuaci\u00f3n encontrar\u00e1s toda la informaci\u00f3n necesaria para valorar si es la mejor opci\u00f3n para el futuro acad\u00e9mico de tus hijos.<\/span><\/p>\t\t\t\t\t\t\t\t<\/div>\n\t\t\t\t\t<\/div>\n\t\t\t\t<\/div>\n\t\t<div class=\"elementor-element elementor-element-423e2fc e-con-full e-flex e-con e-parent\" data-id=\"423e2fc\" data-element_type=\"container\" data-e-type=\"container\" data-settings=\"{&quot;background_background&quot;:&quot;classic&quot;}\">\n\t\t<div class=\"elementor-element elementor-element-b7fba7f e-grid e-con-full e-con e-child\" data-id=\"b7fba7f\" data-element_type=\"container\" data-e-type=\"container\">\n\t\t<div class=\"elementor-element elementor-element-04665e3 e-con-full e-flex e-con e-child\" data-id=\"04665e3\" data-element_type=\"container\" data-e-type=\"container\">\n\t\t<div class=\"elementor-element elementor-element-dd029ee e-con-full e-flex e-con e-child\" data-id=\"dd029ee\" data-element_type=\"container\" data-e-type=\"container\" data-settings=\"{&quot;background_background&quot;:&quot;classic&quot;}\">\n\t\t\t\t<div class=\"elementor-element elementor-element-671a576 elementor-widget elementor-widget-image\" data-id=\"671a576\" data-element_type=\"widget\" data-e-type=\"widget\" data-widget_type=\"image.default\">\n\t\t\t\t\t\t\t\t\t\t\t\t\t\t\t<img decoding=\"async\" src=\"https:\/\/nabss.org\/wp-content\/uploads\/2025\/10\/nuevo-logo-cbs-Samantha-Clewer.png\" title=\"\" alt=\"\" loading=\"lazy\" \/>\t\t\t\t\t\t\t\t\t\t\t\t\t\t\t<\/div>\n\t\t\t\t<\/div>\n\t\t<div class=\"elementor-element elementor-element-0a92e10 e-con-full fondo-gradiante e-flex e-con e-child\" data-id=\"0a92e10\" data-element_type=\"container\" data-e-type=\"container\">\n\t\t\t\t<div class=\"elementor-element elementor-element-74079fa elementor-widget elementor-widget-heading\" data-id=\"74079fa\" data-element_type=\"widget\" data-e-type=\"widget\" data-widget_type=\"heading.default\">\n\t\t\t\t\t<h2 class=\"elementor-heading-title elementor-size-default\">cbs the british school of seville<\/h2>\t\t\t\t<\/div>\n\t\t\t\t<div class=\"elementor-element elementor-element-280d1e8 elementor-widget elementor-widget-text-editor\" data-id=\"280d1e8\" data-element_type=\"widget\" data-e-type=\"widget\" data-widget_type=\"text-editor.default\">\n\t\t\t\t\t\t\t\t\t<p><a href=\"https:\/\/nabss.org\/es\/colegios-nabss\/cbs-the-british-school-of-seville-3\/\"><b>CBS The British School of Seville<\/b><\/a><span style=\"font-weight: 400;\"> es un colegio brit\u00e1nico internacional situado en Bollullos de la Mitaci\u00f3n, en el coraz\u00f3n del Aljarafe sevillano, que ofrece una <\/span><b>educaci\u00f3n basada en el curr\u00edculo brit\u00e1nico completo<\/b><span style=\"font-weight: 400;\"> desde los primeros a\u00f1os hasta Bachillerato, con una preparaci\u00f3n acad\u00e9mica que permite a los alumnos obtener titulaciones reconocidas internacionalmente como los <\/span><b>IGCSE y los A-Levels<\/b><span style=\"font-weight: 400;\">, ampliamente valoradas por universidades de todo el mundo.<\/span><\/p><p><span style=\"font-weight: 400;\">El proyecto educativo del centro est\u00e1 dise\u00f1ado para fomentar el desarrollo global del alumnado. Su enfoque se centra en <\/span><b>estimular la curiosidad, promover el pensamiento cr\u00edtico, desarrollar la creatividad y fortalecer la autonom\u00eda<\/b><span style=\"font-weight: 400;\">, todo ello mediante metodolog\u00edas activas y aprendizaje basado en proyectos que ayudan a los estudiantes a conectar lo que aprenden con el mundo real. Esto permite que cada ni\u00f1o adquiera conocimientos y que tambi\u00e9n construya habilidades clave para el siglo XXI, como la resoluci\u00f3n de problemas, la comunicaci\u00f3n efectiva y la colaboraci\u00f3n.<\/span><\/p><p><b>CBS The British School of Seville<\/b><span style=\"font-weight: 400;\"> ofrece una ense\u00f1anza internacional en la que se imparten asignaturas en <\/span><b>ingl\u00e9s, franc\u00e9s, espa\u00f1ol y alem\u00e1n<\/b><span style=\"font-weight: 400;\">, favoreciendo un entorno verdaderamente multiling\u00fce desde las primeras etapas educativas. El ingl\u00e9s es la lengua vehicular principal dentro del curr\u00edculo brit\u00e1nico, mientras que el espa\u00f1ol se integra como parte fundamental del contexto acad\u00e9mico nacional. Adem\u00e1s, el aprendizaje de franc\u00e9s y alem\u00e1n ampl\u00eda la competencia ling\u00fc\u00edstica del alumnado y refuerza su preparaci\u00f3n para un entorno universitario y profesional cada vez m\u00e1s globalizado.<\/span><\/p><p><span style=\"font-weight: 400;\">El centro cuenta con un <\/span><b>equipo docente altamente cualificado y mayoritariamente nativo o con experiencia en educaci\u00f3n internacional<\/b><span style=\"font-weight: 400;\">, lo que garantiza un nivel elevado de dominio del idioma y una comprensi\u00f3n profunda del curr\u00edculo brit\u00e1nico. Esto se traduce en una ense\u00f1anza exigente pero accesible, que acompa\u00f1a al alumno en todas las etapas, desde educaci\u00f3n infantil hasta la preparaci\u00f3n para acceder a estudios superiores.<\/span><\/p><p><span style=\"font-weight: 400;\">Las instalaciones de este colegio brit\u00e1nico en Sevilla est\u00e1n dise\u00f1adas para apoyar un aprendizaje din\u00e1mico y estimulante. El campus cuenta con <\/span><b>laboratorios de ciencias totalmente equipados, biblioteca, aula de inform\u00e1tica (TIC), aula de arte y manualidades, aula de m\u00fasica y auditorio<\/b><span style=\"font-weight: 400;\">, que refuerzan el desarrollo acad\u00e9mico y creativo del alumnado. En el \u00e1mbito deportivo y de bienestar, dispone de <\/span><b>roc\u00f3dromo, pistas deportivas exteriores, campo de f\u00fatbol y piscina<\/b><span style=\"font-weight: 400;\">, as\u00ed como amplias zonas de recreo diferenciadas para cada etapa, incluyendo <\/span><b>parques de Infantil, patio de Primaria y un \u00e1rea de estudio espec\u00edfica para Sixth Form<\/b><span style=\"font-weight: 400;\">. El colegio se organiza en <\/span><b>edificios independientes para Infantil, Primaria, Secundaria y Sixth Form<\/b><span style=\"font-weight: 400;\">, adem\u00e1s de un edificio administrativo propio, lo que permite adaptar los espacios a las necesidades de cada etapa educativa. Todo ello se complementa con <\/span><b>aulas al aire libre y un entorno natural rodeado de pinares<\/b><span style=\"font-weight: 400;\">, que favorecen el aprendizaje experiencial y la conexi\u00f3n con la naturaleza. Estas infraestructuras ofrecen un equilibrio entre rigor acad\u00e9mico y bienestar, creando un entorno seguro, enriquecedor y motivador para los estudiantes.<\/span><\/p><p><span style=\"font-weight: 400;\">La escuela promueve tambi\u00e9n el <\/span><b>desarrollo emocional y social<\/b><span style=\"font-weight: 400;\">, integrando valores como el respeto, la responsabilidad, la resiliencia y el trabajo en equipo dentro de su filosof\u00eda educativa.\u00a0<\/span><\/p><p><span style=\"font-weight: 400;\">Adem\u00e1s, forma parte de la <\/span><b>National Association of British Schools in Spain (NABSS)<\/b><span style=\"font-weight: 400;\"> y est\u00e1 acreditado para la realizaci\u00f3n de ex\u00e1menes de la Universidad de Cambridge, lo que garantiza que el centro cumple con altos est\u00e1ndares de calidad educativa y es sometido a inspecciones regulares que avalan su excelencia.\u00a0<\/span><\/p>\t\t\t\t\t\t\t\t<\/div>\n\t\t\t\t<\/div>\n\t\t\t\t<\/div>\n\t\t\t\t<\/div>\n\t\t\t\t<\/div>\n\t\t\t\t<\/div>\n\t\t","protected":false},"excerpt":{"rendered":"<p>colegio brit\u00e1nico en sevilla Elegir un colegio brit\u00e1nico en Sevilla es apostar por una educaci\u00f3n internacional de alto nivel, basada en est\u00e1ndares acad\u00e9micos exigentes y en una formaci\u00f3n integral orientada al futuro. Los centros NABSS combinan el prestigio del sistema educativo del Reino Unido con una s\u00f3lida implantaci\u00f3n en el contexto local, ofreciendo a las [&hellip;]<\/p>\n","protected":false},"author":1,"featured_media":0,"parent":0,"menu_order":0,"comment_status":"closed","ping_status":"closed","template":"elementor_header_footer","meta":{"footnotes":""},"class_list":["post-9154","page","type-page","status-publish","hentry"],"yoast_head":"<!-- This site is optimized with the Yoast SEO Premium plugin v25.1 (Yoast SEO v27.3) - https:\/\/yoast.com\/product\/yoast-seo-premium-wordpress\/ -->\n<title>El mejor colegio brit\u00e1nico en Sevilla \u2013 NABSS<\/title>\n<meta name=\"description\" content=\"Conoce el mejor colegio brit\u00e1nico en Sevilla por su proyecto educativo, la calidad de su profesorado y su apuesta por una formaci\u00f3n internacional exigente\" \/>\n<meta name=\"robots\" content=\"index, follow, max-snippet:-1, max-image-preview:large, max-video-preview:-1\" \/>\n<link rel=\"canonical\" href=\"https:\/\/nabss.org\/es\/el-mejor-colegio-britanico-en-sevilla-nabss\/\" \/>\n<meta property=\"og:locale\" content=\"es_ES\" \/>\n<meta property=\"og:type\" content=\"article\" \/>\n<meta property=\"og:title\" content=\"Colegios Brit\u00e1nicos en Sevilla\" \/>\n<meta property=\"og:description\" content=\"Conoce el mejor colegio brit\u00e1nico en Sevilla por su proyecto educativo, la calidad de su profesorado y su apuesta por una formaci\u00f3n internacional exigente\" \/>\n<meta property=\"og:url\" content=\"https:\/\/nabss.org\/es\/el-mejor-colegio-britanico-en-sevilla-nabss\/\" \/>\n<meta property=\"og:site_name\" content=\"NABSS\" \/>\n<meta property=\"article:modified_time\" content=\"2026-02-20T08:47:46+00:00\" \/>\n<meta name=\"twitter:card\" content=\"summary_large_image\" \/>\n<meta name=\"twitter:label1\" content=\"Tiempo de lectura\" \/>\n\t<meta name=\"twitter:data1\" content=\"5 minutos\" \/>\n<script type=\"application\/ld+json\" class=\"yoast-schema-graph\">{\"@context\":\"https:\\\/\\\/schema.org\",\"@graph\":[{\"@type\":\"WebPage\",\"@id\":\"https:\\\/\\\/nabss.org\\\/es\\\/el-mejor-colegio-britanico-en-sevilla-nabss\\\/\",\"url\":\"https:\\\/\\\/nabss.org\\\/es\\\/el-mejor-colegio-britanico-en-sevilla-nabss\\\/\",\"name\":\"El mejor colegio brit\u00e1nico en Sevilla \u2013 NABSS\",\"isPartOf\":{\"@id\":\"https:\\\/\\\/nabss.org\\\/es\\\/#website\"},\"datePublished\":\"2026-02-19T14:04:44+00:00\",\"dateModified\":\"2026-02-20T08:47:46+00:00\",\"description\":\"Conoce el mejor colegio brit\u00e1nico en Sevilla por su proyecto educativo, la calidad de su profesorado y su apuesta por una formaci\u00f3n internacional exigente\",\"breadcrumb\":{\"@id\":\"https:\\\/\\\/nabss.org\\\/es\\\/el-mejor-colegio-britanico-en-sevilla-nabss\\\/#breadcrumb\"},\"inLanguage\":\"es\",\"potentialAction\":[{\"@type\":\"ReadAction\",\"target\":[\"https:\\\/\\\/nabss.org\\\/es\\\/el-mejor-colegio-britanico-en-sevilla-nabss\\\/\"]}]},{\"@type\":\"BreadcrumbList\",\"@id\":\"https:\\\/\\\/nabss.org\\\/es\\\/el-mejor-colegio-britanico-en-sevilla-nabss\\\/#breadcrumb\",\"itemListElement\":[{\"@type\":\"ListItem\",\"position\":1,\"name\":\"Portada\",\"item\":\"https:\\\/\\\/nabss.org\\\/es\\\/\"},{\"@type\":\"ListItem\",\"position\":2,\"name\":\"Colegios Brit\u00e1nicos en Sevilla\"}]},{\"@type\":\"WebSite\",\"@id\":\"https:\\\/\\\/nabss.org\\\/es\\\/#website\",\"url\":\"https:\\\/\\\/nabss.org\\\/es\\\/\",\"name\":\"NABSS\",\"description\":\"Representing the leading British schools in Spain since 1978.\",\"publisher\":{\"@id\":\"https:\\\/\\\/nabss.org\\\/es\\\/#organization\"},\"potentialAction\":[{\"@type\":\"SearchAction\",\"target\":{\"@type\":\"EntryPoint\",\"urlTemplate\":\"https:\\\/\\\/nabss.org\\\/es\\\/?s={search_term_string}\"},\"query-input\":{\"@type\":\"PropertyValueSpecification\",\"valueRequired\":true,\"valueName\":\"search_term_string\"}}],\"inLanguage\":\"es\"},{\"@type\":\"Organization\",\"@id\":\"https:\\\/\\\/nabss.org\\\/es\\\/#organization\",\"name\":\"NABSS\",\"url\":\"https:\\\/\\\/nabss.org\\\/es\\\/\",\"logo\":{\"@type\":\"ImageObject\",\"inLanguage\":\"es\",\"@id\":\"https:\\\/\\\/nabss.org\\\/es\\\/#\\\/schema\\\/logo\\\/image\\\/\",\"url\":\"https:\\\/\\\/nabss.org\\\/wp-content\\\/uploads\\\/2025\\\/08\\\/logo_NABSS_web-1.png\",\"contentUrl\":\"https:\\\/\\\/nabss.org\\\/wp-content\\\/uploads\\\/2025\\\/08\\\/logo_NABSS_web-1.png\",\"width\":700,\"height\":296,\"caption\":\"NABSS\"},\"image\":{\"@id\":\"https:\\\/\\\/nabss.org\\\/es\\\/#\\\/schema\\\/logo\\\/image\\\/\"}}]}<\/script>\n<!-- \/ Yoast SEO Premium plugin. -->","yoast_head_json":{"title":"El mejor colegio brit\u00e1nico en Sevilla \u2013 NABSS","description":"Conoce el mejor colegio brit\u00e1nico en Sevilla por su proyecto educativo, la calidad de su profesorado y su apuesta por una formaci\u00f3n internacional exigente","robots":{"index":"index","follow":"follow","max-snippet":"max-snippet:-1","max-image-preview":"max-image-preview:large","max-video-preview":"max-video-preview:-1"},"canonical":"https:\/\/nabss.org\/es\/el-mejor-colegio-britanico-en-sevilla-nabss\/","og_locale":"es_ES","og_type":"article","og_title":"Colegios Brit\u00e1nicos en Sevilla","og_description":"Conoce el mejor colegio brit\u00e1nico en Sevilla por su proyecto educativo, la calidad de su profesorado y su apuesta por una formaci\u00f3n internacional exigente","og_url":"https:\/\/nabss.org\/es\/el-mejor-colegio-britanico-en-sevilla-nabss\/","og_site_name":"NABSS","article_modified_time":"2026-02-20T08:47:46+00:00","twitter_card":"summary_large_image","twitter_misc":{"Tiempo de lectura":"5 minutos"},"schema":{"@context":"https:\/\/schema.org","@graph":[{"@type":"WebPage","@id":"https:\/\/nabss.org\/es\/el-mejor-colegio-britanico-en-sevilla-nabss\/","url":"https:\/\/nabss.org\/es\/el-mejor-colegio-britanico-en-sevilla-nabss\/","name":"El mejor colegio brit\u00e1nico en Sevilla \u2013 NABSS","isPartOf":{"@id":"https:\/\/nabss.org\/es\/#website"},"datePublished":"2026-02-19T14:04:44+00:00","dateModified":"2026-02-20T08:47:46+00:00","description":"Conoce el mejor colegio brit\u00e1nico en Sevilla por su proyecto educativo, la calidad de su profesorado y su apuesta por una formaci\u00f3n internacional exigente","breadcrumb":{"@id":"https:\/\/nabss.org\/es\/el-mejor-colegio-britanico-en-sevilla-nabss\/#breadcrumb"},"inLanguage":"es","potentialAction":[{"@type":"ReadAction","target":["https:\/\/nabss.org\/es\/el-mejor-colegio-britanico-en-sevilla-nabss\/"]}]},{"@type":"BreadcrumbList","@id":"https:\/\/nabss.org\/es\/el-mejor-colegio-britanico-en-sevilla-nabss\/#breadcrumb","itemListElement":[{"@type":"ListItem","position":1,"name":"Portada","item":"https:\/\/nabss.org\/es\/"},{"@type":"ListItem","position":2,"name":"Colegios Brit\u00e1nicos en Sevilla"}]},{"@type":"WebSite","@id":"https:\/\/nabss.org\/es\/#website","url":"https:\/\/nabss.org\/es\/","name":"NABSS","description":"Representing the leading British schools in Spain since 1978.","publisher":{"@id":"https:\/\/nabss.org\/es\/#organization"},"potentialAction":[{"@type":"SearchAction","target":{"@type":"EntryPoint","urlTemplate":"https:\/\/nabss.org\/es\/?s={search_term_string}"},"query-input":{"@type":"PropertyValueSpecification","valueRequired":true,"valueName":"search_term_string"}}],"inLanguage":"es"},{"@type":"Organization","@id":"https:\/\/nabss.org\/es\/#organization","name":"NABSS","url":"https:\/\/nabss.org\/es\/","logo":{"@type":"ImageObject","inLanguage":"es","@id":"https:\/\/nabss.org\/es\/#\/schema\/logo\/image\/","url":"https:\/\/nabss.org\/wp-content\/uploads\/2025\/08\/logo_NABSS_web-1.png","contentUrl":"https:\/\/nabss.org\/wp-content\/uploads\/2025\/08\/logo_NABSS_web-1.png","width":700,"height":296,"caption":"NABSS"},"image":{"@id":"https:\/\/nabss.org\/es\/#\/schema\/logo\/image\/"}}]}},"_links":{"self":[{"href":"https:\/\/nabss.org\/es\/wp-json\/wp\/v2\/pages\/9154","targetHints":{"allow":["GET"]}}],"collection":[{"href":"https:\/\/nabss.org\/es\/wp-json\/wp\/v2\/pages"}],"about":[{"href":"https:\/\/nabss.org\/es\/wp-json\/wp\/v2\/types\/page"}],"author":[{"embeddable":true,"href":"https:\/\/nabss.org\/es\/wp-json\/wp\/v2\/users\/1"}],"replies":[{"embeddable":true,"href":"https:\/\/nabss.org\/es\/wp-json\/wp\/v2\/comments?post=9154"}],"version-history":[{"count":16,"href":"https:\/\/nabss.org\/es\/wp-json\/wp\/v2\/pages\/9154\/revisions"}],"predecessor-version":[{"id":9229,"href":"https:\/\/nabss.org\/es\/wp-json\/wp\/v2\/pages\/9154\/revisions\/9229"}],"wp:attachment":[{"href":"https:\/\/nabss.org\/es\/wp-json\/wp\/v2\/media?parent=9154"}],"curies":[{"name":"wp","href":"https:\/\/api.w.org\/{rel}","templated":true}]}}