{"id":9179,"date":"2026-02-19T15:07:41","date_gmt":"2026-02-19T14:07:41","guid":{"rendered":"https:\/\/nabss.org\/?page_id=9179"},"modified":"2026-02-20T13:24:26","modified_gmt":"2026-02-20T12:24:26","slug":"colegios-britanicos-en-cordoba","status":"publish","type":"page","link":"https:\/\/nabss.org\/es\/colegios-britanicos-en-cordoba\/","title":{"rendered":"Colegios Brit\u00e1nicos en Cordoba"},"content":{"rendered":"\t\t<div data-elementor-type=\"wp-page\" data-elementor-id=\"9179\" class=\"elementor elementor-9179 elementor-9178\" data-elementor-post-type=\"page\">\n\t\t\t\t<div class=\"elementor-element elementor-element-e56829c e-con-full e-flex e-con e-child\" data-id=\"e56829c\" data-element_type=\"container\" data-e-type=\"container\" data-settings=\"{&quot;background_background&quot;:&quot;classic&quot;}\">\n\t\t<div class=\"elementor-element elementor-element-22dbebd e-flex e-con-boxed e-con e-child\" data-id=\"22dbebd\" data-element_type=\"container\" data-e-type=\"container\" data-settings=\"{&quot;background_background&quot;:&quot;classic&quot;}\">\n\t\t\t\t\t<div class=\"e-con-inner\">\n\t\t\t\t<div class=\"elementor-element elementor-element-5d38893 elementor-widget__width-initial elementor-widget elementor-widget-heading\" data-id=\"5d38893\" data-element_type=\"widget\" data-e-type=\"widget\" data-widget_type=\"heading.default\">\n\t\t\t\t\t<h1 class=\"elementor-heading-title elementor-size-default\">colegio brit\u00e1nico en C\u00f3rdoba <\/h1>\t\t\t\t<\/div>\n\t\t\t\t\t<\/div>\n\t\t\t\t<\/div>\n\t\t\t\t<\/div>\n\t\t<div class=\"elementor-element elementor-element-258dff9 e-flex e-con-boxed e-con e-parent\" data-id=\"258dff9\" data-element_type=\"container\" data-e-type=\"container\">\n\t\t\t\t\t<div class=\"e-con-inner\">\n\t\t\t\t<div class=\"elementor-element elementor-element-ecce210 elementor-widget elementor-widget-text-editor\" data-id=\"ecce210\" data-element_type=\"widget\" data-e-type=\"widget\" data-widget_type=\"text-editor.default\">\n\t\t\t\t\t\t\t\t\t<p><span style=\"font-weight: 400;\">Para muchas familias, elegir un <\/span><b>colegio brit\u00e1nico en C\u00f3rdoba<\/b><span style=\"font-weight: 400;\"> supone tomar una decisi\u00f3n estrat\u00e9gica a largo plazo. No se trata \u00fanicamente de que sus hijos aprendan hablando ingl\u00e9s, sino de acceder a un modelo educativo que priorice la autonom\u00eda, el pensamiento cr\u00edtico y la preparaci\u00f3n real para un entorno universitario y profesional internacional.<\/span><\/p><p><span style=\"font-weight: 400;\">A diferencia de otros modelos biling\u00fces, la educaci\u00f3n brit\u00e1nica se caracteriza por una <\/span><b>inmersi\u00f3n ling\u00fc\u00edstica real<\/b><span style=\"font-weight: 400;\">, donde el ingl\u00e9s es la lengua vehicular en la mayor parte de las asignaturas. Esto permite que el idioma no se limite a una materia m\u00e1s, sino que se convierta en una herramienta natural de aprendizaje y comunicaci\u00f3n. El resultado es un dominio s\u00f3lido del ingl\u00e9s acad\u00e9mico, clave para estudios superiores fuera de Espa\u00f1a.<\/span><\/p><p><span style=\"font-weight: 400;\">El sistema brit\u00e1nico organiza el aprendizaje por etapas progresivas y evaluables, fomentando desde edades tempranas la participaci\u00f3n activa en clase, la investigaci\u00f3n y la capacidad de argumentar ideas propias. Las titulaciones oficiales que culminan este recorrido, como los <\/span><b>IGCSE y los A-Levels<\/b><span style=\"font-weight: 400;\">, son reconocidas internacionalmente y facilitan el acceso a universidades tanto espa\u00f1olas como extranjeras. Para muchas familias, este itinerario supone mantener abiertas m\u00e1s opciones acad\u00e9micas en el futuro.<\/span><\/p><p><span style=\"font-weight: 400;\">Otro aspecto que valoran especialmente padres y madres es la <\/span><b>atenci\u00f3n personalizada<\/b><span style=\"font-weight: 400;\">. Los <\/span><a href=\"https:\/\/nabss.org\/es\/colegios\/\"><b>colegios brit\u00e1nicos<\/b><\/a><span style=\"font-weight: 400;\"> suelen trabajar con grupos reducidos y un seguimiento continuo del progreso acad\u00e9mico y emocional del alumno. Las tutor\u00edas individualizadas, la comunicaci\u00f3n fluida con las familias y la evaluaci\u00f3n constante permiten detectar fortalezas y \u00e1reas de mejora con antelaci\u00f3n, evitando problemas futuros.<\/span><\/p><p><span style=\"font-weight: 400;\">El <\/span><b>perfil del profesorado<\/b><span style=\"font-weight: 400;\"> es tambi\u00e9n un elemento diferenciador. Habitualmente est\u00e1 formado por docentes con experiencia en el sistema educativo brit\u00e1nico, muchos de ellos nativos o con acreditaci\u00f3n internacional. Esto garantiza no solo un alto nivel ling\u00fc\u00edstico, sino tambi\u00e9n una metodolog\u00eda alineada con los est\u00e1ndares educativos del Reino Unido.<\/span><\/p><p><span style=\"font-weight: 400;\">Adem\u00e1s del componente acad\u00e9mico, un colegio brit\u00e1nico suele prestar especial atenci\u00f3n al desarrollo de <\/span><b>habilidades sociales y personales<\/b><span style=\"font-weight: 400;\">. Se fomenta la responsabilidad, la capacidad de liderazgo, el trabajo en equipo y la resiliencia. Estas competencias son cada vez m\u00e1s valoradas por universidades y empresas, y forman parte integral del proyecto educativo.<\/span><\/p><p><span style=\"font-weight: 400;\">Las <\/span><b>instalaciones<\/b><span style=\"font-weight: 400;\"> y los <\/span><b>recursos pedag\u00f3gicos<\/b><span style=\"font-weight: 400;\"> tambi\u00e9n juegan un papel importante. Espacios adaptados a cada etapa, laboratorios, \u00e1reas deportivas y zonas al aire libre contribuyen a crear un entorno equilibrado donde el aprendizaje va m\u00e1s all\u00e1 del aula tradicional. El bienestar del alumnado, la seguridad y el acompa\u00f1amiento emocional son factores cada vez m\u00e1s determinantes en la decisi\u00f3n de las familias.<\/span><\/p><p><span style=\"font-weight: 400;\">Si est\u00e1s valorando opciones para tus hijos, te invitamos a conocer de cerca el proyecto educativo de <\/span><a href=\"https:\/\/nabss.org\/es\/colegios-nabss\/british-school-of-cordoba\/\"><b>The British School of C\u00f3rdoba<\/b><\/a><span style=\"font-weight: 400;\">, uno de los referentes en educaci\u00f3n brit\u00e1nica en la ciudad. Solicita informaci\u00f3n, agenda una visita personalizada y descubre si su modelo acad\u00e9mico y su entorno educativo encajan con el futuro que deseas para tu familia.<\/span><\/p>\t\t\t\t\t\t\t\t<\/div>\n\t\t\t\t\t<\/div>\n\t\t\t\t<\/div>\n\t\t<div class=\"elementor-element elementor-element-423e2fc e-con-full e-flex e-con e-parent\" data-id=\"423e2fc\" data-element_type=\"container\" data-e-type=\"container\" data-settings=\"{&quot;background_background&quot;:&quot;classic&quot;}\">\n\t\t<div class=\"elementor-element elementor-element-b7fba7f e-grid e-con-full e-con e-child\" data-id=\"b7fba7f\" data-element_type=\"container\" data-e-type=\"container\">\n\t\t<div class=\"elementor-element elementor-element-04665e3 e-con-full e-flex e-con e-child\" data-id=\"04665e3\" data-element_type=\"container\" data-e-type=\"container\">\n\t\t<div class=\"elementor-element elementor-element-dd029ee e-con-full e-flex e-con e-child\" data-id=\"dd029ee\" data-element_type=\"container\" data-e-type=\"container\" data-settings=\"{&quot;background_background&quot;:&quot;classic&quot;}\">\n\t\t\t\t<div class=\"elementor-element elementor-element-671a576 elementor-widget elementor-widget-image\" data-id=\"671a576\" data-element_type=\"widget\" data-e-type=\"widget\" data-widget_type=\"image.default\">\n\t\t\t\t\t\t\t\t\t\t\t\t\t\t\t<img decoding=\"async\" src=\"https:\/\/nabss.org\/wp-content\/uploads\/2025\/10\/logo-cordoba-centrado.png\" title=\"\" alt=\"\" loading=\"lazy\" \/>\t\t\t\t\t\t\t\t\t\t\t\t\t\t\t<\/div>\n\t\t\t\t<\/div>\n\t\t<div class=\"elementor-element elementor-element-0a92e10 e-con-full fondo-gradiante e-flex e-con e-child\" data-id=\"0a92e10\" data-element_type=\"container\" data-e-type=\"container\">\n\t\t\t\t<div class=\"elementor-element elementor-element-74079fa elementor-widget elementor-widget-heading\" data-id=\"74079fa\" data-element_type=\"widget\" data-e-type=\"widget\" data-widget_type=\"heading.default\">\n\t\t\t\t\t<h2 class=\"elementor-heading-title elementor-size-default\">British school of cordoba<\/h2>\t\t\t\t<\/div>\n\t\t\t\t<div class=\"elementor-element elementor-element-280d1e8 elementor-widget elementor-widget-text-editor\" data-id=\"280d1e8\" data-element_type=\"widget\" data-e-type=\"widget\" data-widget_type=\"text-editor.default\">\n\t\t\t\t\t\t\t\t\t<p><span style=\"font-weight: 400;\">El <\/span><b>The British School of C\u00f3rdoba<\/b><span style=\"font-weight: 400;\"> es un centro educativo internacional que ofrece formaci\u00f3n para alumnos desde los <\/span><b>2 hasta los 18 a\u00f1os<\/b><span style=\"font-weight: 400;\">, cubriendo todas las etapas educativas en un entorno acad\u00e9mico exigente y personalizado. Su proyecto combina el curr\u00edculo brit\u00e1nico con una visi\u00f3n internacional moderna, preparando a los estudiantes tanto para titulaciones brit\u00e1nicas como para el <\/span><b>IB Diploma Programme (Bachillerato Internacional)<\/b><span style=\"font-weight: 400;\">, una de las certificaciones acad\u00e9micas m\u00e1s reconocidas a nivel mundial.<\/span><\/p><p><span style=\"font-weight: 400;\">Uno de los aspectos m\u00e1s valorados por las familias es su enfoque <\/span><b>multiling\u00fce<\/b><span style=\"font-weight: 400;\">. En el colegio se trabaja en <\/span><b>ingl\u00e9s como lengua vehicular principal<\/b><span style=\"font-weight: 400;\">, complementado con <\/span><b>espa\u00f1ol y franc\u00e9s<\/b><span style=\"font-weight: 400;\">, lo que permite a los alumnos desarrollar una s\u00f3lida competencia ling\u00fc\u00edstica en tres idiomas desde edades tempranas. Esta base ling\u00fc\u00edstica ampl\u00eda sus oportunidades acad\u00e9micas y profesionales en un entorno cada vez m\u00e1s globalizado.<\/span><\/p><p><span style=\"font-weight: 400;\">El <\/span><b>modelo pedag\u00f3gico<\/b><span style=\"font-weight: 400;\"> del centro fomenta el pensamiento cr\u00edtico, la autonom\u00eda y la creatividad, integrando metodolog\u00edas activas, tecnolog\u00eda educativa y seguimiento individualizado. El acompa\u00f1amiento cercano y la atenci\u00f3n personalizada favorecen tanto el rendimiento acad\u00e9mico como el desarrollo emocional del alumnado.<\/span><\/p><p><span style=\"font-weight: 400;\">En cuanto a sus <\/span><b>instalaciones<\/b><span style=\"font-weight: 400;\">, el colegio dispone de espacios modernos y dise\u00f1ados para potenciar el aprendizaje en todas sus dimensiones. Cuenta con <\/span><b>aulas modernas y luminosas<\/b><span style=\"font-weight: 400;\">, una <\/span><b>biblioteca biling\u00fce<\/b><span style=\"font-weight: 400;\">, <\/span><b>laboratorios de ciencias equipados con espacios para preparar experimentos y almacenar materiales<\/b><span style=\"font-weight: 400;\">, laboratorio de inform\u00e1tica y tecnolog\u00eda, aula de arte, salas de m\u00fasica y sal\u00f3n de actos. En el \u00e1mbito deportivo, ofrece <\/span><b>gimnasio cubierto, pistas deportivas exteriores y zona de psicomotricidad<\/b><span style=\"font-weight: 400;\">, adem\u00e1s de un parque espec\u00edfico para Early Years y amplias <\/span><b>zonas verdes para el aprendizaje al aire libre<\/b><span style=\"font-weight: 400;\">.<\/span><\/p><p><span style=\"font-weight: 400;\">El centro tambi\u00e9n dispone de <\/span><b>comedor escolar con men\u00fa diario<\/b><span style=\"font-weight: 400;\">, zonas de descanso y recreo, espacios de rob\u00f3tica y STEM, aulas de apoyo y estudio, sala de trabajo para el profesorado y despachos docentes. Su apuesta por la innovaci\u00f3n se refleja en los <\/span><b>espacios de coworking educativo<\/b><span style=\"font-weight: 400;\">, estudio de grabaci\u00f3n y aula de fotograf\u00eda, que permiten desarrollar proyectos creativos y tecnol\u00f3gicos desde etapas tempranas.<\/span><\/p><p><span style=\"font-weight: 400;\">Para facilitar la organizaci\u00f3n familiar, el colegio cuenta con <\/span><b>servicio de ruta escolar<\/b><span style=\"font-weight: 400;\"> y un completo programa de <\/span><b>actividades extraescolares<\/b><span style=\"font-weight: 400;\"> que complementan la formaci\u00f3n acad\u00e9mica con propuestas deportivas, art\u00edsticas y tecnol\u00f3gicas.<\/span><\/p>\t\t\t\t\t\t\t\t<\/div>\n\t\t\t\t<\/div>\n\t\t\t\t<\/div>\n\t\t\t\t<\/div>\n\t\t\t\t<\/div>\n\t\t\t\t<\/div>\n\t\t","protected":false},"excerpt":{"rendered":"<p>colegio brit\u00e1nico en C\u00f3rdoba Para muchas familias, elegir un colegio brit\u00e1nico en C\u00f3rdoba supone tomar una decisi\u00f3n estrat\u00e9gica a largo plazo. No se trata \u00fanicamente de que sus hijos aprendan hablando ingl\u00e9s, sino de acceder a un modelo educativo que priorice la autonom\u00eda, el pensamiento cr\u00edtico y la preparaci\u00f3n real para un entorno universitario y [&hellip;]<\/p>\n","protected":false},"author":1,"featured_media":0,"parent":0,"menu_order":0,"comment_status":"closed","ping_status":"closed","template":"elementor_header_footer","meta":{"footnotes":""},"class_list":["post-9179","page","type-page","status-publish","hentry"],"yoast_head":"<!-- This site is optimized with the Yoast SEO Premium plugin v25.1 (Yoast SEO v27.3) - https:\/\/yoast.com\/product\/yoast-seo-premium-wordpress\/ -->\n<title>El mejor colegio brit\u00e1nico en C\u00f3rdoba \u2013 NABSS<\/title>\n<meta name=\"description\" content=\"Descubre el mejor colegio brit\u00e1nico en C\u00f3rdoba con educaci\u00f3n en ingl\u00e9s, espa\u00f1ol y franc\u00e9s para alumnos de 2 a 18 a\u00f1os, IB Diploma y proyecci\u00f3n global.\" \/>\n<meta name=\"robots\" content=\"index, follow, max-snippet:-1, max-image-preview:large, max-video-preview:-1\" \/>\n<link rel=\"canonical\" href=\"https:\/\/nabss.org\/es\/colegios-britanicos-en-cordoba\/\" \/>\n<meta property=\"og:locale\" content=\"es_ES\" \/>\n<meta property=\"og:type\" content=\"article\" \/>\n<meta property=\"og:title\" content=\"Colegios Brit\u00e1nicos en Cordoba\" \/>\n<meta property=\"og:description\" content=\"Descubre el mejor colegio brit\u00e1nico en C\u00f3rdoba con educaci\u00f3n en ingl\u00e9s, espa\u00f1ol y franc\u00e9s para alumnos de 2 a 18 a\u00f1os, IB Diploma y proyecci\u00f3n global.\" \/>\n<meta property=\"og:url\" content=\"https:\/\/nabss.org\/es\/colegios-britanicos-en-cordoba\/\" \/>\n<meta property=\"og:site_name\" content=\"NABSS\" \/>\n<meta property=\"article:modified_time\" content=\"2026-02-20T12:24:26+00:00\" \/>\n<meta name=\"twitter:card\" content=\"summary_large_image\" \/>\n<meta name=\"twitter:label1\" content=\"Tiempo de lectura\" \/>\n\t<meta name=\"twitter:data1\" content=\"4 minutos\" \/>\n<script type=\"application\/ld+json\" class=\"yoast-schema-graph\">{\"@context\":\"https:\\\/\\\/schema.org\",\"@graph\":[{\"@type\":\"WebPage\",\"@id\":\"https:\\\/\\\/nabss.org\\\/es\\\/colegios-britanicos-en-cordoba\\\/\",\"url\":\"https:\\\/\\\/nabss.org\\\/es\\\/colegios-britanicos-en-cordoba\\\/\",\"name\":\"El mejor colegio brit\u00e1nico en C\u00f3rdoba \u2013 NABSS\",\"isPartOf\":{\"@id\":\"https:\\\/\\\/nabss.org\\\/es\\\/#website\"},\"datePublished\":\"2026-02-19T14:07:41+00:00\",\"dateModified\":\"2026-02-20T12:24:26+00:00\",\"description\":\"Descubre el mejor colegio brit\u00e1nico en C\u00f3rdoba con educaci\u00f3n en ingl\u00e9s, espa\u00f1ol y franc\u00e9s para alumnos de 2 a 18 a\u00f1os, IB Diploma y proyecci\u00f3n global.\",\"breadcrumb\":{\"@id\":\"https:\\\/\\\/nabss.org\\\/es\\\/colegios-britanicos-en-cordoba\\\/#breadcrumb\"},\"inLanguage\":\"es\",\"potentialAction\":[{\"@type\":\"ReadAction\",\"target\":[\"https:\\\/\\\/nabss.org\\\/es\\\/colegios-britanicos-en-cordoba\\\/\"]}]},{\"@type\":\"BreadcrumbList\",\"@id\":\"https:\\\/\\\/nabss.org\\\/es\\\/colegios-britanicos-en-cordoba\\\/#breadcrumb\",\"itemListElement\":[{\"@type\":\"ListItem\",\"position\":1,\"name\":\"Portada\",\"item\":\"https:\\\/\\\/nabss.org\\\/es\\\/\"},{\"@type\":\"ListItem\",\"position\":2,\"name\":\"Colegios Brit\u00e1nicos en Cordoba\"}]},{\"@type\":\"WebSite\",\"@id\":\"https:\\\/\\\/nabss.org\\\/es\\\/#website\",\"url\":\"https:\\\/\\\/nabss.org\\\/es\\\/\",\"name\":\"NABSS\",\"description\":\"Representing the leading British schools in Spain since 1978.\",\"publisher\":{\"@id\":\"https:\\\/\\\/nabss.org\\\/es\\\/#organization\"},\"potentialAction\":[{\"@type\":\"SearchAction\",\"target\":{\"@type\":\"EntryPoint\",\"urlTemplate\":\"https:\\\/\\\/nabss.org\\\/es\\\/?s={search_term_string}\"},\"query-input\":{\"@type\":\"PropertyValueSpecification\",\"valueRequired\":true,\"valueName\":\"search_term_string\"}}],\"inLanguage\":\"es\"},{\"@type\":\"Organization\",\"@id\":\"https:\\\/\\\/nabss.org\\\/es\\\/#organization\",\"name\":\"NABSS\",\"url\":\"https:\\\/\\\/nabss.org\\\/es\\\/\",\"logo\":{\"@type\":\"ImageObject\",\"inLanguage\":\"es\",\"@id\":\"https:\\\/\\\/nabss.org\\\/es\\\/#\\\/schema\\\/logo\\\/image\\\/\",\"url\":\"https:\\\/\\\/nabss.org\\\/wp-content\\\/uploads\\\/2025\\\/08\\\/logo_NABSS_web-1.png\",\"contentUrl\":\"https:\\\/\\\/nabss.org\\\/wp-content\\\/uploads\\\/2025\\\/08\\\/logo_NABSS_web-1.png\",\"width\":700,\"height\":296,\"caption\":\"NABSS\"},\"image\":{\"@id\":\"https:\\\/\\\/nabss.org\\\/es\\\/#\\\/schema\\\/logo\\\/image\\\/\"}}]}<\/script>\n<!-- \/ Yoast SEO Premium plugin. -->","yoast_head_json":{"title":"El mejor colegio brit\u00e1nico en C\u00f3rdoba \u2013 NABSS","description":"Descubre el mejor colegio brit\u00e1nico en C\u00f3rdoba con educaci\u00f3n en ingl\u00e9s, espa\u00f1ol y franc\u00e9s para alumnos de 2 a 18 a\u00f1os, IB Diploma y proyecci\u00f3n global.","robots":{"index":"index","follow":"follow","max-snippet":"max-snippet:-1","max-image-preview":"max-image-preview:large","max-video-preview":"max-video-preview:-1"},"canonical":"https:\/\/nabss.org\/es\/colegios-britanicos-en-cordoba\/","og_locale":"es_ES","og_type":"article","og_title":"Colegios Brit\u00e1nicos en Cordoba","og_description":"Descubre el mejor colegio brit\u00e1nico en C\u00f3rdoba con educaci\u00f3n en ingl\u00e9s, espa\u00f1ol y franc\u00e9s para alumnos de 2 a 18 a\u00f1os, IB Diploma y proyecci\u00f3n global.","og_url":"https:\/\/nabss.org\/es\/colegios-britanicos-en-cordoba\/","og_site_name":"NABSS","article_modified_time":"2026-02-20T12:24:26+00:00","twitter_card":"summary_large_image","twitter_misc":{"Tiempo de lectura":"4 minutos"},"schema":{"@context":"https:\/\/schema.org","@graph":[{"@type":"WebPage","@id":"https:\/\/nabss.org\/es\/colegios-britanicos-en-cordoba\/","url":"https:\/\/nabss.org\/es\/colegios-britanicos-en-cordoba\/","name":"El mejor colegio brit\u00e1nico en C\u00f3rdoba \u2013 NABSS","isPartOf":{"@id":"https:\/\/nabss.org\/es\/#website"},"datePublished":"2026-02-19T14:07:41+00:00","dateModified":"2026-02-20T12:24:26+00:00","description":"Descubre el mejor colegio brit\u00e1nico en C\u00f3rdoba con educaci\u00f3n en ingl\u00e9s, espa\u00f1ol y franc\u00e9s para alumnos de 2 a 18 a\u00f1os, IB Diploma y proyecci\u00f3n global.","breadcrumb":{"@id":"https:\/\/nabss.org\/es\/colegios-britanicos-en-cordoba\/#breadcrumb"},"inLanguage":"es","potentialAction":[{"@type":"ReadAction","target":["https:\/\/nabss.org\/es\/colegios-britanicos-en-cordoba\/"]}]},{"@type":"BreadcrumbList","@id":"https:\/\/nabss.org\/es\/colegios-britanicos-en-cordoba\/#breadcrumb","itemListElement":[{"@type":"ListItem","position":1,"name":"Portada","item":"https:\/\/nabss.org\/es\/"},{"@type":"ListItem","position":2,"name":"Colegios Brit\u00e1nicos en Cordoba"}]},{"@type":"WebSite","@id":"https:\/\/nabss.org\/es\/#website","url":"https:\/\/nabss.org\/es\/","name":"NABSS","description":"Representing the leading British schools in Spain since 1978.","publisher":{"@id":"https:\/\/nabss.org\/es\/#organization"},"potentialAction":[{"@type":"SearchAction","target":{"@type":"EntryPoint","urlTemplate":"https:\/\/nabss.org\/es\/?s={search_term_string}"},"query-input":{"@type":"PropertyValueSpecification","valueRequired":true,"valueName":"search_term_string"}}],"inLanguage":"es"},{"@type":"Organization","@id":"https:\/\/nabss.org\/es\/#organization","name":"NABSS","url":"https:\/\/nabss.org\/es\/","logo":{"@type":"ImageObject","inLanguage":"es","@id":"https:\/\/nabss.org\/es\/#\/schema\/logo\/image\/","url":"https:\/\/nabss.org\/wp-content\/uploads\/2025\/08\/logo_NABSS_web-1.png","contentUrl":"https:\/\/nabss.org\/wp-content\/uploads\/2025\/08\/logo_NABSS_web-1.png","width":700,"height":296,"caption":"NABSS"},"image":{"@id":"https:\/\/nabss.org\/es\/#\/schema\/logo\/image\/"}}]}},"_links":{"self":[{"href":"https:\/\/nabss.org\/es\/wp-json\/wp\/v2\/pages\/9179","targetHints":{"allow":["GET"]}}],"collection":[{"href":"https:\/\/nabss.org\/es\/wp-json\/wp\/v2\/pages"}],"about":[{"href":"https:\/\/nabss.org\/es\/wp-json\/wp\/v2\/types\/page"}],"author":[{"embeddable":true,"href":"https:\/\/nabss.org\/es\/wp-json\/wp\/v2\/users\/1"}],"replies":[{"embeddable":true,"href":"https:\/\/nabss.org\/es\/wp-json\/wp\/v2\/comments?post=9179"}],"version-history":[{"count":12,"href":"https:\/\/nabss.org\/es\/wp-json\/wp\/v2\/pages\/9179\/revisions"}],"predecessor-version":[{"id":9257,"href":"https:\/\/nabss.org\/es\/wp-json\/wp\/v2\/pages\/9179\/revisions\/9257"}],"wp:attachment":[{"href":"https:\/\/nabss.org\/es\/wp-json\/wp\/v2\/media?parent=9179"}],"curies":[{"name":"wp","href":"https:\/\/api.w.org\/{rel}","templated":true}]}}