{"id":9349,"date":"2026-02-24T14:57:30","date_gmt":"2026-02-24T13:57:30","guid":{"rendered":"https:\/\/nabss.org\/?page_id=9349"},"modified":"2026-02-24T16:34:49","modified_gmt":"2026-02-24T15:34:49","slug":"el-mejor-colegio-britanico-en-tenerife-nabss","status":"publish","type":"page","link":"https:\/\/nabss.org\/es\/el-mejor-colegio-britanico-en-tenerife-nabss\/","title":{"rendered":"Colegios Brit\u00e1nicos en Tenerife"},"content":{"rendered":"\t\t<div data-elementor-type=\"wp-page\" data-elementor-id=\"9349\" class=\"elementor elementor-9349 elementor-9348\" data-elementor-post-type=\"page\">\n\t\t\t\t<div class=\"elementor-element elementor-element-e56829c e-con-full e-flex e-con e-child\" data-id=\"e56829c\" data-element_type=\"container\" data-e-type=\"container\" data-settings=\"{&quot;background_background&quot;:&quot;classic&quot;}\">\n\t\t<div class=\"elementor-element elementor-element-22dbebd e-flex e-con-boxed e-con e-child\" data-id=\"22dbebd\" data-element_type=\"container\" data-e-type=\"container\" data-settings=\"{&quot;background_background&quot;:&quot;classic&quot;}\">\n\t\t\t\t\t<div class=\"e-con-inner\">\n\t\t\t\t<div class=\"elementor-element elementor-element-5d38893 elementor-widget__width-initial elementor-widget elementor-widget-heading\" data-id=\"5d38893\" data-element_type=\"widget\" data-e-type=\"widget\" data-widget_type=\"heading.default\">\n\t\t\t\t\t<h1 class=\"elementor-heading-title elementor-size-default\">colegio brit\u00e1nico en Tenerife<\/h1>\t\t\t\t<\/div>\n\t\t\t\t\t<\/div>\n\t\t\t\t<\/div>\n\t\t\t\t<\/div>\n\t\t<div class=\"elementor-element elementor-element-258dff9 e-flex e-con-boxed e-con e-parent\" data-id=\"258dff9\" data-element_type=\"container\" data-e-type=\"container\">\n\t\t\t\t\t<div class=\"e-con-inner\">\n\t\t\t\t<div class=\"elementor-element elementor-element-ecce210 elementor-widget elementor-widget-text-editor\" data-id=\"ecce210\" data-element_type=\"widget\" data-e-type=\"widget\" data-widget_type=\"text-editor.default\">\n\t\t\t\t\t\t\t\t\t<p><span style=\"font-weight: 400;\">La <\/span><b>educaci\u00f3n brit\u00e1nica en Tenerife<\/b><span style=\"font-weight: 400;\"> se ha consolidado como una de las opciones formativas internacionales m\u00e1s valoradas por familias que buscan una ense\u00f1anza de <\/span><b>alta calidad y proyecci\u00f3n global para sus hijos<\/b><span style=\"font-weight: 400;\">. Los <\/span><a href=\"https:\/\/nabss.org\/es\/colegios\/\"><b>colegios brit\u00e1nicos<\/b><\/a><span style=\"font-weight: 400;\"> de la isla siguen el <\/span><b>curr\u00edculo oficial del Reino Unido (National Curriculum for England)<\/b><span style=\"font-weight: 400;\">, estructurado en etapas como <\/span><b>Early Years, Primary, Secondary y Sixth Form<\/b><span style=\"font-weight: 400;\">, y preparan al alumnado para titulaciones reconocidas internacionalmente como los <\/span><b>IGCSE y los A-Levels<\/b><span style=\"font-weight: 400;\">. Este sistema no solo garantiza una <\/span><b>s\u00f3lida base acad\u00e9mica<\/b><span style=\"font-weight: 400;\">, sino que tambi\u00e9n facilita el acceso a <\/span><b>universidades en Espa\u00f1a y en el extranjero<\/b><span style=\"font-weight: 400;\">.<\/span><\/p><p><span style=\"font-weight: 400;\">El <\/span><b>modelo educativo brit\u00e1nico<\/b><span style=\"font-weight: 400;\"> se caracteriza por un enfoque <\/span><b>pr\u00e1ctico, participativo y centrado en el alumno<\/b><span style=\"font-weight: 400;\">. M\u00e1s all\u00e1 de la memorizaci\u00f3n de contenidos, fomenta el <\/span><b>pensamiento cr\u00edtico<\/b><span style=\"font-weight: 400;\">, la <\/span><b>creatividad<\/b><span style=\"font-weight: 400;\">, la <\/span><b>capacidad de an\u00e1lisis<\/b><span style=\"font-weight: 400;\"> y la <\/span><b>autonom\u00eda personal<\/b><span style=\"font-weight: 400;\">. El ingl\u00e9s act\u00faa como <\/span><b>lengua vehicular<\/b><span style=\"font-weight: 400;\">, lo que permite a los estudiantes desarrollar un <\/span><b>dominio acad\u00e9mico avanzado del idioma desde edades tempranas<\/b><span style=\"font-weight: 400;\">. Al mismo tiempo, muchos centros integran contenidos del curr\u00edculo espa\u00f1ol para asegurar la <\/span><b>homologaci\u00f3n de estudios<\/b><span style=\"font-weight: 400;\"> y mantener una formaci\u00f3n equilibrada dentro del contexto nacional.<\/span><\/p><p><span style=\"font-weight: 400;\">En los \u00faltimos a\u00f1os, la <\/span><b>educaci\u00f3n brit\u00e1nica en las Islas Canarias<\/b><span style=\"font-weight: 400;\"> ha experimentado un notable crecimiento. Este auge responde a la creciente internacionalizaci\u00f3n del archipi\u00e9lago, a la presencia de familias extranjeras residentes y al inter\u00e9s de muchas familias espa\u00f1olas por ofrecer a sus hijos una <\/span><b>educaci\u00f3n biling\u00fce e internacional<\/b><span style=\"font-weight: 400;\">.\u00a0<\/span><\/p><p><span style=\"font-weight: 400;\">Si est\u00e1s valorando esta opci\u00f3n para tus hijos, puedes solicitar m\u00e1s informaci\u00f3n en el <\/span><a href=\"https:\/\/nabss.org\/es\/colegios-nabss\/british-school-of-tenerife\/\"><b>British School of Tenerife<\/b><\/a><span style=\"font-weight: 400;\">, donde recibir\u00e1s asesoramiento personalizado sobre su proyecto educativo, etapas formativas y proceso de admisi\u00f3n. Es el primer paso para ofrecerles una <\/span><b>educaci\u00f3n internacional con futuro<\/b><span style=\"font-weight: 400;\">.<\/span><\/p>\t\t\t\t\t\t\t\t<\/div>\n\t\t\t\t\t<\/div>\n\t\t\t\t<\/div>\n\t\t<div class=\"elementor-element elementor-element-423e2fc e-con-full e-flex e-con e-parent\" data-id=\"423e2fc\" data-element_type=\"container\" data-e-type=\"container\" data-settings=\"{&quot;background_background&quot;:&quot;classic&quot;}\">\n\t\t<div class=\"elementor-element elementor-element-b7fba7f e-grid e-con-full e-con e-child\" data-id=\"b7fba7f\" data-element_type=\"container\" data-e-type=\"container\">\n\t\t<div class=\"elementor-element elementor-element-04665e3 e-con-full e-flex e-con e-child\" data-id=\"04665e3\" data-element_type=\"container\" data-e-type=\"container\">\n\t\t<div class=\"elementor-element elementor-element-dd029ee e-con-full e-flex e-con e-child\" data-id=\"dd029ee\" data-element_type=\"container\" data-e-type=\"container\" data-settings=\"{&quot;background_background&quot;:&quot;classic&quot;}\">\n\t\t\t\t<div class=\"elementor-element elementor-element-671a576 elementor-widget elementor-widget-image\" data-id=\"671a576\" data-element_type=\"widget\" data-e-type=\"widget\" data-widget_type=\"image.default\">\n\t\t\t\t\t\t\t\t\t\t\t\t\t\t\t<img decoding=\"async\" width=\"300\" height=\"125\" src=\"https:\/\/nabss.org\/wp-content\/uploads\/2026\/02\/Captura-de-pantalla-2026-02-24-162454-300x125.png\" class=\"attachment-medium size-medium wp-image-9368\" alt=\"\" srcset=\"https:\/\/nabss.org\/wp-content\/uploads\/2026\/02\/Captura-de-pantalla-2026-02-24-162454-300x125.png 300w, https:\/\/nabss.org\/wp-content\/uploads\/2026\/02\/Captura-de-pantalla-2026-02-24-162454.png 442w\" sizes=\"(max-width: 300px) 100vw, 300px\" \/>\t\t\t\t\t\t\t\t\t\t\t\t\t\t\t<\/div>\n\t\t\t\t<\/div>\n\t\t<div class=\"elementor-element elementor-element-0a92e10 e-con-full fondo-gradiante e-flex e-con e-child\" data-id=\"0a92e10\" data-element_type=\"container\" data-e-type=\"container\">\n\t\t\t\t<div class=\"elementor-element elementor-element-74079fa elementor-widget elementor-widget-heading\" data-id=\"74079fa\" data-element_type=\"widget\" data-e-type=\"widget\" data-widget_type=\"heading.default\">\n\t\t\t\t\t<h2 class=\"elementor-heading-title elementor-size-default\">British School of Tenerife<\/h2>\t\t\t\t<\/div>\n\t\t\t\t<div class=\"elementor-element elementor-element-280d1e8 elementor-widget elementor-widget-text-editor\" data-id=\"280d1e8\" data-element_type=\"widget\" data-e-type=\"widget\" data-widget_type=\"text-editor.default\">\n\t\t\t\t\t\t\t\t\t<p><span style=\"font-weight: 400;\">El <\/span><a href=\"https:\/\/nabss.org\/es\/colegios-nabss\/british-school-of-tenerife\/\"><b>British School of Tenerife<\/b><\/a><span style=\"font-weight: 400;\"> es uno de los colegios internacionales de referencia en la isla, ofreciendo un <\/span><b>proyecto educativo integral desde Infantil hasta Sixth Form (A-Levels)<\/b><span style=\"font-weight: 400;\"> basado en el <\/span><b>curr\u00edculo oficial brit\u00e1nico (National Curriculum for England)<\/b><span style=\"font-weight: 400;\">. Su modelo pedag\u00f3gico combina <\/span><b>excelencia acad\u00e9mica, formaci\u00f3n en valores y desarrollo personal<\/b><span style=\"font-weight: 400;\">, preparando a los alumnos no solo para superar con \u00e9xito los <\/span><b>IGCSE y A-Levels<\/b><span style=\"font-weight: 400;\">, sino tambi\u00e9n para acceder a universidades en Espa\u00f1a, Reino Unido y otros destinos internacionales.<\/span><\/p><p><span style=\"font-weight: 400;\">El proyecto educativo del centro se caracteriza por un <\/span><b>aprendizaje activo y personalizado<\/b><span style=\"font-weight: 400;\">, donde el alumnado es el verdadero protagonista del proceso educativo. Las clases fomentan la <\/span><b>participaci\u00f3n, el pensamiento cr\u00edtico, la investigaci\u00f3n y la resoluci\u00f3n de problemas reales<\/b><span style=\"font-weight: 400;\">, alej\u00e1ndose de un modelo puramente memor\u00edstico. El ingl\u00e9s es la <\/span><b>lengua vehicular<\/b><span style=\"font-weight: 400;\">, garantizando una inmersi\u00f3n ling\u00fc\u00edstica aut\u00e9ntica, mientras que el departamento de espa\u00f1ol asegura la integraci\u00f3n de contenidos necesarios para la <\/span><b>homologaci\u00f3n y convalidaci\u00f3n dentro del sistema educativo espa\u00f1ol<\/b><span style=\"font-weight: 400;\">.\u00a0<\/span><\/p><p><span style=\"font-weight: 400;\">Uno de los aspectos que distingue al <\/span><b>British School of Tenerife<\/b><span style=\"font-weight: 400;\"> frente a otros colegios brit\u00e1nicos es su <\/span><b>equilibrio entre tradici\u00f3n brit\u00e1nica e identidad internacional<\/b><span style=\"font-weight: 400;\"> dentro de un entorno cercano y familiar. El colegio promueve valores como el <\/span><b>respeto, la responsabilidad, la tolerancia y el esfuerzo<\/b><span style=\"font-weight: 400;\">, creando una comunidad educativa cohesionada donde cada estudiante recibe <\/span><b>seguimiento individualizado<\/b><span style=\"font-weight: 400;\">. Adem\u00e1s, el centro est\u00e1 sometido a <\/span><b>inspecciones brit\u00e1nicas acreditadas<\/b><span style=\"font-weight: 400;\">, lo que garantiza que los est\u00e1ndares acad\u00e9micos cumplen con los requisitos oficiales del Reino Unido.<\/span><\/p><p><span style=\"font-weight: 400;\">En cuanto a sus <\/span><b>instalaciones<\/b><span style=\"font-weight: 400;\">, el colegio dispone de espacios dise\u00f1ados para favorecer un aprendizaje completo y estimulante. Sus campus en el norte de Tenerife cuentan con <\/span><b>aulas amplias y equipadas tecnol\u00f3gicamente, laboratorios de ciencias, biblioteca, \u00e1reas espec\u00edficas para arte y tecnolog\u00eda, zonas deportivas y patios adaptados a cada etapa educativa<\/b><span style=\"font-weight: 400;\">. Estos espacios permiten combinar la formaci\u00f3n acad\u00e9mica con el desarrollo f\u00edsico y creativo del alumnado. Asimismo, ofrece <\/span><b>actividades extraescolares, programas de enriquecimiento, comedor y transporte escolar<\/b><span style=\"font-weight: 400;\">, facilitando la conciliaci\u00f3n familiar y el crecimiento integral de los estudiantes.<\/span><\/p><p><span style=\"font-weight: 400;\">En conjunto, el <\/span><b>British School of Tenerife<\/b><span style=\"font-weight: 400;\"> destaca por ofrecer una <\/span><b>educaci\u00f3n brit\u00e1nica rigurosa, internacional y personalizada<\/b><span style=\"font-weight: 400;\">, en un entorno seguro y estimulante que prepara a los alumnos para desenvolverse con \u00e9xito en un mundo globalizado.<\/span><\/p>\t\t\t\t\t\t\t\t<\/div>\n\t\t\t\t<\/div>\n\t\t\t\t<\/div>\n\t\t\t\t<\/div>\n\t\t\t\t<\/div>\n\t\t\t\t<\/div>\n\t\t","protected":false},"excerpt":{"rendered":"<p>colegio brit\u00e1nico en Tenerife La educaci\u00f3n brit\u00e1nica en Tenerife se ha consolidado como una de las opciones formativas internacionales m\u00e1s valoradas por familias que buscan una ense\u00f1anza de alta calidad y proyecci\u00f3n global para sus hijos. Los colegios brit\u00e1nicos de la isla siguen el curr\u00edculo oficial del Reino Unido (National Curriculum for England), estructurado en [&hellip;]<\/p>\n","protected":false},"author":1,"featured_media":0,"parent":0,"menu_order":0,"comment_status":"closed","ping_status":"closed","template":"elementor_header_footer","meta":{"footnotes":""},"class_list":["post-9349","page","type-page","status-publish","hentry"],"yoast_head":"<!-- This site is optimized with the Yoast SEO Premium plugin v25.1 (Yoast SEO v27.1.1) - https:\/\/yoast.com\/product\/yoast-seo-premium-wordpress\/ -->\n<title>El mejor colegio brit\u00e1nico en Tenerife \u2013 NABSS<\/title>\n<meta name=\"description\" content=\"Apunta a tus hijos al British School of Tenerife, un colegio brit\u00e1nico en Tenerife basado en el curr\u00edculo oficial brit\u00e1nico (National Curriculum).\" \/>\n<meta name=\"robots\" content=\"index, follow, max-snippet:-1, max-image-preview:large, max-video-preview:-1\" \/>\n<link rel=\"canonical\" href=\"https:\/\/nabss.org\/es\/el-mejor-colegio-britanico-en-tenerife-nabss\/\" \/>\n<meta property=\"og:locale\" content=\"es_ES\" \/>\n<meta property=\"og:type\" content=\"article\" \/>\n<meta property=\"og:title\" content=\"Colegios Brit\u00e1nicos en Tenerife\" \/>\n<meta property=\"og:description\" content=\"Apunta a tus hijos al British School of Tenerife, un colegio brit\u00e1nico en Tenerife basado en el curr\u00edculo oficial brit\u00e1nico (National Curriculum).\" \/>\n<meta property=\"og:url\" content=\"https:\/\/nabss.org\/es\/el-mejor-colegio-britanico-en-tenerife-nabss\/\" \/>\n<meta property=\"og:site_name\" content=\"NABSS\" \/>\n<meta property=\"article:modified_time\" content=\"2026-02-24T15:34:49+00:00\" \/>\n<meta property=\"og:image\" content=\"https:\/\/nabss.org\/wp-content\/uploads\/2026\/02\/Captura-de-pantalla-2026-02-24-162454-300x125.png\" \/>\n<meta name=\"twitter:card\" content=\"summary_large_image\" \/>\n<meta name=\"twitter:label1\" content=\"Tiempo de lectura\" \/>\n\t<meta name=\"twitter:data1\" content=\"4 minutos\" \/>\n<script type=\"application\/ld+json\" class=\"yoast-schema-graph\">{\"@context\":\"https:\/\/schema.org\",\"@graph\":[{\"@type\":\"WebPage\",\"@id\":\"https:\/\/nabss.org\/es\/el-mejor-colegio-britanico-en-tenerife-nabss\/\",\"url\":\"https:\/\/nabss.org\/es\/el-mejor-colegio-britanico-en-tenerife-nabss\/\",\"name\":\"El mejor colegio brit\u00e1nico en Tenerife \u2013 NABSS\",\"isPartOf\":{\"@id\":\"https:\/\/nabss.org\/es\/#website\"},\"primaryImageOfPage\":{\"@id\":\"https:\/\/nabss.org\/es\/el-mejor-colegio-britanico-en-tenerife-nabss\/#primaryimage\"},\"image\":{\"@id\":\"https:\/\/nabss.org\/es\/el-mejor-colegio-britanico-en-tenerife-nabss\/#primaryimage\"},\"thumbnailUrl\":\"https:\/\/nabss.org\/wp-content\/uploads\/2026\/02\/Captura-de-pantalla-2026-02-24-162454-300x125.png\",\"datePublished\":\"2026-02-24T13:57:30+00:00\",\"dateModified\":\"2026-02-24T15:34:49+00:00\",\"description\":\"Apunta a tus hijos al British School of Tenerife, un colegio brit\u00e1nico en Tenerife basado en el curr\u00edculo oficial brit\u00e1nico (National Curriculum).\",\"breadcrumb\":{\"@id\":\"https:\/\/nabss.org\/es\/el-mejor-colegio-britanico-en-tenerife-nabss\/#breadcrumb\"},\"inLanguage\":\"es\",\"potentialAction\":[{\"@type\":\"ReadAction\",\"target\":[\"https:\/\/nabss.org\/es\/el-mejor-colegio-britanico-en-tenerife-nabss\/\"]}]},{\"@type\":\"ImageObject\",\"inLanguage\":\"es\",\"@id\":\"https:\/\/nabss.org\/es\/el-mejor-colegio-britanico-en-tenerife-nabss\/#primaryimage\",\"url\":\"https:\/\/nabss.org\/wp-content\/uploads\/2026\/02\/Captura-de-pantalla-2026-02-24-162454-300x125.png\",\"contentUrl\":\"https:\/\/nabss.org\/wp-content\/uploads\/2026\/02\/Captura-de-pantalla-2026-02-24-162454-300x125.png\"},{\"@type\":\"BreadcrumbList\",\"@id\":\"https:\/\/nabss.org\/es\/el-mejor-colegio-britanico-en-tenerife-nabss\/#breadcrumb\",\"itemListElement\":[{\"@type\":\"ListItem\",\"position\":1,\"name\":\"Portada\",\"item\":\"https:\/\/nabss.org\/es\/\"},{\"@type\":\"ListItem\",\"position\":2,\"name\":\"Colegios Brit\u00e1nicos en Tenerife\"}]},{\"@type\":\"WebSite\",\"@id\":\"https:\/\/nabss.org\/es\/#website\",\"url\":\"https:\/\/nabss.org\/es\/\",\"name\":\"NABSS\",\"description\":\"Representing the leading British schools in Spain since 1978.\",\"publisher\":{\"@id\":\"https:\/\/nabss.org\/es\/#organization\"},\"potentialAction\":[{\"@type\":\"SearchAction\",\"target\":{\"@type\":\"EntryPoint\",\"urlTemplate\":\"https:\/\/nabss.org\/es\/?s={search_term_string}\"},\"query-input\":{\"@type\":\"PropertyValueSpecification\",\"valueRequired\":true,\"valueName\":\"search_term_string\"}}],\"inLanguage\":\"es\"},{\"@type\":\"Organization\",\"@id\":\"https:\/\/nabss.org\/es\/#organization\",\"name\":\"NABSS\",\"url\":\"https:\/\/nabss.org\/es\/\",\"logo\":{\"@type\":\"ImageObject\",\"inLanguage\":\"es\",\"@id\":\"https:\/\/nabss.org\/es\/#\/schema\/logo\/image\/\",\"url\":\"https:\/\/nabss.org\/wp-content\/uploads\/2025\/08\/logo_NABSS_web-1.png\",\"contentUrl\":\"https:\/\/nabss.org\/wp-content\/uploads\/2025\/08\/logo_NABSS_web-1.png\",\"width\":700,\"height\":296,\"caption\":\"NABSS\"},\"image\":{\"@id\":\"https:\/\/nabss.org\/es\/#\/schema\/logo\/image\/\"}}]}<\/script>\n<!-- \/ Yoast SEO Premium plugin. -->","yoast_head_json":{"title":"El mejor colegio brit\u00e1nico en Tenerife \u2013 NABSS","description":"Apunta a tus hijos al British School of Tenerife, un colegio brit\u00e1nico en Tenerife basado en el curr\u00edculo oficial brit\u00e1nico (National Curriculum).","robots":{"index":"index","follow":"follow","max-snippet":"max-snippet:-1","max-image-preview":"max-image-preview:large","max-video-preview":"max-video-preview:-1"},"canonical":"https:\/\/nabss.org\/es\/el-mejor-colegio-britanico-en-tenerife-nabss\/","og_locale":"es_ES","og_type":"article","og_title":"Colegios Brit\u00e1nicos en Tenerife","og_description":"Apunta a tus hijos al British School of Tenerife, un colegio brit\u00e1nico en Tenerife basado en el curr\u00edculo oficial brit\u00e1nico (National Curriculum).","og_url":"https:\/\/nabss.org\/es\/el-mejor-colegio-britanico-en-tenerife-nabss\/","og_site_name":"NABSS","article_modified_time":"2026-02-24T15:34:49+00:00","og_image":[{"url":"https:\/\/nabss.org\/wp-content\/uploads\/2026\/02\/Captura-de-pantalla-2026-02-24-162454-300x125.png","type":"","width":"","height":""}],"twitter_card":"summary_large_image","twitter_misc":{"Tiempo de lectura":"4 minutos"},"schema":{"@context":"https:\/\/schema.org","@graph":[{"@type":"WebPage","@id":"https:\/\/nabss.org\/es\/el-mejor-colegio-britanico-en-tenerife-nabss\/","url":"https:\/\/nabss.org\/es\/el-mejor-colegio-britanico-en-tenerife-nabss\/","name":"El mejor colegio brit\u00e1nico en Tenerife \u2013 NABSS","isPartOf":{"@id":"https:\/\/nabss.org\/es\/#website"},"primaryImageOfPage":{"@id":"https:\/\/nabss.org\/es\/el-mejor-colegio-britanico-en-tenerife-nabss\/#primaryimage"},"image":{"@id":"https:\/\/nabss.org\/es\/el-mejor-colegio-britanico-en-tenerife-nabss\/#primaryimage"},"thumbnailUrl":"https:\/\/nabss.org\/wp-content\/uploads\/2026\/02\/Captura-de-pantalla-2026-02-24-162454-300x125.png","datePublished":"2026-02-24T13:57:30+00:00","dateModified":"2026-02-24T15:34:49+00:00","description":"Apunta a tus hijos al British School of Tenerife, un colegio brit\u00e1nico en Tenerife basado en el curr\u00edculo oficial brit\u00e1nico (National Curriculum).","breadcrumb":{"@id":"https:\/\/nabss.org\/es\/el-mejor-colegio-britanico-en-tenerife-nabss\/#breadcrumb"},"inLanguage":"es","potentialAction":[{"@type":"ReadAction","target":["https:\/\/nabss.org\/es\/el-mejor-colegio-britanico-en-tenerife-nabss\/"]}]},{"@type":"ImageObject","inLanguage":"es","@id":"https:\/\/nabss.org\/es\/el-mejor-colegio-britanico-en-tenerife-nabss\/#primaryimage","url":"https:\/\/nabss.org\/wp-content\/uploads\/2026\/02\/Captura-de-pantalla-2026-02-24-162454-300x125.png","contentUrl":"https:\/\/nabss.org\/wp-content\/uploads\/2026\/02\/Captura-de-pantalla-2026-02-24-162454-300x125.png"},{"@type":"BreadcrumbList","@id":"https:\/\/nabss.org\/es\/el-mejor-colegio-britanico-en-tenerife-nabss\/#breadcrumb","itemListElement":[{"@type":"ListItem","position":1,"name":"Portada","item":"https:\/\/nabss.org\/es\/"},{"@type":"ListItem","position":2,"name":"Colegios Brit\u00e1nicos en Tenerife"}]},{"@type":"WebSite","@id":"https:\/\/nabss.org\/es\/#website","url":"https:\/\/nabss.org\/es\/","name":"NABSS","description":"Representing the leading British schools in Spain since 1978.","publisher":{"@id":"https:\/\/nabss.org\/es\/#organization"},"potentialAction":[{"@type":"SearchAction","target":{"@type":"EntryPoint","urlTemplate":"https:\/\/nabss.org\/es\/?s={search_term_string}"},"query-input":{"@type":"PropertyValueSpecification","valueRequired":true,"valueName":"search_term_string"}}],"inLanguage":"es"},{"@type":"Organization","@id":"https:\/\/nabss.org\/es\/#organization","name":"NABSS","url":"https:\/\/nabss.org\/es\/","logo":{"@type":"ImageObject","inLanguage":"es","@id":"https:\/\/nabss.org\/es\/#\/schema\/logo\/image\/","url":"https:\/\/nabss.org\/wp-content\/uploads\/2025\/08\/logo_NABSS_web-1.png","contentUrl":"https:\/\/nabss.org\/wp-content\/uploads\/2025\/08\/logo_NABSS_web-1.png","width":700,"height":296,"caption":"NABSS"},"image":{"@id":"https:\/\/nabss.org\/es\/#\/schema\/logo\/image\/"}}]}},"_links":{"self":[{"href":"https:\/\/nabss.org\/es\/wp-json\/wp\/v2\/pages\/9349","targetHints":{"allow":["GET"]}}],"collection":[{"href":"https:\/\/nabss.org\/es\/wp-json\/wp\/v2\/pages"}],"about":[{"href":"https:\/\/nabss.org\/es\/wp-json\/wp\/v2\/types\/page"}],"author":[{"embeddable":true,"href":"https:\/\/nabss.org\/es\/wp-json\/wp\/v2\/users\/1"}],"replies":[{"embeddable":true,"href":"https:\/\/nabss.org\/es\/wp-json\/wp\/v2\/comments?post=9349"}],"version-history":[{"count":10,"href":"https:\/\/nabss.org\/es\/wp-json\/wp\/v2\/pages\/9349\/revisions"}],"predecessor-version":[{"id":9381,"href":"https:\/\/nabss.org\/es\/wp-json\/wp\/v2\/pages\/9349\/revisions\/9381"}],"wp:attachment":[{"href":"https:\/\/nabss.org\/es\/wp-json\/wp\/v2\/media?parent=9349"}],"curies":[{"name":"wp","href":"https:\/\/api.w.org\/{rel}","templated":true}]}}